{"id":730,"date":"2024-08-01T22:49:27","date_gmt":"2024-08-01T21:49:27","guid":{"rendered":"https:\/\/varskaoriginaal.ee\/?page_id=730"},"modified":"2024-10-01T12:26:05","modified_gmt":"2024-10-01T11:26:05","slug":"apelsini-varska","status":"publish","type":"page","link":"https:\/\/varskaoriginaal.ee\/en\/retseptid\/apelsini-varska\/","title":{"rendered":"Orange V\u00e4rska"},"content":{"rendered":"<div id=\"pl-730\"  class=\"panel-layout\" ><div id=\"pg-730-0\"  class=\"panel-grid panel-has-style\" ><div class=\"lsow-dark-bg panel-row-style panel-row-style-for-730-0\" ><div id=\"pgc-730-0-0\"  class=\"panel-grid-cell\" ><div id=\"panel-730-0-0-0\" class=\"so-panel widget widget_siteorigin-panels-builder panel-first-child panel-last-child\" data-index=\"0\" ><div class=\"container panel-widget-style panel-widget-style-for-730-0-0-0\" ><div id=\"pl-w66fbdc4d28384\"  class=\"panel-layout\" ><div id=\"pg-w66fbdc4d28384-0\"  class=\"panel-grid panel-no-style\" ><div id=\"pgc-w66fbdc4d28384-0-0\"  class=\"panel-grid-cell\" ><div id=\"panel-w66fbdc4d28384-0-0-0\" class=\"so-panel widget widget_sow-editor panel-first-child panel-last-child\" data-index=\"0\" ><div class=\"Single-product-hero-secction-page panel-widget-style panel-widget-style-for-w66fbdc4d28384-0-0-0\" ><div\n\t\t\t\n\t\t\tclass=\"so-widget-sow-editor so-widget-sow-editor-base\"\n\t\t\t\n\t\t>\n<div class=\"siteorigin-widget-tinymce textwidget\">\n\t<p><a href=\"https:\/\/varskaoriginaal.ee\/en\/retseptid\/\"><strong>K\u00f5ik retseptid<\/strong><\/a><\/p>\n<h1>Orange V\u00e4rska<\/h1>\n<p>\u2022 1 orange<br \/>\n\u2022 200 mL orange juice<br \/>\n\u2022 100 mL grapefruit juice<br \/>\n\u2022 200 mL V\u00e4rska Originaal<\/p>\n<p>Instructions<\/p>\n<p>1. Slice the orange and put in two glasses. \n2. Add juices and V\u00e4rska Originaal<\/p>\n<\/div>\n<\/div><\/div><\/div><\/div><div id=\"pgc-w66fbdc4d28384-0-1\"  class=\"panel-grid-cell\" ><div id=\"panel-w66fbdc4d28384-0-1-0\" class=\"widget_text so-panel widget widget_custom_html panel-first-child panel-last-child\" data-index=\"1\" ><div class=\"widget_text bottle-slider-vrticle panel-widget-style panel-widget-style-for-w66fbdc4d28384-0-1-0\" ><div class=\"textwidget custom-html-widget\"><div class=\"retsept-varska-bottle-selector\">\n    <div class=\"retsept-varska-bottle-container\">\n         <!-- First Photo -->\n        <img decoding=\"async\" src=\"https:\/\/varskaoriginaal.ee\/wp-content\/uploads\/2024\/09\/apelsini_varska.jpg\">\n    <\/div>\n\n    <div class=\"retsept-varska-volume-selector\">\n        <button class=\"retsept-varska-arrow retsept-varska-arrow-up\" onclick=\"changeSlide(-1)\"><img decoding=\"async\" src=\"https:\/\/varskaoriginaal.ee\/wp-content\/uploads\/2024\/07\/Group-1226.svg\"><\/button>\n        \n        <!-- Current Slide Indicator -->\n         <div class=\"retsept-slider-number\">\n\t\t\t\t\t  <span id=\"current-slide\">1<\/span><strong>\/1<\/strong>\n\t\t\t<\/div>\n       \n        \n        <button class=\"retsept-varska-arrow retsept-varska-arrow-down\" onclick=\"changeSlide(1)\"><img decoding=\"async\" src=\"https:\/\/varskaoriginaal.ee\/wp-content\/uploads\/2024\/07\/Component-30-\u2013-1.svg\"><\/button>\n    <\/div>\n<\/div><\/div><\/div><\/div><\/div><\/div><\/div><\/div><\/div><\/div><\/div><\/div><div id=\"pg-730-1\"  class=\"panel-grid panel-has-style\" ><div class=\"panel-row-style panel-row-style-for-730-1\" ><div id=\"pgc-730-1-0\"  class=\"panel-grid-cell\" ><div id=\"panel-730-1-0-0\" class=\"so-panel widget widget_siteorigin-panels-builder panel-first-child panel-last-child\" data-index=\"1\" ><div class=\"container panel-widget-style panel-widget-style-for-730-1-0-0\" ><div id=\"pl-w66bd2296128fc\"  class=\"panel-layout\" ><div id=\"pg-w66bd2296128fc-0\"  class=\"panel-grid panel-no-style\" ><div id=\"pgc-w66bd2296128fc-0-0\"  class=\"panel-grid-cell\" ><div id=\"panel-w66bd2296128fc-0-0-0\" class=\"so-panel widget widget_sow-editor panel-first-child panel-last-child\" data-index=\"0\" ><div class=\"Vaata-heading-slider-single-pdp panel-widget-style panel-widget-style-for-w66bd2296128fc-0-0-0\" ><div\n\t\t\t\n\t\t\tclass=\"so-widget-sow-editor so-widget-sow-editor-base\"\n\t\t\t\n\t\t>\n<div class=\"siteorigin-widget-tinymce textwidget\">\n\t<h2>Vaata ka teisi retsepte<\/h2>\n<\/div>\n<\/div><\/div><\/div><\/div><\/div><div id=\"pg-w66bd2296128fc-1\"  class=\"panel-grid panel-no-style\" ><div id=\"pgc-w66bd2296128fc-1-0\"  class=\"panel-grid-cell\" ><div id=\"panel-w66bd2296128fc-1-0-0\" class=\"widget_text so-panel widget widget_custom_html panel-first-child panel-last-child\" data-index=\"1\" ><div class=\"widget_text pdp-Maasika-slider-btm panel-widget-style panel-widget-style-for-w66bd2296128fc-1-0-0\" ><div class=\"textwidget custom-html-widget\"><style>\n.pdp-Maasika-slider-btm .pdp-single-bottle-slider img {\n    height: auto;\n}\n\n<\/style>\n\n<!-- Slider main container -->\n<div class=\"swiper\" id=\"single-pdp-sp-retseptid\" >\n  <!-- Additional required wrapper -->\n  <div class=\"swiper-wrapper\">\n    <!-- Slides -->\n    <div class=\"swiper-slide\">\n\t\t<div class=\"pdp-single-retsepte-slider\">\n\t\t\t<a href=\"https:\/\/varskaoriginaal.ee\/en\/retseptid\/varska-originaal\/\">\n\t\t\t<img decoding=\"async\" src=\"https:\/\/varskaoriginaal.ee\/wp-content\/uploads\/2024\/07\/varska-kohv-lauraoro-web.png\" alt=\"\">\n\t\t\t<h3>\n\t\t\t\tV\u00e4rska Original\n\t\t\t<\/h3>\n\t\t\t\t<\/a>\n\t\t\t<\/div>\n\t\t<\/div>\n    <div class=\"swiper-slide\">\n\t\t<div class=\"pdp-single-retsepte-slider\">\n\t\t\t<a href=\"https:\/\/varskaoriginaal.ee\/en\/retseptid\/varska-maasika-2\/\">\n\t\t\t<img decoding=\"async\" src=\"https:\/\/varskaoriginaal.ee\/wp-content\/uploads\/2024\/07\/varska-maasika-lauraoro-web.png\" alt=\"\">\n\t\t\t<h3>\n\t\t\t\tV\u00e4rska strawberry\n\t\t\t<\/h3>\n\t\t\t\t<\/a>\n\t\t\t<\/div>\n\t\t<\/div>\n    <div class=\"swiper-slide\">\n\t\t\t<div class=\"pdp-single-retsepte-slider\">\n\t\t\t\t<a href=\"https:\/\/varskaoriginaal.ee\/en\/retseptid\/varska-troopiline\/\">\n\t\t\t<img decoding=\"async\" src=\"https:\/\/varskaoriginaal.ee\/wp-content\/uploads\/2024\/07\/varska-troopiline-lauraoro-web.png\" alt=\"\">\n\t\t\t<h3>\n\t\t\t\tTropical V\u00e4rska\n\t\t\t<\/h3>\n\t\t\t\t<\/a>\n\t\t\t<\/div>\n\t\t<\/div>\n\t\t    <div class=\"swiper-slide\">\n\t\t\t<div class=\"pdp-single-retsepte-slider\">\n\t\t\t\t<a href=\"https:\/\/varskaoriginaal.ee\/en\/retseptid\/kookose-varska\/\">\n\t\t\t<img decoding=\"async\" src=\"https:\/\/varskaoriginaal.ee\/wp-content\/uploads\/2024\/07\/Kookose-Varska.png\" alt=\"\">\n\t\t\t<h3>\n\t\t\t\tCoconut V\u00e4rska\n\t\t\t<\/h3>\n\t\t\t\t\t<\/a>\n\t\t\t<\/div>\n\t\t<\/div>\n\t\t    <div class=\"swiper-slide\">\n\t\t\t<div class=\"pdp-single-retsepte-slider\">\n\t\t\t\t<a href=\"https:\/\/varskaoriginaal.ee\/en\/retseptid\/varska-originaal\/\">\n\t\t\t<img decoding=\"async\" src=\"https:\/\/varskaoriginaal.ee\/wp-content\/uploads\/2024\/07\/varska-kohv-lauraoro-web.png\" alt=\"\">\n\t\t\t<h3>\n\t\t\t\tV\u00e4rska Original\n\t\t\t<\/h3>\n\t\t\t\t\t<\/a>\n\t\t\t<\/div>\n\t\t<\/div>\n  <\/div>\n<\/div>\n  <!-- If we need navigation buttons -->\n  <div class=\"swiper-button-prev\"><\/div>\n  <div class=\"swiper-button-next\"><\/div><\/div><\/div><\/div><\/div><\/div><\/div><\/div><\/div><\/div><\/div><\/div><\/div>","protected":false},"excerpt":{"rendered":"<p>K\u00f5ik retseptid Apelsini V\u00e4rska \u2022 1 apelsin \u2022 200 ml apelsinimahla \u2022 100 ml greibimahla \u2022 200 ml V\u00e4rska Originaali [&hellip;]<\/p>\n","protected":false},"author":5,"featured_media":0,"parent":292,"menu_order":0,"comment_status":"closed","ping_status":"closed","template":"","meta":{"inline_featured_image":false,"site-sidebar-layout":"no-sidebar","site-content-layout":"","ast-site-content-layout":"full-width-container","site-content-style":"default","site-sidebar-style":"default","ast-global-header-display":"","ast-banner-title-visibility":"","ast-main-header-display":"","ast-hfb-above-header-display":"","ast-hfb-below-header-display":"","ast-hfb-mobile-header-display":"","site-post-title":"disabled","ast-breadcrumbs-content":"","ast-featured-img":"","footer-sml-layout":"","ast-disable-related-posts":"","theme-transparent-header-meta":"default","adv-header-id-meta":"","stick-header-meta":"enabled","header-above-stick-meta":"","header-main-stick-meta":"on","header-below-stick-meta":"","astra-migrate-meta-layouts":"set","ast-page-background-enabled":"default","ast-page-background-meta":{"desktop":{"background-color":"var(--ast-global-color-4)","background-image":"","background-repeat":"repeat","background-position":"center center","background-size":"auto","background-attachment":"scroll","background-type":"","background-media":"","overlay-type":"","overlay-color":"","overlay-opacity":"","overlay-gradient":""},"tablet":{"background-color":"","background-image":"","background-repeat":"repeat","background-position":"center center","background-size":"auto","background-attachment":"scroll","background-type":"","background-media":"","overlay-type":"","overlay-color":"","overlay-opacity":"","overlay-gradient":""},"mobile":{"background-color":"","background-image":"","background-repeat":"repeat","background-position":"center center","background-size":"auto","background-attachment":"scroll","background-type":"","background-media":"","overlay-type":"","overlay-color":"","overlay-opacity":"","overlay-gradient":""}},"ast-content-background-meta":{"desktop":{"background-color":"var(--ast-global-color-5)","background-image":"","background-repeat":"repeat","background-position":"center center","background-size":"auto","background-attachment":"scroll","background-type":"","background-media":"","overlay-type":"","overlay-color":"","overlay-opacity":"","overlay-gradient":""},"tablet":{"background-color":"var(--ast-global-color-5)","background-image":"","background-repeat":"repeat","background-position":"center center","background-size":"auto","background-attachment":"scroll","background-type":"","background-media":"","overlay-type":"","overlay-color":"","overlay-opacity":"","overlay-gradient":""},"mobile":{"background-color":"var(--ast-global-color-5)","background-image":"","background-repeat":"repeat","background-position":"center center","background-size":"auto","background-attachment":"scroll","background-type":"","background-media":"","overlay-type":"","overlay-color":"","overlay-opacity":"","overlay-gradient":""}},"footnotes":""},"class_list":["post-730","page","type-page","status-publish","hentry"],"yoast_head":"<!-- This site is optimized with the Yoast SEO plugin v27.3 - https:\/\/yoast.com\/product\/yoast-seo-wordpress\/ -->\n<title>Apelsini V\u00e4rska - V\u00e4rska Originaal<\/title>\n<meta name=\"robots\" content=\"index, follow, max-snippet:-1, max-image-preview:large, max-video-preview:-1\" \/>\n<link rel=\"canonical\" href=\"https:\/\/varskaoriginaal.ee\/en\/retseptid\/apelsini-varska\/\" \/>\n<meta property=\"og:locale\" content=\"en_US\" \/>\n<meta property=\"og:type\" content=\"article\" \/>\n<meta property=\"og:title\" content=\"Apelsini V\u00e4rska - V\u00e4rska Originaal\" \/>\n<meta property=\"og:description\" content=\"K\u00f5ik retseptid Apelsini V\u00e4rska \u2022 1 apelsin \u2022 200 ml apelsinimahla \u2022 100 ml greibimahla \u2022 200 ml V\u00e4rska Originaali [&hellip;]\" \/>\n<meta property=\"og:url\" content=\"https:\/\/varskaoriginaal.ee\/en\/retseptid\/apelsini-varska\/\" \/>\n<meta property=\"og:site_name\" content=\"V\u00e4rska Originaal\" \/>\n<meta property=\"article:modified_time\" content=\"2024-10-01T11:26:05+00:00\" \/>\n<meta name=\"twitter:card\" content=\"summary_large_image\" \/>\n<script type=\"application\/ld+json\" class=\"yoast-schema-graph\">{\"@context\":\"https:\\\/\\\/schema.org\",\"@graph\":[{\"@type\":\"WebPage\",\"@id\":\"https:\\\/\\\/varskaoriginaal.ee\\\/retseptid\\\/apelsini-varska\\\/\",\"url\":\"https:\\\/\\\/varskaoriginaal.ee\\\/retseptid\\\/apelsini-varska\\\/\",\"name\":\"Apelsini V\u00e4rska - V\u00e4rska Originaal\",\"isPartOf\":{\"@id\":\"https:\\\/\\\/varskaoriginaal.ee\\\/en\\\/#website\"},\"datePublished\":\"2024-08-01T21:49:27+00:00\",\"dateModified\":\"2024-10-01T11:26:05+00:00\",\"breadcrumb\":{\"@id\":\"https:\\\/\\\/varskaoriginaal.ee\\\/retseptid\\\/apelsini-varska\\\/#breadcrumb\"},\"inLanguage\":\"en-US\",\"potentialAction\":[{\"@type\":\"ReadAction\",\"target\":[\"https:\\\/\\\/varskaoriginaal.ee\\\/retseptid\\\/apelsini-varska\\\/\"]}]},{\"@type\":\"BreadcrumbList\",\"@id\":\"https:\\\/\\\/varskaoriginaal.ee\\\/retseptid\\\/apelsini-varska\\\/#breadcrumb\",\"itemListElement\":[{\"@type\":\"ListItem\",\"position\":1,\"name\":\"Home\",\"item\":\"https:\\\/\\\/varskaoriginaal.ee\\\/\"},{\"@type\":\"ListItem\",\"position\":2,\"name\":\"Retseptid\",\"item\":\"https:\\\/\\\/varskaoriginaal.ee\\\/retseptid\\\/\"},{\"@type\":\"ListItem\",\"position\":3,\"name\":\"Apelsini V\u00e4rska\"}]},{\"@type\":\"WebSite\",\"@id\":\"https:\\\/\\\/varskaoriginaal.ee\\\/en\\\/#website\",\"url\":\"https:\\\/\\\/varskaoriginaal.ee\\\/en\\\/\",\"name\":\"V\u00e4rska Originaal\",\"description\":\"V\u00e4rska Originaal\",\"publisher\":{\"@id\":\"https:\\\/\\\/varskaoriginaal.ee\\\/en\\\/#organization\"},\"potentialAction\":[{\"@type\":\"SearchAction\",\"target\":{\"@type\":\"EntryPoint\",\"urlTemplate\":\"https:\\\/\\\/varskaoriginaal.ee\\\/en\\\/?s={search_term_string}\"},\"query-input\":{\"@type\":\"PropertyValueSpecification\",\"valueRequired\":true,\"valueName\":\"search_term_string\"}}],\"inLanguage\":\"en-US\"},{\"@type\":\"Organization\",\"@id\":\"https:\\\/\\\/varskaoriginaal.ee\\\/en\\\/#organization\",\"name\":\"V\u00e4rska Originaal\",\"url\":\"https:\\\/\\\/varskaoriginaal.ee\\\/en\\\/\",\"logo\":{\"@type\":\"ImageObject\",\"inLanguage\":\"en-US\",\"@id\":\"https:\\\/\\\/varskaoriginaal.ee\\\/en\\\/#\\\/schema\\\/logo\\\/image\\\/\",\"url\":\"https:\\\/\\\/varskaoriginaal.ee\\\/wp-content\\\/uploads\\\/2024\\\/07\\\/Group-4.svg\",\"contentUrl\":\"https:\\\/\\\/varskaoriginaal.ee\\\/wp-content\\\/uploads\\\/2024\\\/07\\\/Group-4.svg\",\"width\":81,\"height\":55,\"caption\":\"V\u00e4rska Originaal\"},\"image\":{\"@id\":\"https:\\\/\\\/varskaoriginaal.ee\\\/en\\\/#\\\/schema\\\/logo\\\/image\\\/\"}}]}<\/script>\n<!-- \/ Yoast SEO plugin. -->","yoast_head_json":{"title":"Apelsini V\u00e4rska - V\u00e4rska Originaal","robots":{"index":"index","follow":"follow","max-snippet":"max-snippet:-1","max-image-preview":"max-image-preview:large","max-video-preview":"max-video-preview:-1"},"canonical":"https:\/\/varskaoriginaal.ee\/en\/retseptid\/apelsini-varska\/","og_locale":"en_US","og_type":"article","og_title":"Apelsini V\u00e4rska - V\u00e4rska Originaal","og_description":"K\u00f5ik retseptid Apelsini V\u00e4rska \u2022 1 apelsin \u2022 200 ml apelsinimahla \u2022 100 ml greibimahla \u2022 200 ml V\u00e4rska Originaali [&hellip;]","og_url":"https:\/\/varskaoriginaal.ee\/en\/retseptid\/apelsini-varska\/","og_site_name":"V\u00e4rska Originaal","article_modified_time":"2024-10-01T11:26:05+00:00","twitter_card":"summary_large_image","schema":{"@context":"https:\/\/schema.org","@graph":[{"@type":"WebPage","@id":"https:\/\/varskaoriginaal.ee\/retseptid\/apelsini-varska\/","url":"https:\/\/varskaoriginaal.ee\/retseptid\/apelsini-varska\/","name":"Apelsini V\u00e4rska - V\u00e4rska Originaal","isPartOf":{"@id":"https:\/\/varskaoriginaal.ee\/en\/#website"},"datePublished":"2024-08-01T21:49:27+00:00","dateModified":"2024-10-01T11:26:05+00:00","breadcrumb":{"@id":"https:\/\/varskaoriginaal.ee\/retseptid\/apelsini-varska\/#breadcrumb"},"inLanguage":"en-US","potentialAction":[{"@type":"ReadAction","target":["https:\/\/varskaoriginaal.ee\/retseptid\/apelsini-varska\/"]}]},{"@type":"BreadcrumbList","@id":"https:\/\/varskaoriginaal.ee\/retseptid\/apelsini-varska\/#breadcrumb","itemListElement":[{"@type":"ListItem","position":1,"name":"Home","item":"https:\/\/varskaoriginaal.ee\/"},{"@type":"ListItem","position":2,"name":"Retseptid","item":"https:\/\/varskaoriginaal.ee\/retseptid\/"},{"@type":"ListItem","position":3,"name":"Apelsini V\u00e4rska"}]},{"@type":"WebSite","@id":"https:\/\/varskaoriginaal.ee\/en\/#website","url":"https:\/\/varskaoriginaal.ee\/en\/","name":"V\u00e4rska Original","description":"V\u00e4rska Original","publisher":{"@id":"https:\/\/varskaoriginaal.ee\/en\/#organization"},"potentialAction":[{"@type":"SearchAction","target":{"@type":"EntryPoint","urlTemplate":"https:\/\/varskaoriginaal.ee\/en\/?s={search_term_string}"},"query-input":{"@type":"PropertyValueSpecification","valueRequired":true,"valueName":"search_term_string"}}],"inLanguage":"en-US"},{"@type":"Organization","@id":"https:\/\/varskaoriginaal.ee\/en\/#organization","name":"V\u00e4rska Original","url":"https:\/\/varskaoriginaal.ee\/en\/","logo":{"@type":"ImageObject","inLanguage":"en-US","@id":"https:\/\/varskaoriginaal.ee\/en\/#\/schema\/logo\/image\/","url":"https:\/\/varskaoriginaal.ee\/wp-content\/uploads\/2024\/07\/Group-4.svg","contentUrl":"https:\/\/varskaoriginaal.ee\/wp-content\/uploads\/2024\/07\/Group-4.svg","width":81,"height":55,"caption":"V\u00e4rska Originaal"},"image":{"@id":"https:\/\/varskaoriginaal.ee\/en\/#\/schema\/logo\/image\/"}}]}},"_links":{"self":[{"href":"https:\/\/varskaoriginaal.ee\/en\/wp-json\/wp\/v2\/pages\/730","targetHints":{"allow":["GET"]}}],"collection":[{"href":"https:\/\/varskaoriginaal.ee\/en\/wp-json\/wp\/v2\/pages"}],"about":[{"href":"https:\/\/varskaoriginaal.ee\/en\/wp-json\/wp\/v2\/types\/page"}],"author":[{"embeddable":true,"href":"https:\/\/varskaoriginaal.ee\/en\/wp-json\/wp\/v2\/users\/5"}],"replies":[{"embeddable":true,"href":"https:\/\/varskaoriginaal.ee\/en\/wp-json\/wp\/v2\/comments?post=730"}],"version-history":[{"count":0,"href":"https:\/\/varskaoriginaal.ee\/en\/wp-json\/wp\/v2\/pages\/730\/revisions"}],"up":[{"embeddable":true,"href":"https:\/\/varskaoriginaal.ee\/en\/wp-json\/wp\/v2\/pages\/292"}],"wp:attachment":[{"href":"https:\/\/varskaoriginaal.ee\/en\/wp-json\/wp\/v2\/media?parent=730"}],"curies":[{"name":"wp","href":"https:\/\/api.w.org\/{rel}","templated":true}]}}