{"id":727,"date":"2024-08-01T22:47:56","date_gmt":"2024-08-01T21:47:56","guid":{"rendered":"https:\/\/varskaoriginaal.ee\/?page_id=727"},"modified":"2025-04-11T17:50:42","modified_gmt":"2025-04-11T14:50:42","slug":"kohvi-spritz-apelsiniga","status":"publish","type":"page","link":"https:\/\/varskaoriginaal.ee\/en\/retseptid\/kohvi-spritz-apelsiniga\/","title":{"rendered":"Orange Coffee Spritz"},"content":{"rendered":"<div id=\"pl-727\"  class=\"panel-layout\" ><div id=\"pg-727-0\"  class=\"panel-grid panel-has-style\" ><div class=\"lsow-dark-bg panel-row-style panel-row-style-for-727-0\" ><div id=\"pgc-727-0-0\"  class=\"panel-grid-cell\" ><div id=\"panel-727-0-0-0\" class=\"so-panel widget widget_siteorigin-panels-builder panel-first-child panel-last-child\" data-index=\"0\" ><div class=\"container panel-widget-style panel-widget-style-for-727-0-0-0\" ><div id=\"pl-w67f92c42bcb19\"  class=\"panel-layout\" ><div id=\"pg-w67f92c42bcb19-0\"  class=\"panel-grid panel-no-style\" ><div id=\"pgc-w67f92c42bcb19-0-0\"  class=\"panel-grid-cell\" ><div id=\"panel-w67f92c42bcb19-0-0-0\" class=\"so-panel widget widget_sow-editor panel-first-child panel-last-child\" data-index=\"0\" ><div class=\"Single-product-hero-secction-page panel-widget-style panel-widget-style-for-w67f92c42bcb19-0-0-0\" ><div\n\t\t\t\n\t\t\tclass=\"so-widget-sow-editor so-widget-sow-editor-base\"\n\t\t\t\n\t\t>\n<div class=\"siteorigin-widget-tinymce textwidget\">\n\t<p><a href=\"https:\/\/varskaoriginaal.ee\/retseptid\/\"><strong>K\u00f5ik retseptid<\/strong><\/a><\/p>\n<h1>Kohvi spritz apelsiniga<\/h1>\n<p>\u2022 30 ml v\u00e4rsket apelsinimahla<br \/>\n\u2022 20 ml suhkrusiirupit<br \/>\n\u2022 150 ml v\u00e4rska Originaali<br \/>\n\u2022 40 ml espressot<br \/>\n\u2022 J\u00e4\u00e4d<br \/>\n\u2022 Paar tilka Angostura Orange bitterit<\/p>\n<p>Valmistamine<\/p>\n<p>1. Vala klaasi v\u00e4rske apelsinimahla ja siirup.<br \/>\n2. T\u00e4ida klaas j\u00e4\u00e4ga.<br \/>\n3. Vala juurde V\u00e4rska Originaal ja sega.<br \/>\n4. Lisa ettevaatlikult espresso ja bitter.<br \/>\n5. Kaunista apelsinikoorega. <\/p>\n<p>Retsept & foto Laura Oro<\/p>\n<\/div>\n<\/div><\/div><\/div><\/div><div id=\"pgc-w67f92c42bcb19-0-1\"  class=\"panel-grid-cell\" ><div id=\"panel-w67f92c42bcb19-0-1-0\" class=\"widget_text so-panel widget widget_custom_html panel-first-child panel-last-child\" data-index=\"1\" ><div class=\"widget_text bottle-slider-vrticle panel-widget-style panel-widget-style-for-w67f92c42bcb19-0-1-0\" ><div class=\"textwidget custom-html-widget\"><div class=\"retsept-varska-bottle-selector\">\n    <div class=\"retsept-varska-bottle-container\">\n        <!-- First Video -->\n        <video id=\"video1\" src=\"https:\/\/varskaoriginaal.ee\/wp-content\/uploads\/2024\/09\/varska-kohv-video-lauraoro-1.mov\" class=\"retsept-varska-bottle active\" data-volume=\"1\" autoplay loop muted><\/video>\n        <!-- Second Photo -->\n        <img decoding=\"async\" src=\"https:\/\/varskaoriginaal.ee\/wp-content\/uploads\/2024\/09\/varska-kohv-lauraoro-web-1.jpg\" class=\"retsept-varska-bottle\" data-volume=\"2\" loop>\n    <\/div>\n\n    <div class=\"retsept-varska-volume-selector\">\n        <button id=\"prev-slide-btn\" class=\"retsept-varska-arrow retsept-varska-arrow-up\" onclick=\"changeSlide(-1)\"><img decoding=\"async\" src=\"https:\/\/varskaoriginaal.ee\/wp-content\/uploads\/2024\/07\/Group-1226.svg\"><\/button>\n        \n        <!-- Current Slide Indicator -->\n        <div class=\"retsept-slider-number\">\n            <span id=\"current-slide\">1<\/span><strong>\/2<\/strong>\n        <\/div>\n        \n        <button id=\"next-slide-btn\" class=\"retsept-varska-arrow retsept-varska-arrow-down\" onclick=\"changeSlide(1)\"><img decoding=\"async\" src=\"https:\/\/varskaoriginaal.ee\/wp-content\/uploads\/2024\/07\/Component-30-\u2013-1.svg\"><\/button>\n    <\/div>\n\n    <!-- Sound Icon (on the video bottom-right corner) -->\n    <div id=\"sound-icon\" class=\"sound-icon\">\n        <img decoding=\"async\" src=\"https:\/\/varskaoriginaal.ee\/wp-content\/uploads\/2025\/04\/Mute-01-1.svg\" alt=\"Sound Icon\" \/>\n    <\/div>\n<\/div>\n\n<script>\n        const video = document.getElementById('video1');\n    const soundIcon = document.getElementById('sound-icon');\n    const nextSlideButton = document.getElementById('next-slide-btn');\n    const prevSlideButton = document.getElementById('prev-slide-btn');\n    const slides = document.querySelectorAll('.retsept-varska-bottle'); \/\/ All video and image slides\n    let isMuted = true; \/\/ Initial state is muted\n\n    \/\/ Function to toggle sound\n    function toggleSound() {\n        if (isMuted) {\n            video.muted = false; \/\/ Unmute\n            soundIcon.innerHTML = '<img decoding=\"async\" src=\"https:\/\/varskaoriginaal.ee\/wp-content\/uploads\/2025\/04\/Sound-01-1.svg\" alt=\"Sound On Icon\" \/>';\n        } else {\n            video.muted = true; \/\/ Mute\n            soundIcon.innerHTML = '<img decoding=\"async\" src=\"https:\/\/varskaoriginaal.ee\/wp-content\/uploads\/2025\/04\/Mute-01-1.svg\" alt=\"Sound Off Icon\" \/>';\n        }\n        isMuted = !isMuted; \/\/ Toggle state\n    }\n\n    \/\/ Add click event to the sound icon\n    soundIcon.addEventListener('click', toggleSound);\n\n    \/\/ Function to handle slide changes\n    function changeSlide(direction) {\n        const currentIndex = Array.from(slides).indexOf(document.querySelector('.retsept-varska-bottle.active'));\n\n        let nextIndex = currentIndex + direction;\n\n        \/\/ Ensure we loop through slides\n        if (nextIndex < 0) nextIndex = slides.length - 1; \/\/ If at the start, go to the last slide\n        if (nextIndex >= slides.length) nextIndex = 0; \/\/ If at the end, go to the first slide\n\n        \/\/ Hide current slide\n        slides[currentIndex].classList.remove('active');\n\n        \/\/ Show the next slide\n        slides[nextIndex].classList.add('active');\n\n        \/\/ Update the slide number indicator\n        document.getElementById('current-slide').textContent = nextIndex + 1;\n\n        \/\/ Check if the video is playing and handle it properly\n        if (slides[nextIndex].tagName.toLowerCase() === 'video') {\n            slides[nextIndex].play().catch(error => console.log(\"Video autoplay failed: \", error));\n        }\n\n        \/\/ Disable\/Enable Next and Previous buttons based on the current slide\n        toggleButtons(nextIndex);\n    }\n\n    \/\/ Function to enable\/disable buttons\n    function toggleButtons(currentIndex) {\n        \/\/ Disable the \"Previous\" button if we're on the first slide\n        if (currentIndex === 0) {\n            prevSlideButton.disabled = true;\n        } else {\n            prevSlideButton.disabled = false;\n        }\n\n        \/\/ Disable the \"Next\" button if we're on the last slide\n        if (currentIndex === slides.length - 1) {\n            nextSlideButton.disabled = true;\n        } else {\n            nextSlideButton.disabled = false;\n        }\n    }\n\n    \/\/ Auto play video with sound muted initially\n    video.play().catch(function(error) {\n        console.log(\"Autoplay failed:\", error);\n    });\n\n    \/\/ Initially disable the \"Previous\" button on the first slide, and the \"Next\" button on the last slide\n    const initialIndex = Array.from(slides).indexOf(document.querySelector('.retsept-varska-bottle.active'));\n    toggleButtons(initialIndex);\n\n<\/script>\n<\/div><\/div><\/div><\/div><\/div><\/div><\/div><\/div><\/div><\/div><\/div><div id=\"pg-727-1\"  class=\"panel-grid panel-has-style\" ><div class=\"panel-row-style panel-row-style-for-727-1\" ><div id=\"pgc-727-1-0\"  class=\"panel-grid-cell\" ><div id=\"panel-727-1-0-0\" class=\"so-panel widget widget_siteorigin-panels-builder panel-first-child panel-last-child\" data-index=\"1\" ><div class=\"container panel-widget-style panel-widget-style-for-727-1-0-0\" ><div id=\"pl-w66cb9c0016695\"  class=\"panel-layout\" ><div id=\"pg-w66cb9c0016695-0\"  class=\"panel-grid panel-no-style\" ><div id=\"pgc-w66cb9c0016695-0-0\"  class=\"panel-grid-cell\" ><div id=\"panel-w66cb9c0016695-0-0-0\" class=\"so-panel widget widget_sow-editor panel-first-child panel-last-child\" data-index=\"0\" ><div class=\"Vaata-heading-slider-single-pdp panel-widget-style panel-widget-style-for-w66cb9c0016695-0-0-0\" ><div\n\t\t\t\n\t\t\tclass=\"so-widget-sow-editor so-widget-sow-editor-base\"\n\t\t\t\n\t\t>\n<div class=\"siteorigin-widget-tinymce textwidget\">\n\t<h2>Vaata ka teisi retsepte<\/h2>\n<\/div>\n<\/div><\/div><\/div><\/div><\/div><div id=\"pg-w66cb9c0016695-1\"  class=\"panel-grid panel-no-style\" ><div id=\"pgc-w66cb9c0016695-1-0\"  class=\"panel-grid-cell\" ><div id=\"panel-w66cb9c0016695-1-0-0\" class=\"widget_text so-panel widget widget_custom_html panel-first-child panel-last-child\" data-index=\"1\" ><div class=\"widget_text pdp-Maasika-slider-btm panel-widget-style panel-widget-style-for-w66cb9c0016695-1-0-0\" ><div class=\"textwidget custom-html-widget\"><style>\n.pdp-Maasika-slider-btm .pdp-single-bottle-slider img {\n    height: auto;\n}\n\n<\/style>\n\n<!-- Slider main container -->\n<div class=\"swiper\" id=\"single-pdp-sp-retseptid\" >\n  <!-- Additional required wrapper -->\n  <div class=\"swiper-wrapper\">\n    <!-- Slides -->\n    <div class=\"swiper-slide\">\n\t\t<div class=\"pdp-single-retsepte-slider\">\n\t\t\t<a href=\"https:\/\/varskaoriginaal.ee\/retseptid\/varska-originaal\/\">\n\t\t\t<img decoding=\"async\" src=\"https:\/\/varskaoriginaal.ee\/wp-content\/uploads\/2024\/07\/varska-kohv-lauraoro-web.png\" alt=\"\">\n\t\t\t<h3>\n\t\t\t\tV\u00e4rska Originaal\n\t\t\t<\/h3>\n\t\t\t\t<\/a>\n\t\t\t<\/div>\n\t\t<\/div>\n    <div class=\"swiper-slide\">\n\t\t<div class=\"pdp-single-retsepte-slider\">\n\t\t\t<a href=\"https:\/\/varskaoriginaal.ee\/retseptid\/varska-maasika-2\/\">\n\t\t\t<img decoding=\"async\" src=\"https:\/\/varskaoriginaal.ee\/wp-content\/uploads\/2024\/07\/varska-maasika-lauraoro-web.png\" alt=\"\">\n\t\t\t<h3>\n\t\t\t\tV\u00e4rska maasika\n\t\t\t<\/h3>\n\t\t\t\t<\/a>\n\t\t\t<\/div>\n\t\t<\/div>\n    <div class=\"swiper-slide\">\n\t\t\t<div class=\"pdp-single-retsepte-slider\">\n\t\t\t\t<a href=\"https:\/\/varskaoriginaal.ee\/retseptid\/varska-troopiline\/\">\n\t\t\t<img decoding=\"async\" src=\"https:\/\/varskaoriginaal.ee\/wp-content\/uploads\/2024\/07\/varska-troopiline-lauraoro-web.png\" alt=\"\">\n\t\t\t<h3>\n\t\t\t\tV\u00e4rska troopiline\n\t\t\t<\/h3>\n\t\t\t\t<\/a>\n\t\t\t<\/div>\n\t\t<\/div>\n\t\t    <div class=\"swiper-slide\">\n\t\t\t<div class=\"pdp-single-retsepte-slider\">\n\t\t\t\t<a href=\"https:\/\/varskaoriginaal.ee\/retseptid\/kookose-varska\/\">\n\t\t\t<img decoding=\"async\" src=\"https:\/\/varskaoriginaal.ee\/wp-content\/uploads\/2024\/07\/Kookose-Varska.png\" alt=\"\">\n\t\t\t<h3>\n\t\t\t\tKookose V\u00e4rska\n\t\t\t<\/h3>\n\t\t\t\t\t<\/a>\n\t\t\t<\/div>\n\t\t<\/div>\n\t\t    <div class=\"swiper-slide\">\n\t\t\t<div class=\"pdp-single-retsepte-slider\">\n\t\t\t\t<a href=\"https:\/\/varskaoriginaal.ee\/retseptid\/varska-originaal\/\">\n\t\t\t<img decoding=\"async\" src=\"https:\/\/varskaoriginaal.ee\/wp-content\/uploads\/2024\/07\/varska-kohv-lauraoro-web.png\" alt=\"\">\n\t\t\t<h3>\n\t\t\t\tV\u00e4rska Originaal\n\t\t\t<\/h3>\n\t\t\t\t\t<\/a>\n\t\t\t<\/div>\n\t\t<\/div>\n  <\/div>\n<\/div>\n  <!-- If we need navigation buttons -->\n  <div class=\"swiper-button-prev\"><\/div>\n  <div class=\"swiper-button-next\"><\/div><\/div><\/div><\/div><\/div><\/div><\/div><\/div><\/div><\/div><\/div><\/div><\/div>","protected":false},"excerpt":{"rendered":"<p>K\u00f5ik retseptid Kohvi spritz apelsiniga \u2022 30 ml v\u00e4rsket apelsinimahla \u2022 20 ml suhkrusiirupit \u2022 150 ml v\u00e4rska Originaali \u2022 [&hellip;]<\/p>\n","protected":false},"author":5,"featured_media":0,"parent":292,"menu_order":0,"comment_status":"closed","ping_status":"closed","template":"","meta":{"inline_featured_image":false,"site-sidebar-layout":"no-sidebar","site-content-layout":"","ast-site-content-layout":"full-width-container","site-content-style":"default","site-sidebar-style":"default","ast-global-header-display":"","ast-banner-title-visibility":"","ast-main-header-display":"","ast-hfb-above-header-display":"","ast-hfb-below-header-display":"","ast-hfb-mobile-header-display":"","site-post-title":"disabled","ast-breadcrumbs-content":"","ast-featured-img":"","footer-sml-layout":"","ast-disable-related-posts":"","theme-transparent-header-meta":"default","adv-header-id-meta":"","stick-header-meta":"enabled","header-above-stick-meta":"","header-main-stick-meta":"on","header-below-stick-meta":"","astra-migrate-meta-layouts":"set","ast-page-background-enabled":"default","ast-page-background-meta":{"desktop":{"background-color":"var(--ast-global-color-4)","background-image":"","background-repeat":"repeat","background-position":"center center","background-size":"auto","background-attachment":"scroll","background-type":"","background-media":"","overlay-type":"","overlay-color":"","overlay-opacity":"","overlay-gradient":""},"tablet":{"background-color":"","background-image":"","background-repeat":"repeat","background-position":"center center","background-size":"auto","background-attachment":"scroll","background-type":"","background-media":"","overlay-type":"","overlay-color":"","overlay-opacity":"","overlay-gradient":""},"mobile":{"background-color":"","background-image":"","background-repeat":"repeat","background-position":"center center","background-size":"auto","background-attachment":"scroll","background-type":"","background-media":"","overlay-type":"","overlay-color":"","overlay-opacity":"","overlay-gradient":""}},"ast-content-background-meta":{"desktop":{"background-color":"var(--ast-global-color-5)","background-image":"","background-repeat":"repeat","background-position":"center center","background-size":"auto","background-attachment":"scroll","background-type":"","background-media":"","overlay-type":"","overlay-color":"","overlay-opacity":"","overlay-gradient":""},"tablet":{"background-color":"var(--ast-global-color-5)","background-image":"","background-repeat":"repeat","background-position":"center center","background-size":"auto","background-attachment":"scroll","background-type":"","background-media":"","overlay-type":"","overlay-color":"","overlay-opacity":"","overlay-gradient":""},"mobile":{"background-color":"var(--ast-global-color-5)","background-image":"","background-repeat":"repeat","background-position":"center center","background-size":"auto","background-attachment":"scroll","background-type":"","background-media":"","overlay-type":"","overlay-color":"","overlay-opacity":"","overlay-gradient":""}},"footnotes":""},"class_list":["post-727","page","type-page","status-publish","hentry"],"yoast_head":"<!-- This site is optimized with the Yoast SEO plugin v27.3 - https:\/\/yoast.com\/product\/yoast-seo-wordpress\/ -->\n<title>Kohvi spritz apelsiniga - V\u00e4rska Originaal<\/title>\n<meta name=\"robots\" content=\"index, follow, max-snippet:-1, max-image-preview:large, max-video-preview:-1\" \/>\n<link rel=\"canonical\" href=\"https:\/\/varskaoriginaal.ee\/en\/retseptid\/kohvi-spritz-apelsiniga\/\" \/>\n<meta property=\"og:locale\" content=\"en_US\" \/>\n<meta property=\"og:type\" content=\"article\" \/>\n<meta property=\"og:title\" content=\"Kohvi spritz apelsiniga - V\u00e4rska Originaal\" \/>\n<meta property=\"og:description\" content=\"K\u00f5ik retseptid Kohvi spritz apelsiniga \u2022 30 ml v\u00e4rsket apelsinimahla \u2022 20 ml suhkrusiirupit \u2022 150 ml v\u00e4rska Originaali \u2022 [&hellip;]\" \/>\n<meta property=\"og:url\" content=\"https:\/\/varskaoriginaal.ee\/en\/retseptid\/kohvi-spritz-apelsiniga\/\" \/>\n<meta property=\"og:site_name\" content=\"V\u00e4rska Originaal\" \/>\n<meta property=\"article:modified_time\" content=\"2025-04-11T14:50:42+00:00\" \/>\n<meta name=\"twitter:card\" content=\"summary_large_image\" \/>\n<meta name=\"twitter:label1\" content=\"Est. reading time\" \/>\n\t<meta name=\"twitter:data1\" content=\"3 minutes\" \/>\n<script type=\"application\/ld+json\" class=\"yoast-schema-graph\">{\"@context\":\"https:\\\/\\\/schema.org\",\"@graph\":[{\"@type\":\"WebPage\",\"@id\":\"https:\\\/\\\/varskaoriginaal.ee\\\/retseptid\\\/kohvi-spritz-apelsiniga\\\/\",\"url\":\"https:\\\/\\\/varskaoriginaal.ee\\\/retseptid\\\/kohvi-spritz-apelsiniga\\\/\",\"name\":\"Kohvi spritz apelsiniga - V\u00e4rska Originaal\",\"isPartOf\":{\"@id\":\"https:\\\/\\\/varskaoriginaal.ee\\\/en\\\/#website\"},\"datePublished\":\"2024-08-01T21:47:56+00:00\",\"dateModified\":\"2025-04-11T14:50:42+00:00\",\"breadcrumb\":{\"@id\":\"https:\\\/\\\/varskaoriginaal.ee\\\/retseptid\\\/kohvi-spritz-apelsiniga\\\/#breadcrumb\"},\"inLanguage\":\"en-US\",\"potentialAction\":[{\"@type\":\"ReadAction\",\"target\":[\"https:\\\/\\\/varskaoriginaal.ee\\\/retseptid\\\/kohvi-spritz-apelsiniga\\\/\"]}]},{\"@type\":\"BreadcrumbList\",\"@id\":\"https:\\\/\\\/varskaoriginaal.ee\\\/retseptid\\\/kohvi-spritz-apelsiniga\\\/#breadcrumb\",\"itemListElement\":[{\"@type\":\"ListItem\",\"position\":1,\"name\":\"Home\",\"item\":\"https:\\\/\\\/varskaoriginaal.ee\\\/\"},{\"@type\":\"ListItem\",\"position\":2,\"name\":\"Retseptid\",\"item\":\"https:\\\/\\\/varskaoriginaal.ee\\\/retseptid\\\/\"},{\"@type\":\"ListItem\",\"position\":3,\"name\":\"Kohvi spritz apelsiniga\"}]},{\"@type\":\"WebSite\",\"@id\":\"https:\\\/\\\/varskaoriginaal.ee\\\/en\\\/#website\",\"url\":\"https:\\\/\\\/varskaoriginaal.ee\\\/en\\\/\",\"name\":\"V\u00e4rska Originaal\",\"description\":\"V\u00e4rska Originaal\",\"publisher\":{\"@id\":\"https:\\\/\\\/varskaoriginaal.ee\\\/en\\\/#organization\"},\"potentialAction\":[{\"@type\":\"SearchAction\",\"target\":{\"@type\":\"EntryPoint\",\"urlTemplate\":\"https:\\\/\\\/varskaoriginaal.ee\\\/en\\\/?s={search_term_string}\"},\"query-input\":{\"@type\":\"PropertyValueSpecification\",\"valueRequired\":true,\"valueName\":\"search_term_string\"}}],\"inLanguage\":\"en-US\"},{\"@type\":\"Organization\",\"@id\":\"https:\\\/\\\/varskaoriginaal.ee\\\/en\\\/#organization\",\"name\":\"V\u00e4rska Originaal\",\"url\":\"https:\\\/\\\/varskaoriginaal.ee\\\/en\\\/\",\"logo\":{\"@type\":\"ImageObject\",\"inLanguage\":\"en-US\",\"@id\":\"https:\\\/\\\/varskaoriginaal.ee\\\/en\\\/#\\\/schema\\\/logo\\\/image\\\/\",\"url\":\"https:\\\/\\\/varskaoriginaal.ee\\\/wp-content\\\/uploads\\\/2024\\\/07\\\/Group-4.svg\",\"contentUrl\":\"https:\\\/\\\/varskaoriginaal.ee\\\/wp-content\\\/uploads\\\/2024\\\/07\\\/Group-4.svg\",\"width\":81,\"height\":55,\"caption\":\"V\u00e4rska Originaal\"},\"image\":{\"@id\":\"https:\\\/\\\/varskaoriginaal.ee\\\/en\\\/#\\\/schema\\\/logo\\\/image\\\/\"}}]}<\/script>\n<!-- \/ Yoast SEO plugin. -->","yoast_head_json":{"title":"Kohvi spritz apelsiniga - V\u00e4rska Originaal","robots":{"index":"index","follow":"follow","max-snippet":"max-snippet:-1","max-image-preview":"max-image-preview:large","max-video-preview":"max-video-preview:-1"},"canonical":"https:\/\/varskaoriginaal.ee\/en\/retseptid\/kohvi-spritz-apelsiniga\/","og_locale":"en_US","og_type":"article","og_title":"Kohvi spritz apelsiniga - V\u00e4rska Originaal","og_description":"K\u00f5ik retseptid Kohvi spritz apelsiniga \u2022 30 ml v\u00e4rsket apelsinimahla \u2022 20 ml suhkrusiirupit \u2022 150 ml v\u00e4rska Originaali \u2022 [&hellip;]","og_url":"https:\/\/varskaoriginaal.ee\/en\/retseptid\/kohvi-spritz-apelsiniga\/","og_site_name":"V\u00e4rska Originaal","article_modified_time":"2025-04-11T14:50:42+00:00","twitter_card":"summary_large_image","twitter_misc":{"Est. reading time":"3 minutes"},"schema":{"@context":"https:\/\/schema.org","@graph":[{"@type":"WebPage","@id":"https:\/\/varskaoriginaal.ee\/retseptid\/kohvi-spritz-apelsiniga\/","url":"https:\/\/varskaoriginaal.ee\/retseptid\/kohvi-spritz-apelsiniga\/","name":"Kohvi spritz apelsiniga - V\u00e4rska Originaal","isPartOf":{"@id":"https:\/\/varskaoriginaal.ee\/en\/#website"},"datePublished":"2024-08-01T21:47:56+00:00","dateModified":"2025-04-11T14:50:42+00:00","breadcrumb":{"@id":"https:\/\/varskaoriginaal.ee\/retseptid\/kohvi-spritz-apelsiniga\/#breadcrumb"},"inLanguage":"en-US","potentialAction":[{"@type":"ReadAction","target":["https:\/\/varskaoriginaal.ee\/retseptid\/kohvi-spritz-apelsiniga\/"]}]},{"@type":"BreadcrumbList","@id":"https:\/\/varskaoriginaal.ee\/retseptid\/kohvi-spritz-apelsiniga\/#breadcrumb","itemListElement":[{"@type":"ListItem","position":1,"name":"Home","item":"https:\/\/varskaoriginaal.ee\/"},{"@type":"ListItem","position":2,"name":"Retseptid","item":"https:\/\/varskaoriginaal.ee\/retseptid\/"},{"@type":"ListItem","position":3,"name":"Kohvi spritz apelsiniga"}]},{"@type":"WebSite","@id":"https:\/\/varskaoriginaal.ee\/en\/#website","url":"https:\/\/varskaoriginaal.ee\/en\/","name":"V\u00e4rska Original","description":"V\u00e4rska Original","publisher":{"@id":"https:\/\/varskaoriginaal.ee\/en\/#organization"},"potentialAction":[{"@type":"SearchAction","target":{"@type":"EntryPoint","urlTemplate":"https:\/\/varskaoriginaal.ee\/en\/?s={search_term_string}"},"query-input":{"@type":"PropertyValueSpecification","valueRequired":true,"valueName":"search_term_string"}}],"inLanguage":"en-US"},{"@type":"Organization","@id":"https:\/\/varskaoriginaal.ee\/en\/#organization","name":"V\u00e4rska Original","url":"https:\/\/varskaoriginaal.ee\/en\/","logo":{"@type":"ImageObject","inLanguage":"en-US","@id":"https:\/\/varskaoriginaal.ee\/en\/#\/schema\/logo\/image\/","url":"https:\/\/varskaoriginaal.ee\/wp-content\/uploads\/2024\/07\/Group-4.svg","contentUrl":"https:\/\/varskaoriginaal.ee\/wp-content\/uploads\/2024\/07\/Group-4.svg","width":81,"height":55,"caption":"V\u00e4rska Originaal"},"image":{"@id":"https:\/\/varskaoriginaal.ee\/en\/#\/schema\/logo\/image\/"}}]}},"_links":{"self":[{"href":"https:\/\/varskaoriginaal.ee\/en\/wp-json\/wp\/v2\/pages\/727","targetHints":{"allow":["GET"]}}],"collection":[{"href":"https:\/\/varskaoriginaal.ee\/en\/wp-json\/wp\/v2\/pages"}],"about":[{"href":"https:\/\/varskaoriginaal.ee\/en\/wp-json\/wp\/v2\/types\/page"}],"author":[{"embeddable":true,"href":"https:\/\/varskaoriginaal.ee\/en\/wp-json\/wp\/v2\/users\/5"}],"replies":[{"embeddable":true,"href":"https:\/\/varskaoriginaal.ee\/en\/wp-json\/wp\/v2\/comments?post=727"}],"version-history":[{"count":19,"href":"https:\/\/varskaoriginaal.ee\/en\/wp-json\/wp\/v2\/pages\/727\/revisions"}],"predecessor-version":[{"id":2335,"href":"https:\/\/varskaoriginaal.ee\/en\/wp-json\/wp\/v2\/pages\/727\/revisions\/2335"}],"up":[{"embeddable":true,"href":"https:\/\/varskaoriginaal.ee\/en\/wp-json\/wp\/v2\/pages\/292"}],"wp:attachment":[{"href":"https:\/\/varskaoriginaal.ee\/en\/wp-json\/wp\/v2\/media?parent=727"}],"curies":[{"name":"wp","href":"https:\/\/api.w.org\/{rel}","templated":true}]}}