{"id":569,"date":"2024-07-25T19:55:28","date_gmt":"2024-07-25T18:55:28","guid":{"rendered":"https:\/\/varskaoriginaal.ee\/?page_id=569"},"modified":"2024-10-29T09:09:13","modified_gmt":"2024-10-29T09:09:13","slug":"meist","status":"publish","type":"page","link":"https:\/\/varskaoriginaal.ee\/en\/meist\/","title":{"rendered":"About us"},"content":{"rendered":"","protected":false},"excerpt":{"rendered":"","protected":false},"author":5,"featured_media":0,"parent":0,"menu_order":0,"comment_status":"closed","ping_status":"closed","template":"Meist -archive.php","meta":{"inline_featured_image":false,"site-sidebar-layout":"no-sidebar","site-content-layout":"","ast-site-content-layout":"full-width-container","site-content-style":"default","site-sidebar-style":"default","ast-global-header-display":"","ast-banner-title-visibility":"","ast-main-header-display":"","ast-hfb-above-header-display":"","ast-hfb-below-header-display":"","ast-hfb-mobile-header-display":"","site-post-title":"disabled","ast-breadcrumbs-content":"","ast-featured-img":"","footer-sml-layout":"","ast-disable-related-posts":"","theme-transparent-header-meta":"default","adv-header-id-meta":"","stick-header-meta":"enabled","header-above-stick-meta":"","header-main-stick-meta":"on","header-below-stick-meta":"","astra-migrate-meta-layouts":"set","ast-page-background-enabled":"default","ast-page-background-meta":{"desktop":{"background-color":"var(--ast-global-color-4)","background-image":"","background-repeat":"repeat","background-position":"center center","background-size":"auto","background-attachment":"scroll","background-type":"","background-media":"","overlay-type":"","overlay-color":"","overlay-opacity":"","overlay-gradient":""},"tablet":{"background-color":"","background-image":"","background-repeat":"repeat","background-position":"center center","background-size":"auto","background-attachment":"scroll","background-type":"","background-media":"","overlay-type":"","overlay-color":"","overlay-opacity":"","overlay-gradient":""},"mobile":{"background-color":"","background-image":"","background-repeat":"repeat","background-position":"center center","background-size":"auto","background-attachment":"scroll","background-type":"","background-media":"","overlay-type":"","overlay-color":"","overlay-opacity":"","overlay-gradient":""}},"ast-content-background-meta":{"desktop":{"background-color":"var(--ast-global-color-5)","background-image":"","background-repeat":"repeat","background-position":"center center","background-size":"auto","background-attachment":"scroll","background-type":"","background-media":"","overlay-type":"","overlay-color":"","overlay-opacity":"","overlay-gradient":""},"tablet":{"background-color":"var(--ast-global-color-5)","background-image":"","background-repeat":"repeat","background-position":"center center","background-size":"auto","background-attachment":"scroll","background-type":"","background-media":"","overlay-type":"","overlay-color":"","overlay-opacity":"","overlay-gradient":""},"mobile":{"background-color":"var(--ast-global-color-5)","background-image":"","background-repeat":"repeat","background-position":"center center","background-size":"auto","background-attachment":"scroll","background-type":"","background-media":"","overlay-type":"","overlay-color":"","overlay-opacity":"","overlay-gradient":""}},"footnotes":""},"class_list":["post-569","page","type-page","status-publish","hentry"],"yoast_head":"<!-- This site is optimized with the Yoast SEO plugin v27.3 - https:\/\/yoast.com\/product\/yoast-seo-wordpress\/ -->\n<title>Meist - V\u00e4rska Originaal<\/title>\n<meta name=\"description\" content=\"Villime ja turustame v\u00e4\u00e4rika ajalooga V\u00e4rska mineraalvett, mida ammutame s\u00fcgavalt maap\u00f5uest L\u00f5una-Eesti metsade vahel.\" \/>\n<meta name=\"robots\" content=\"index, follow, max-snippet:-1, max-image-preview:large, max-video-preview:-1\" \/>\n<link rel=\"canonical\" href=\"https:\/\/varskaoriginaal.ee\/en\/meist\/\" \/>\n<meta property=\"og:locale\" content=\"en_US\" \/>\n<meta property=\"og:type\" content=\"article\" \/>\n<meta property=\"og:title\" content=\"Meist - V\u00e4rska Originaal\" \/>\n<meta property=\"og:description\" content=\"Villime ja turustame v\u00e4\u00e4rika ajalooga V\u00e4rska mineraalvett, mida ammutame s\u00fcgavalt maap\u00f5uest L\u00f5una-Eesti metsade vahel.\" \/>\n<meta property=\"og:url\" content=\"https:\/\/varskaoriginaal.ee\/en\/meist\/\" \/>\n<meta property=\"og:site_name\" content=\"V\u00e4rska Originaal\" \/>\n<meta property=\"article:modified_time\" content=\"2024-10-29T09:09:13+00:00\" \/>\n<meta name=\"twitter:card\" content=\"summary_large_image\" \/>\n<script type=\"application\/ld+json\" class=\"yoast-schema-graph\">{\"@context\":\"https:\\\/\\\/schema.org\",\"@graph\":[{\"@type\":\"WebPage\",\"@id\":\"https:\\\/\\\/varskaoriginaal.ee\\\/meist\\\/\",\"url\":\"https:\\\/\\\/varskaoriginaal.ee\\\/meist\\\/\",\"name\":\"Meist - V\u00e4rska Originaal\",\"isPartOf\":{\"@id\":\"https:\\\/\\\/varskaoriginaal.ee\\\/en\\\/#website\"},\"datePublished\":\"2024-07-25T18:55:28+00:00\",\"dateModified\":\"2024-10-29T09:09:13+00:00\",\"description\":\"Villime ja turustame v\u00e4\u00e4rika ajalooga V\u00e4rska mineraalvett, mida ammutame s\u00fcgavalt maap\u00f5uest L\u00f5una-Eesti metsade vahel.\",\"breadcrumb\":{\"@id\":\"https:\\\/\\\/varskaoriginaal.ee\\\/meist\\\/#breadcrumb\"},\"inLanguage\":\"en-US\",\"potentialAction\":[{\"@type\":\"ReadAction\",\"target\":[\"https:\\\/\\\/varskaoriginaal.ee\\\/meist\\\/\"]}]},{\"@type\":\"BreadcrumbList\",\"@id\":\"https:\\\/\\\/varskaoriginaal.ee\\\/meist\\\/#breadcrumb\",\"itemListElement\":[{\"@type\":\"ListItem\",\"position\":1,\"name\":\"Home\",\"item\":\"https:\\\/\\\/varskaoriginaal.ee\\\/\"},{\"@type\":\"ListItem\",\"position\":2,\"name\":\"Meist\"}]},{\"@type\":\"WebSite\",\"@id\":\"https:\\\/\\\/varskaoriginaal.ee\\\/en\\\/#website\",\"url\":\"https:\\\/\\\/varskaoriginaal.ee\\\/en\\\/\",\"name\":\"V\u00e4rska Originaal\",\"description\":\"V\u00e4rska Originaal\",\"publisher\":{\"@id\":\"https:\\\/\\\/varskaoriginaal.ee\\\/en\\\/#organization\"},\"potentialAction\":[{\"@type\":\"SearchAction\",\"target\":{\"@type\":\"EntryPoint\",\"urlTemplate\":\"https:\\\/\\\/varskaoriginaal.ee\\\/en\\\/?s={search_term_string}\"},\"query-input\":{\"@type\":\"PropertyValueSpecification\",\"valueRequired\":true,\"valueName\":\"search_term_string\"}}],\"inLanguage\":\"en-US\"},{\"@type\":\"Organization\",\"@id\":\"https:\\\/\\\/varskaoriginaal.ee\\\/en\\\/#organization\",\"name\":\"V\u00e4rska Originaal\",\"url\":\"https:\\\/\\\/varskaoriginaal.ee\\\/en\\\/\",\"logo\":{\"@type\":\"ImageObject\",\"inLanguage\":\"en-US\",\"@id\":\"https:\\\/\\\/varskaoriginaal.ee\\\/en\\\/#\\\/schema\\\/logo\\\/image\\\/\",\"url\":\"https:\\\/\\\/varskaoriginaal.ee\\\/wp-content\\\/uploads\\\/2024\\\/07\\\/Group-4.svg\",\"contentUrl\":\"https:\\\/\\\/varskaoriginaal.ee\\\/wp-content\\\/uploads\\\/2024\\\/07\\\/Group-4.svg\",\"width\":81,\"height\":55,\"caption\":\"V\u00e4rska Originaal\"},\"image\":{\"@id\":\"https:\\\/\\\/varskaoriginaal.ee\\\/en\\\/#\\\/schema\\\/logo\\\/image\\\/\"}}]}<\/script>\n<!-- \/ Yoast SEO plugin. -->","yoast_head_json":{"title":"Meist - V\u00e4rska Originaal","description":"Villime ja turustame v\u00e4\u00e4rika ajalooga V\u00e4rska mineraalvett, mida ammutame s\u00fcgavalt maap\u00f5uest L\u00f5una-Eesti metsade vahel.","robots":{"index":"index","follow":"follow","max-snippet":"max-snippet:-1","max-image-preview":"max-image-preview:large","max-video-preview":"max-video-preview:-1"},"canonical":"https:\/\/varskaoriginaal.ee\/en\/meist\/","og_locale":"en_US","og_type":"article","og_title":"Meist - V\u00e4rska Originaal","og_description":"Villime ja turustame v\u00e4\u00e4rika ajalooga V\u00e4rska mineraalvett, mida ammutame s\u00fcgavalt maap\u00f5uest L\u00f5una-Eesti metsade vahel.","og_url":"https:\/\/varskaoriginaal.ee\/en\/meist\/","og_site_name":"V\u00e4rska Originaal","article_modified_time":"2024-10-29T09:09:13+00:00","twitter_card":"summary_large_image","schema":{"@context":"https:\/\/schema.org","@graph":[{"@type":"WebPage","@id":"https:\/\/varskaoriginaal.ee\/meist\/","url":"https:\/\/varskaoriginaal.ee\/meist\/","name":"Meist - V\u00e4rska Originaal","isPartOf":{"@id":"https:\/\/varskaoriginaal.ee\/en\/#website"},"datePublished":"2024-07-25T18:55:28+00:00","dateModified":"2024-10-29T09:09:13+00:00","description":"Villime ja turustame v\u00e4\u00e4rika ajalooga V\u00e4rska mineraalvett, mida ammutame s\u00fcgavalt maap\u00f5uest L\u00f5una-Eesti metsade vahel.","breadcrumb":{"@id":"https:\/\/varskaoriginaal.ee\/meist\/#breadcrumb"},"inLanguage":"en-US","potentialAction":[{"@type":"ReadAction","target":["https:\/\/varskaoriginaal.ee\/meist\/"]}]},{"@type":"BreadcrumbList","@id":"https:\/\/varskaoriginaal.ee\/meist\/#breadcrumb","itemListElement":[{"@type":"ListItem","position":1,"name":"Home","item":"https:\/\/varskaoriginaal.ee\/"},{"@type":"ListItem","position":2,"name":"Meist"}]},{"@type":"WebSite","@id":"https:\/\/varskaoriginaal.ee\/en\/#website","url":"https:\/\/varskaoriginaal.ee\/en\/","name":"V\u00e4rska Original","description":"V\u00e4rska Original","publisher":{"@id":"https:\/\/varskaoriginaal.ee\/en\/#organization"},"potentialAction":[{"@type":"SearchAction","target":{"@type":"EntryPoint","urlTemplate":"https:\/\/varskaoriginaal.ee\/en\/?s={search_term_string}"},"query-input":{"@type":"PropertyValueSpecification","valueRequired":true,"valueName":"search_term_string"}}],"inLanguage":"en-US"},{"@type":"Organization","@id":"https:\/\/varskaoriginaal.ee\/en\/#organization","name":"V\u00e4rska Original","url":"https:\/\/varskaoriginaal.ee\/en\/","logo":{"@type":"ImageObject","inLanguage":"en-US","@id":"https:\/\/varskaoriginaal.ee\/en\/#\/schema\/logo\/image\/","url":"https:\/\/varskaoriginaal.ee\/wp-content\/uploads\/2024\/07\/Group-4.svg","contentUrl":"https:\/\/varskaoriginaal.ee\/wp-content\/uploads\/2024\/07\/Group-4.svg","width":81,"height":55,"caption":"V\u00e4rska Originaal"},"image":{"@id":"https:\/\/varskaoriginaal.ee\/en\/#\/schema\/logo\/image\/"}}]}},"_links":{"self":[{"href":"https:\/\/varskaoriginaal.ee\/en\/wp-json\/wp\/v2\/pages\/569","targetHints":{"allow":["GET"]}}],"collection":[{"href":"https:\/\/varskaoriginaal.ee\/en\/wp-json\/wp\/v2\/pages"}],"about":[{"href":"https:\/\/varskaoriginaal.ee\/en\/wp-json\/wp\/v2\/types\/page"}],"author":[{"embeddable":true,"href":"https:\/\/varskaoriginaal.ee\/en\/wp-json\/wp\/v2\/users\/5"}],"replies":[{"embeddable":true,"href":"https:\/\/varskaoriginaal.ee\/en\/wp-json\/wp\/v2\/comments?post=569"}],"version-history":[{"count":0,"href":"https:\/\/varskaoriginaal.ee\/en\/wp-json\/wp\/v2\/pages\/569\/revisions"}],"wp:attachment":[{"href":"https:\/\/varskaoriginaal.ee\/en\/wp-json\/wp\/v2\/media?parent=569"}],"curies":[{"name":"wp","href":"https:\/\/api.w.org\/{rel}","templated":true}]}}