{"id":502,"date":"2024-07-24T08:22:07","date_gmt":"2024-07-24T07:22:07","guid":{"rendered":"https:\/\/varskaoriginaal.ee\/?page_id=502"},"modified":"2026-04-30T11:04:00","modified_gmt":"2026-04-30T08:04:00","slug":"kontakt","status":"publish","type":"page","link":"https:\/\/varskaoriginaal.ee\/en\/kontakt\/","title":{"rendered":"Contact"},"content":{"rendered":"<div id=\"pl-502\"  class=\"panel-layout\" ><div id=\"pg-502-0\"  class=\"panel-grid panel-has-style\" ><div class=\"panel-row-style panel-row-style-for-502-0\" ><div id=\"pgc-502-0-0\"  class=\"panel-grid-cell\" ><div id=\"panel-502-0-0-0\" class=\"so-panel widget widget_siteorigin-panels-builder panel-first-child panel-last-child\" data-index=\"0\" ><div id=\"pl-w69f30cf0c0917\"  class=\"panel-layout\" ><div id=\"pg-w69f30cf0c0917-0\"  class=\"panel-grid panel-no-style\" ><div id=\"pgc-w69f30cf0c0917-0-0\"  class=\"panel-grid-cell\" ><div id=\"panel-w69f30cf0c0917-0-0-0\" class=\"so-panel widget widget_sow-editor panel-first-child panel-last-child\" data-index=\"0\" ><div class=\"Kontakt-page-heading panel-widget-style panel-widget-style-for-w69f30cf0c0917-0-0-0\" ><div\n\t\t\t\n\t\t\tclass=\"so-widget-sow-editor so-widget-sow-editor-base\"\n\t\t\t\n\t\t>\n<div class=\"siteorigin-widget-tinymce textwidget\">\n\t<h1 style=\"text-align: center;\">Contact<\/h1>\n<\/div>\n<\/div><\/div><\/div><\/div><\/div><div id=\"pg-w69f30cf0c0917-1\"  class=\"panel-grid panel-no-style\" ><div id=\"pgc-w69f30cf0c0917-1-0\"  class=\"panel-grid-cell\" ><div id=\"panel-w69f30cf0c0917-1-0-0\" class=\"widget_text so-panel widget widget_custom_html panel-first-child panel-last-child\" data-index=\"1\" ><div class=\"widget_text Kontakt-weg-set panel-widget-style panel-widget-style-for-w69f30cf0c0917-1-0-0\" ><div class=\"textwidget custom-html-widget\"><div class=\"container\" id=\"kark-tabs-section-main-sp\">\n<div class=\"row\">\n\t<div class=\"kark-tabs-section-set\">\n\t\t<div class=\"col-md-12\">\n\t\t\t\n\n<ul class=\"nav nav-tabs\" id=\"myKontaktTab\" role=\"tablist\">\n  <li class=\"nav-item\">\n    <a class=\"nav-link active\" id=\"contact-tab-Kontakt\" data-toggle=\"tab\" href=\"#contact-Kontakt\" role=\"tab\" aria-controls=\"contact-Kontakt\" aria-selected=\"true\">Contact<\/a>\n  <\/li>\n  <li class=\"nav-item\">\n    <a class=\"nav-link\" id=\"sponsorship-tab-Kontakt\" data-toggle=\"tab\" href=\"#sponsorship-Kontakt\" role=\"tab\" aria-controls=\"sponsorship-Kontakt\" aria-selected=\"false\">Application for sponsorship<\/a>\n  <\/li>\n<\/ul>\n<\/div>\n\t<\/div>\n<\/div>\n<\/div>\n<div class=\"tab-content\" id=\"myKontaktTabContent\">\n  <div class=\"tab-pane fade show active\" id=\"contact-Kontakt\" role=\"tabpanel\" aria-labelledby=\"contact-tab-Kontakt\">\n<div class=\"container\">\t\n<div class=\"Kontakt-page-tab-main\">\n\t\t<div class=\"row align-items-center\">\n\t\t<div class=\"col-md-6\">\n\t\t\t<div class=\"Kontakt-page-tab-V\u00e4rska-1\">\n\t\t\t\t\t\t\t<h2>\n\t\t\t\tV\u00e4rska the Original AS\n\t\t\t<\/h2>\n\t\t\t<\/div>\n<div class=\"row\">\n\t<div class=\"col-md-6\">\n\t\t<div class=\"Kontakt-Helista-meile\">\n\t\t\t<h3>\n\t\t\t\tCall us\n\t\t\t<\/h3>\n\t\t\t<p>\n\t\t\t\t+372 796 4770\n\t\t\t<\/p>\n\t\t\t<h3>\n\t\t\t\tWrite to us\n\t\t\t<\/h3>\n\t\t\t<p>\n\t\t\t\tmail@varskaoriginaal.ee \n\t\t\t<\/p>\n\t\t<\/div>\n\t<\/div>\n\t\t<div class=\"col-md-6\">\n\t\t<div class=\"Kontakt-Helista-meile\">\n\t\t\t<h3>\n\t\t\t\tSell\n\t\t\t<\/h3>\n\t\t\t<p>\n\t\t\t\t+372 5340 7127\n\t\t\t<\/p>\n\t\t<\/div>\n\t<\/div>\n\t<div class=\"col-md-12\">\n\t\t<div class=\"Kontakt-Helista-meile\">\n\t\t<h3>\n\t\t\t\tAadress\n\t\t\t<\/h3>\n\t\t\t<p>\n\t\t\tInterim warehouse in Tallinn: Reti tee 4, Peetri, 75312, Harju maakond<br>\n\t\t\tTootmis\u00fcksus: Pikk 41, V\u00e4rska, 64001, V\u00f5ru maakond\n\t\t\t<\/p>\n\t\t\t<h3>\n\t\t\t\tSocial media\n\t\t\t<\/h3>\n\t\t\t<p>\n\t\t\t\tFacebook  Instagram  Youtube\n\t\t\t<\/p>\n\t\t<\/div>\n\t<\/div>\n<\/div>\n\t\t<\/div>\n\t\t\t<div class=\"col-md-6\">\n\t\t\t\t<div class=\"Kontakt-page-tab-V\u00e4rska-img1\">\n\t\t\t\t\t<img decoding=\"async\" src=\"https:\/\/varskaoriginaal.ee\/wp-content\/uploads\/2024\/07\/Component-90-\u2013-1.png\" alt=\"\">\n\t\t\t\t<\/div>\n\t\t\t<\/div>\n\t\t<\/div>\n\t<div class=\"row\">\n<div class=\"Kontakt-Kirjuta-meile-head-form\">\n<div class=\"col-md-12\">\n\n\t\t<div class=\"Kontakt-Kirjuta-meile-head\">\n\t\t\t<h2>\n\t\t\t\tWrite to us\n\t\t\t<\/h2>\n\t\t\t\n\t\t<\/div>\n\t\t\t\t<div class=\"Kontakt-Kirjuta-meile-form\">\n\t\t\t \n<div class=\"wpcf7 no-js\" id=\"wpcf7-f517-o1\" lang=\"en-US\" dir=\"ltr\" data-wpcf7-id=\"517\">\n<div class=\"screen-reader-response\"><p role=\"status\" aria-live=\"polite\" aria-atomic=\"true\"><\/p> <ul><\/ul><\/div>\n<form action=\"\/en\/wp-json\/wp\/v2\/pages\/502#wpcf7-f517-o1\" method=\"post\" class=\"wpcf7-form init\" aria-label=\"Contact form\" novalidate=\"novalidate\" data-status=\"init\" data-trp-original-action=\"\/en\/wp-json\/wp\/v2\/pages\/502#wpcf7-f517-o1\">\n<fieldset class=\"hidden-fields-container\"><input type=\"hidden\" name=\"_wpcf7\" value=\"517\" \/><input type=\"hidden\" name=\"_wpcf7_version\" value=\"6.1.5\" \/><input type=\"hidden\" name=\"_wpcf7_locale\" value=\"en_US\" \/><input type=\"hidden\" name=\"_wpcf7_unit_tag\" value=\"wpcf7-f517-o1\" \/><input type=\"hidden\" name=\"_wpcf7_container_post\" value=\"0\" \/><input type=\"hidden\" name=\"_wpcf7_posted_data_hash\" value=\"\" \/><input type=\"hidden\" name=\"_wpcf7_recaptcha_response\" value=\"\" \/>\n<\/fieldset>\n<form>\n\t<div class=\"form-row\">\n\t\t<div class=\"col-md-12\">\n\t\t\t<p><label>Name<span>*<\/span><\/label><br \/>\n<span class=\"wpcf7-form-control-wrap\" data-name=\"your-name\"><input size=\"40\" maxlength=\"400\" class=\"wpcf7-form-control wpcf7-text wpcf7-validates-as-required form-control bg-white\" aria-required=\"true\" aria-invalid=\"false\" value=\"\" type=\"text\" name=\"your-name\" \/><\/span>\n\t\t\t<\/p>\n\t\t<\/div>\n\t\t<div class=\"col-md-12\">\n\t\t\t<p><label>Email<span>*<\/span><\/label><br \/>\n<span class=\"wpcf7-form-control-wrap\" data-name=\"your-email\"><input size=\"40\" maxlength=\"400\" class=\"wpcf7-form-control wpcf7-email wpcf7-validates-as-required wpcf7-text wpcf7-validates-as-email form-control bg-white\" aria-required=\"true\" aria-invalid=\"false\" value=\"\" type=\"email\" name=\"your-email\" \/><\/span>\n\t\t\t<\/p>\n\t\t<\/div>\n\t\t<div class=\"col-md-12\">\n\t\t\t<p><label>Phone<\/label><br \/>\n<span class=\"wpcf7-form-control-wrap\" data-name=\"your-phone\"><input size=\"40\" maxlength=\"400\" class=\"wpcf7-form-control wpcf7-tel wpcf7-text wpcf7-validates-as-tel form-control bg-white\" aria-invalid=\"false\" value=\"\" type=\"tel\" name=\"your-phone\" \/><\/span>\n\t\t\t<\/p>\n\t\t<\/div>\n\t\t<div class=\"col-md-12\">\n\t\t\t<p><label>Theme<\/label><br \/>\n<span class=\"wpcf7-form-control-wrap\" data-name=\"your-subject\"><select class=\"wpcf7-form-control wpcf7-select form-control bg-white\" aria-invalid=\"false\" name=\"your-subject\"><option value=\"Soovin tellida\">I want to order<\/option><option value=\"Tagasiside\">Tagasiside<\/option><\/select><\/span>\n\t\t\t<\/p>\n\t\t<\/div>\n\t\t<div class=\"col-md-12\">\n\t\t\t<p><label>Message<\/label><br \/>\n<span class=\"wpcf7-form-control-wrap\" data-name=\"your-message\"><textarea cols=\"40\" rows=\"10\" maxlength=\"2000\" class=\"wpcf7-form-control wpcf7-textarea form-control bg-white\" aria-invalid=\"false\" name=\"your-message\"><\/textarea><\/span>\n\t\t\t<\/p>\n\t\t<\/div>\n\t\t<div class=\"col-md-12\" id=\"kark-btn\">\n\t\t\t<p><input class=\"wpcf7-form-control wpcf7-submit has-spinner\" type=\"submit\" value=\"GET\" \/>\n\t\t\t<\/p>\n\t\t<\/div>\n\t<\/div>\n<\/form><div class=\"wpcf7-response-output\" aria-hidden=\"true\"><\/div>\n<input type=\"hidden\" name=\"trp-form-language\" value=\"en\"\/><\/form>\n<\/div>\n\n\t\t<\/div>\n\t\t\t\t<\/div>\n\t\t<\/div>\n\t<\/div>\n<\/div>\n<\/div>\n\t\t<div class=\"Kontakt-Kirjuta-meile-map\">\n<!-- \t\t\t<img decoding=\"async\" src=\"https:\/\/varskaoriginaal.ee\/wp-content\/uploads\/2024\/07\/Component-91-\u2013-1-1-scaled.webp\"> -->\n<iframe src=\"https:\/\/www.google.com\/maps\/embed?pb=!1m18!1m12!1m3!1d2031.9488728589324!2d24.829965377264696!3d59.38388027464071!2m3!1f0!2f0!3f0!3m2!1i1024!2i768!4f13.1!3m3!1m2!1s0x4692eb08e682aef1%3A0x1f308c1ec4a85edd!2sReti%20tee%204%2C%20Peetri%2C%2075312%20Harju%20maakond!5e0!3m2!1set!2see!4v1727701338523!5m2!1set!2see\" width=\"600\" height=\"450\" style=\"border:0;\" allowfullscreen=\"\" loading=\"lazy\" referrerpolicy=\"no-referrer-when-downgrade\"><\/iframe>\n\t\t<\/div>\n\t<\/div>\n\t\n\t\n\t\n  <div class=\"tab-pane fade\" id=\"sponsorship-Kontakt\" role=\"tabpanel\" aria-labelledby=\"sponsorship-tab-Kontakt\">\n\t<div class=\"container\">\n\t\t<div class=\"Taotle-sponsorlust-section\">\n\t\t\t<div class=\"row\">\n\t\t\t\t<div class=\"col-md-12\">\n\t\t\t\t\t<p>\n\t\t\t\t\t\tAS V\u00e4rska Originaal wants to contribute to improving our living environment \u2013 that\u2019s why, throughout our operations, we have promoted Estonian sports culture and supported children through various grants. The priority of AS V\u00e4rska Originaal is to support young, successful, and talented Estonian athletes to help Estonian sports reach the global stage. We do not sponsor projects that are in conflict with our values or harm the environment. We also do not support last-minute offers, events organized for profit purposes, or initiatives outside of Estonia. To apply for a grant, please fill out the application form below.\n\t\t\t\t\t<\/p>\n\t\t\t\t<\/div>\n\t\t\t<\/div>\n\t\t<\/div>\n\t\t<div class=\"Taotle-sponsorlust-section-form\">\n\t\t<div class=\"col-md-12\">\n\t\t\t<h3>\n\t\t\t\tSubmit Application\n\t\t\t<\/h3>\n\t\t\t<p>\n\t\t\t\tWe review all applications and will notify the applicant of our decision via email within 30 days.\n\t\t\t<\/p>\n\t\t<\/div>\n\t\t<\/div>\n\t\t<div class=\"Taotle-sponsorlust-section-form-set\">\n\t\t<div class=\"col-md-12\">\n\t\t\t\n<div class=\"wpcf7 no-js\" id=\"wpcf7-f521-o2\" lang=\"en-US\" dir=\"ltr\" data-wpcf7-id=\"521\">\n<div class=\"screen-reader-response\"><p role=\"status\" aria-live=\"polite\" aria-atomic=\"true\"><\/p> <ul><\/ul><\/div>\n<form action=\"\/en\/wp-json\/wp\/v2\/pages\/502#wpcf7-f521-o2\" method=\"post\" class=\"wpcf7-form init\" aria-label=\"Contact form\" novalidate=\"novalidate\" data-status=\"init\" data-trp-original-action=\"\/en\/wp-json\/wp\/v2\/pages\/502#wpcf7-f521-o2\">\n<fieldset class=\"hidden-fields-container\"><input type=\"hidden\" name=\"_wpcf7\" value=\"521\" \/><input type=\"hidden\" name=\"_wpcf7_version\" value=\"6.1.5\" \/><input type=\"hidden\" name=\"_wpcf7_locale\" value=\"en_US\" \/><input type=\"hidden\" name=\"_wpcf7_unit_tag\" value=\"wpcf7-f521-o2\" \/><input type=\"hidden\" name=\"_wpcf7_container_post\" value=\"0\" \/><input type=\"hidden\" name=\"_wpcf7_posted_data_hash\" value=\"\" \/><input type=\"hidden\" name=\"_wpcf7_recaptcha_response\" value=\"\" \/>\n<\/fieldset>\n<form>\n\t<div class=\"col-md-12 for-red-dot\">\n\t\t<p><label>Name<span>*<\/span><\/label><br \/>\n<span class=\"wpcf7-form-control-wrap\" data-name=\"your-name\"><input size=\"40\" maxlength=\"400\" class=\"wpcf7-form-control wpcf7-text wpcf7-validates-as-required form-control bg-white\" aria-required=\"true\" aria-invalid=\"false\" value=\"\" type=\"text\" name=\"your-name\" \/><\/span>\n\t\t<\/p>\n\t<\/div>\n\t<div class=\"col-md-12 for-red-dot\">\n\t\t<p><label>Email<span>*<\/span><\/label><br \/>\n<span class=\"wpcf7-form-control-wrap\" data-name=\"your-email\"><input size=\"40\" maxlength=\"400\" class=\"wpcf7-form-control wpcf7-email wpcf7-validates-as-required wpcf7-text wpcf7-validates-as-email form-control bg-white\" aria-required=\"true\" aria-invalid=\"false\" value=\"\" type=\"email\" name=\"your-email\" \/><\/span>\n\t\t<\/p>\n\t<\/div>\n\t<div class=\"col-md-12 for-red-dot\">\n\t\t<p><label>Phone<\/label><br \/>\n<span class=\"wpcf7-form-control-wrap\" data-name=\"your-phone\"><input size=\"40\" maxlength=\"400\" class=\"wpcf7-form-control wpcf7-tel wpcf7-text wpcf7-validates-as-tel form-control bg-white\" aria-invalid=\"false\" value=\"\" type=\"tel\" name=\"your-phone\" \/><\/span>\n\t\t<\/p>\n\t<\/div>\n\t<div class=\"form-row for-red-dot\">\n\t\t<div class=\"col-md-12\">\n\t\t\t<p><label>Project Description<span>*<\/span><\/label>\n\t\t\t<\/p>\n\t\t\t<p>Informative and brief description of what the project is about, its purpose, who is running it, the target group, etc.\n\t\t\t<\/p>\n\t\t\t<p><span class=\"wpcf7-form-control-wrap\" data-name=\"project-intro\"><textarea cols=\"40\" rows=\"10\" maxlength=\"2000\" class=\"wpcf7-form-control wpcf7-textarea wpcf7-validates-as-required form-control bg-white\" aria-required=\"true\" aria-invalid=\"false\" name=\"project-intro\"><\/textarea><\/span>\n\t\t\t<\/p>\n\t\t<\/div>\n\t\t<div class=\"col-md-12\">\n\t\t\t<p><label>Budget<span>*<\/span><\/label>\n\t\t\t<\/p>\n\t\t\t<p>Planned expenses and income\n\t\t\t<\/p>\n\t\t\t<p><span class=\"wpcf7-form-control-wrap\" data-name=\"project-budget\"><input class=\"wpcf7-form-control wpcf7-number wpcf7-validates-as-required wpcf7-validates-as-number form-control\" aria-required=\"true\" aria-invalid=\"false\" value=\"\" type=\"number\" name=\"project-budget\" \/><\/span>\n\t\t\t<\/p>\n\t\t<\/div>\n\t\t<div class=\"col-md-12\">\n\t\t\t<p><label>Expectations and Requirements for the Sponsor<span>*<\/span><\/label>\n\t\t\t<\/p>\n\t\t\t<p>Financial, products, etc.\n\t\t\t<\/p>\n\t\t\t<p><span class=\"wpcf7-form-control-wrap\" data-name=\"supporter-expectations\"><input size=\"40\" maxlength=\"400\" class=\"wpcf7-form-control wpcf7-text wpcf7-validates-as-required form-control\" aria-required=\"true\" aria-invalid=\"false\" value=\"\" type=\"text\" name=\"supporter-expectations\" \/><\/span>\n\t\t\t<\/p>\n\t\t<\/div>\n\t\t<div class=\"col-md-12\">\n\t\t\t<p><label>Media Plan and Schedule<span>*<\/span><\/label>\n\t\t\t<\/p>\n\t\t\t<p>How sponsors will be presented, who the other sponsors and partners are.\n\t\t\t<\/p>\n\t\t\t<p><span class=\"wpcf7-form-control-wrap\" data-name=\"media-plan\"><textarea cols=\"40\" rows=\"10\" maxlength=\"2000\" class=\"wpcf7-form-control wpcf7-textarea wpcf7-validates-as-required form-control bg-white\" aria-required=\"true\" aria-invalid=\"false\" name=\"media-plan\"><\/textarea><\/span>\n\t\t\t<\/p>\n\t\t<\/div>\n\t\t<div class=\"col-md-12\" id=\"kark-btn\">\n\t\t\t<p><input class=\"wpcf7-form-control wpcf7-submit has-spinner\" type=\"submit\" value=\"Submit Application\" \/>\n\t\t\t<\/p>\n\t\t<\/div>\n\t<\/div>\n<\/form><div class=\"wpcf7-response-output\" aria-hidden=\"true\"><\/div>\n<input type=\"hidden\" name=\"trp-form-language\" value=\"en\"\/><\/form>\n<\/div>\n\n\t\t<\/div>\n\t\t\t<\/div>\n\t\t\n\t\t<div class=\"kark-AS-V\u00e4rska-Vesi-toetab\">\n\t\t\t<h3>\n\t\t\t\tAS V\u00e4rska Originaal toetab\n\t\t\t<\/h3>\n\t\t\t<img decoding=\"async\" src=\"https:\/\/varskaoriginaal.ee\/wp-content\/uploads\/2024\/08\/Group-6356230-1.png\">\n\t\t<\/div>\n\t\t<\/div>\n\t<\/div>\n<\/div>\n<\/div><\/div><\/div><\/div><\/div><\/div><\/div><\/div><\/div><\/div><\/div>","protected":false},"excerpt":{"rendered":"<p>Kontakt V\u00f5ta \u00fchendust Taotle sponsorlust V\u00e4rska Originaal AS Helista meile +372 796 4770 Kirjuta meile mail@varskaoriginaal.ee M\u00fc\u00fck +372 5340 7127 [&hellip;]<\/p>\n","protected":false},"author":5,"featured_media":0,"parent":0,"menu_order":0,"comment_status":"closed","ping_status":"closed","template":"","meta":{"inline_featured_image":false,"site-sidebar-layout":"no-sidebar","site-content-layout":"","ast-site-content-layout":"full-width-container","site-content-style":"default","site-sidebar-style":"default","ast-global-header-display":"","ast-banner-title-visibility":"","ast-main-header-display":"","ast-hfb-above-header-display":"","ast-hfb-below-header-display":"","ast-hfb-mobile-header-display":"","site-post-title":"disabled","ast-breadcrumbs-content":"","ast-featured-img":"","footer-sml-layout":"","ast-disable-related-posts":"","theme-transparent-header-meta":"default","adv-header-id-meta":"","stick-header-meta":"enabled","header-above-stick-meta":"","header-main-stick-meta":"on","header-below-stick-meta":"","astra-migrate-meta-layouts":"set","ast-page-background-enabled":"default","ast-page-background-meta":{"desktop":{"background-color":"var(--ast-global-color-4)","background-image":"","background-repeat":"repeat","background-position":"center center","background-size":"auto","background-attachment":"scroll","background-type":"","background-media":"","overlay-type":"","overlay-color":"","overlay-opacity":"","overlay-gradient":""},"tablet":{"background-color":"","background-image":"","background-repeat":"repeat","background-position":"center center","background-size":"auto","background-attachment":"scroll","background-type":"","background-media":"","overlay-type":"","overlay-color":"","overlay-opacity":"","overlay-gradient":""},"mobile":{"background-color":"","background-image":"","background-repeat":"repeat","background-position":"center center","background-size":"auto","background-attachment":"scroll","background-type":"","background-media":"","overlay-type":"","overlay-color":"","overlay-opacity":"","overlay-gradient":""}},"ast-content-background-meta":{"desktop":{"background-color":"var(--ast-global-color-5)","background-image":"","background-repeat":"repeat","background-position":"center center","background-size":"auto","background-attachment":"scroll","background-type":"","background-media":"","overlay-type":"","overlay-color":"","overlay-opacity":"","overlay-gradient":""},"tablet":{"background-color":"var(--ast-global-color-5)","background-image":"","background-repeat":"repeat","background-position":"center center","background-size":"auto","background-attachment":"scroll","background-type":"","background-media":"","overlay-type":"","overlay-color":"","overlay-opacity":"","overlay-gradient":""},"mobile":{"background-color":"var(--ast-global-color-5)","background-image":"","background-repeat":"repeat","background-position":"center center","background-size":"auto","background-attachment":"scroll","background-type":"","background-media":"","overlay-type":"","overlay-color":"","overlay-opacity":"","overlay-gradient":""}},"footnotes":""},"class_list":["post-502","page","type-page","status-publish","hentry"],"yoast_head":"<!-- This site is optimized with the Yoast SEO plugin v27.3 - https:\/\/yoast.com\/product\/yoast-seo-wordpress\/ -->\n<title>Kontakt - V\u00e4rska Originaal<\/title>\n<meta name=\"description\" content=\"V\u00f5ta meiega \u00fchendust v\u00f5i taotle sponsorlust!\" \/>\n<meta name=\"robots\" content=\"index, follow, max-snippet:-1, max-image-preview:large, max-video-preview:-1\" \/>\n<link rel=\"canonical\" href=\"https:\/\/varskaoriginaal.ee\/en\/kontakt\/\" \/>\n<meta property=\"og:locale\" content=\"en_US\" \/>\n<meta property=\"og:type\" content=\"article\" \/>\n<meta property=\"og:title\" content=\"Kontakt - V\u00e4rska Originaal\" \/>\n<meta property=\"og:description\" content=\"V\u00f5ta meiega \u00fchendust v\u00f5i taotle sponsorlust!\" \/>\n<meta property=\"og:url\" content=\"https:\/\/varskaoriginaal.ee\/en\/kontakt\/\" \/>\n<meta property=\"og:site_name\" content=\"V\u00e4rska Originaal\" \/>\n<meta property=\"article:modified_time\" content=\"2026-04-30T08:04:00+00:00\" \/>\n<meta name=\"twitter:card\" content=\"summary_large_image\" \/>\n<meta name=\"twitter:label1\" content=\"Est. reading time\" \/>\n\t<meta name=\"twitter:data1\" content=\"2 minutes\" \/>\n<script type=\"application\/ld+json\" class=\"yoast-schema-graph\">{\"@context\":\"https:\\\/\\\/schema.org\",\"@graph\":[{\"@type\":\"WebPage\",\"@id\":\"https:\\\/\\\/varskaoriginaal.ee\\\/kontakt\\\/\",\"url\":\"https:\\\/\\\/varskaoriginaal.ee\\\/kontakt\\\/\",\"name\":\"Kontakt - V\u00e4rska Originaal\",\"isPartOf\":{\"@id\":\"https:\\\/\\\/varskaoriginaal.ee\\\/en\\\/#website\"},\"datePublished\":\"2024-07-24T07:22:07+00:00\",\"dateModified\":\"2026-04-30T08:04:00+00:00\",\"description\":\"V\u00f5ta meiega \u00fchendust v\u00f5i taotle sponsorlust!\",\"breadcrumb\":{\"@id\":\"https:\\\/\\\/varskaoriginaal.ee\\\/kontakt\\\/#breadcrumb\"},\"inLanguage\":\"en-US\",\"potentialAction\":[{\"@type\":\"ReadAction\",\"target\":[\"https:\\\/\\\/varskaoriginaal.ee\\\/kontakt\\\/\"]}]},{\"@type\":\"BreadcrumbList\",\"@id\":\"https:\\\/\\\/varskaoriginaal.ee\\\/kontakt\\\/#breadcrumb\",\"itemListElement\":[{\"@type\":\"ListItem\",\"position\":1,\"name\":\"Home\",\"item\":\"https:\\\/\\\/varskaoriginaal.ee\\\/\"},{\"@type\":\"ListItem\",\"position\":2,\"name\":\"Kontakt\"}]},{\"@type\":\"WebSite\",\"@id\":\"https:\\\/\\\/varskaoriginaal.ee\\\/en\\\/#website\",\"url\":\"https:\\\/\\\/varskaoriginaal.ee\\\/en\\\/\",\"name\":\"V\u00e4rska Originaal\",\"description\":\"V\u00e4rska Originaal\",\"publisher\":{\"@id\":\"https:\\\/\\\/varskaoriginaal.ee\\\/en\\\/#organization\"},\"potentialAction\":[{\"@type\":\"SearchAction\",\"target\":{\"@type\":\"EntryPoint\",\"urlTemplate\":\"https:\\\/\\\/varskaoriginaal.ee\\\/en\\\/?s={search_term_string}\"},\"query-input\":{\"@type\":\"PropertyValueSpecification\",\"valueRequired\":true,\"valueName\":\"search_term_string\"}}],\"inLanguage\":\"en-US\"},{\"@type\":\"Organization\",\"@id\":\"https:\\\/\\\/varskaoriginaal.ee\\\/en\\\/#organization\",\"name\":\"V\u00e4rska Originaal\",\"url\":\"https:\\\/\\\/varskaoriginaal.ee\\\/en\\\/\",\"logo\":{\"@type\":\"ImageObject\",\"inLanguage\":\"en-US\",\"@id\":\"https:\\\/\\\/varskaoriginaal.ee\\\/en\\\/#\\\/schema\\\/logo\\\/image\\\/\",\"url\":\"https:\\\/\\\/varskaoriginaal.ee\\\/wp-content\\\/uploads\\\/2024\\\/07\\\/Group-4.svg\",\"contentUrl\":\"https:\\\/\\\/varskaoriginaal.ee\\\/wp-content\\\/uploads\\\/2024\\\/07\\\/Group-4.svg\",\"width\":81,\"height\":55,\"caption\":\"V\u00e4rska Originaal\"},\"image\":{\"@id\":\"https:\\\/\\\/varskaoriginaal.ee\\\/en\\\/#\\\/schema\\\/logo\\\/image\\\/\"}}]}<\/script>\n<!-- \/ Yoast SEO plugin. -->","yoast_head_json":{"title":"Kontakt - V\u00e4rska Originaal","description":"V\u00f5ta meiega \u00fchendust v\u00f5i taotle sponsorlust!","robots":{"index":"index","follow":"follow","max-snippet":"max-snippet:-1","max-image-preview":"max-image-preview:large","max-video-preview":"max-video-preview:-1"},"canonical":"https:\/\/varskaoriginaal.ee\/en\/kontakt\/","og_locale":"en_US","og_type":"article","og_title":"Kontakt - V\u00e4rska Originaal","og_description":"V\u00f5ta meiega \u00fchendust v\u00f5i taotle sponsorlust!","og_url":"https:\/\/varskaoriginaal.ee\/en\/kontakt\/","og_site_name":"V\u00e4rska Originaal","article_modified_time":"2026-04-30T08:04:00+00:00","twitter_card":"summary_large_image","twitter_misc":{"Est. reading time":"2 minutes"},"schema":{"@context":"https:\/\/schema.org","@graph":[{"@type":"WebPage","@id":"https:\/\/varskaoriginaal.ee\/kontakt\/","url":"https:\/\/varskaoriginaal.ee\/kontakt\/","name":"Kontakt - V\u00e4rska Originaal","isPartOf":{"@id":"https:\/\/varskaoriginaal.ee\/en\/#website"},"datePublished":"2024-07-24T07:22:07+00:00","dateModified":"2026-04-30T08:04:00+00:00","description":"V\u00f5ta meiega \u00fchendust v\u00f5i taotle sponsorlust!","breadcrumb":{"@id":"https:\/\/varskaoriginaal.ee\/kontakt\/#breadcrumb"},"inLanguage":"en-US","potentialAction":[{"@type":"ReadAction","target":["https:\/\/varskaoriginaal.ee\/kontakt\/"]}]},{"@type":"BreadcrumbList","@id":"https:\/\/varskaoriginaal.ee\/kontakt\/#breadcrumb","itemListElement":[{"@type":"ListItem","position":1,"name":"Home","item":"https:\/\/varskaoriginaal.ee\/"},{"@type":"ListItem","position":2,"name":"Kontakt"}]},{"@type":"WebSite","@id":"https:\/\/varskaoriginaal.ee\/en\/#website","url":"https:\/\/varskaoriginaal.ee\/en\/","name":"V\u00e4rska Original","description":"V\u00e4rska Original","publisher":{"@id":"https:\/\/varskaoriginaal.ee\/en\/#organization"},"potentialAction":[{"@type":"SearchAction","target":{"@type":"EntryPoint","urlTemplate":"https:\/\/varskaoriginaal.ee\/en\/?s={search_term_string}"},"query-input":{"@type":"PropertyValueSpecification","valueRequired":true,"valueName":"search_term_string"}}],"inLanguage":"en-US"},{"@type":"Organization","@id":"https:\/\/varskaoriginaal.ee\/en\/#organization","name":"V\u00e4rska Original","url":"https:\/\/varskaoriginaal.ee\/en\/","logo":{"@type":"ImageObject","inLanguage":"en-US","@id":"https:\/\/varskaoriginaal.ee\/en\/#\/schema\/logo\/image\/","url":"https:\/\/varskaoriginaal.ee\/wp-content\/uploads\/2024\/07\/Group-4.svg","contentUrl":"https:\/\/varskaoriginaal.ee\/wp-content\/uploads\/2024\/07\/Group-4.svg","width":81,"height":55,"caption":"V\u00e4rska Originaal"},"image":{"@id":"https:\/\/varskaoriginaal.ee\/en\/#\/schema\/logo\/image\/"}}]}},"_links":{"self":[{"href":"https:\/\/varskaoriginaal.ee\/en\/wp-json\/wp\/v2\/pages\/502","targetHints":{"allow":["GET"]}}],"collection":[{"href":"https:\/\/varskaoriginaal.ee\/en\/wp-json\/wp\/v2\/pages"}],"about":[{"href":"https:\/\/varskaoriginaal.ee\/en\/wp-json\/wp\/v2\/types\/page"}],"author":[{"embeddable":true,"href":"https:\/\/varskaoriginaal.ee\/en\/wp-json\/wp\/v2\/users\/5"}],"replies":[{"embeddable":true,"href":"https:\/\/varskaoriginaal.ee\/en\/wp-json\/wp\/v2\/comments?post=502"}],"version-history":[{"count":5,"href":"https:\/\/varskaoriginaal.ee\/en\/wp-json\/wp\/v2\/pages\/502\/revisions"}],"predecessor-version":[{"id":2499,"href":"https:\/\/varskaoriginaal.ee\/en\/wp-json\/wp\/v2\/pages\/502\/revisions\/2499"}],"wp:attachment":[{"href":"https:\/\/varskaoriginaal.ee\/en\/wp-json\/wp\/v2\/media?parent=502"}],"curies":[{"name":"wp","href":"https:\/\/api.w.org\/{rel}","templated":true}]}}