{"id":292,"date":"2024-07-20T07:18:11","date_gmt":"2024-07-20T06:18:11","guid":{"rendered":"https:\/\/varskaoriginaal.ee\/?page_id=292"},"modified":"2024-10-29T11:36:12","modified_gmt":"2024-10-29T09:36:12","slug":"retseptid","status":"publish","type":"page","link":"https:\/\/varskaoriginaal.ee\/en\/retseptid\/","title":{"rendered":"Recipes"},"content":{"rendered":"<div id=\"pl-292\"  class=\"panel-layout\" ><div id=\"pg-292-0\"  class=\"panel-grid panel-has-style\" ><div class=\"panel-row-style panel-row-style-for-292-0\" ><div id=\"pgc-292-0-0\"  class=\"panel-grid-cell\" ><div id=\"panel-292-0-0-0\" class=\"so-panel widget widget_siteorigin-panels-builder panel-first-child panel-last-child\" data-index=\"0\" ><div id=\"pl-w66fd28af69589\"  class=\"panel-layout\" ><div id=\"pg-w66fd28af69589-0\"  class=\"panel-grid panel-no-style\" ><div id=\"pgc-w66fd28af69589-0-0\"  class=\"panel-grid-cell\" ><div id=\"panel-w66fd28af69589-0-0-0\" class=\"so-panel widget widget_sow-editor panel-first-child panel-last-child\" data-index=\"0\" ><div class=\"Meie-tooted-hero-section panel-widget-style panel-widget-style-for-w66fd28af69589-0-0-0\" ><div\n\t\t\t\n\t\t\tclass=\"so-widget-sow-editor so-widget-sow-editor-base\"\n\t\t\t\n\t\t>\n<div class=\"siteorigin-widget-tinymce textwidget\">\n\t<h1>Recipes<\/h1>\n<\/div>\n<\/div><\/div><\/div><\/div><\/div><div id=\"pg-w66fd28af69589-1\"  class=\"panel-grid panel-no-style\" ><div id=\"pgc-w66fd28af69589-1-0\"  class=\"panel-grid-cell\" ><div id=\"panel-w66fd28af69589-1-0-0\" class=\"widget_text so-panel widget widget_custom_html panel-first-child panel-last-child\" data-index=\"1\" ><div class=\"textwidget custom-html-widget\"><style>\n.page-id-292 .product-main-page-div-bottle-set img {\n    height: auto;\n    margin-bottom: 15px;\n}\n<\/style>\n <div class=\"container my-4\">\n<!-- row 1\t  -->\n        <div class=\"row\">\n            <div class=\"col-lg-3 col-sm-6 col-6\">\n                <div class=\"product-main-page-div-bottle-set\">\n                    <a href=\"https:\/\/varskaoriginaal.ee\/en\/retseptid\/kohvi-spritz-apelsiniga\/\">\n                        <img decoding=\"async\" src=\"https:\/\/varskaoriginaal.ee\/wp-content\/uploads\/2024\/07\/varska-kohv-lauraoro-web.png\" alt=\"\">\n                        <h2>Orange Coffee Spritz<\/h2>\n                    <\/a>\n                <\/div>\n            <\/div>\n            <div class=\"col-lg-3 col-sm-6 col-6\">\n                <div class=\"product-main-page-div-bottle-set\">\n                    <a href=\"https:\/\/varskaoriginaal.ee\/en\/retseptid\/varska-maasika-2\/\">\n                        <img decoding=\"async\" src=\"https:\/\/varskaoriginaal.ee\/wp-content\/uploads\/2024\/07\/varska-maasika-lauraoro-web.png\" alt=\"\">\n                        <h2>V\u00e4rska strawberry<\/h2>\n                    <\/a>\n                <\/div>\n            <\/div>\n            <div class=\"col-lg-3 col-sm-6 col-6\">\n                <div class=\"product-main-page-div-bottle-set\">\n                    <a href=\"https:\/\/varskaoriginaal.ee\/en\/retseptid\/varska-troopiline\/\">\n                        <img decoding=\"async\" src=\"https:\/\/varskaoriginaal.ee\/wp-content\/uploads\/2024\/07\/varska-troopiline-lauraoro-web.png\" alt=\"\">\n                        <h2>Tropical V\u00e4rska<\/h2>\n                    <\/a>\n                <\/div>\n            <\/div>\n            <div class=\"col-lg-3 col-sm-6 col-6\">\n                <div class=\"product-main-page-div-bottle-set\">\n                    <a href=\"https:\/\/varskaoriginaal.ee\/en\/retseptid\/varska-originaal\/\">\n                        <img decoding=\"async\" src=\"https:\/\/varskaoriginaal.ee\/wp-content\/uploads\/2024\/10\/Nimetu-kujundus-1-4.png\" alt=\"\">\n                        <h2>Blueberry-strawberry V\u00e4rska<\/h2>\n                    <\/a>\n                <\/div>\n            <\/div>\n        <\/div>\n<!-- \tRow 2  -->\n        <div class=\"row\">\n            <div class=\"col-lg-3 col-sm-6 col-6\">\n                <div class=\"product-main-page-div-bottle-set\">\n                    <a href=\"https:\/\/varskaoriginaal.ee\/en\/retseptid\/aaloe-varska\/\"> \n\t\t\t\t\t\t\t\t\t\t\t<img decoding=\"async\" src=\"https:\/\/varskaoriginaal.ee\/wp-content\/uploads\/2024\/07\/Aaloe-Varska.png\" alt=\"\">\n\t\t\t\t\t\t\t\t\t\t\t<h2>Aloe V\u00e4rska<\/h2>\n                    <\/a>\n                <\/div>\n            <\/div>\n            <div class=\"col-lg-3 col-sm-6 col-6\">\n                <div class=\"product-main-page-div-bottle-set\">\n                    <a href=\"https:\/\/varskaoriginaal.ee\/en\/retseptid\/apelsini-varska\/\">\n                        <img decoding=\"async\" src=\"https:\/\/varskaoriginaal.ee\/wp-content\/uploads\/2024\/07\/Apelsini-Varska.png\" alt=\"\">\n                        <h2>Orange V\u00e4rska<\/h2>\n                    <\/a>\n                <\/div>\n            <\/div>\n            <div class=\"col-lg-3 col-sm-6 col-6\">\n                <div class=\"product-main-page-div-bottle-set\">\n                    <a href=\"https:\/\/varskaoriginaal.ee\/en\/retseptid\/astelpaju-vaarika-varska\/\">\n                        <img decoding=\"async\" src=\"https:\/\/varskaoriginaal.ee\/wp-content\/uploads\/2024\/07\/Astelpaju-vaarika-Varska.png\" alt=\"\">\n                        <h2>Sea buckthorn-raspberry V\u00e4rska<\/h2>\n                    <\/a>\n                <\/div>\n            <\/div>\n            <div class=\"col-lg-3 col-sm-6 col-6\">\n                <div class=\"product-main-page-div-bottle-set\">\n                    <a href=\"https:\/\/varskaoriginaal.ee\/en\/retseptid\/kookose-varska\/\">\n                        <img decoding=\"async\" src=\"https:\/\/varskaoriginaal.ee\/wp-content\/uploads\/2024\/07\/Kookose-Varska.png\" alt=\"\">\n                        <h2>Coconut V\u00e4rska<\/h2>\n                    <\/a>\n                <\/div>\n            <\/div>\n        <\/div>\n\t \n\t <!-- \tRow 3  -->\n        <div class=\"row\">\n            <div class=\"col-lg-3 col-sm-6 col-6\">\n                <div class=\"product-main-page-div-bottle-set\">\n                    <a href=\"https:\/\/varskaoriginaal.ee\/en\/retseptid\/kurgi-varska\/\"> \n\t\t\t\t\t\t\t\t\t\t\t<img decoding=\"async\" src=\"https:\/\/varskaoriginaal.ee\/wp-content\/uploads\/2024\/07\/Kurgi-Varska.png\" alt=\"\">\n\t\t\t\t\t\t\t\t\t\t\t<h2>Cucumber V\u00e4rska<\/h2>\n                    <\/a>\n                <\/div>\n            <\/div>\n            <div class=\"col-lg-3 col-sm-6 col-6\">\n                <div class=\"product-main-page-div-bottle-set\">\n                    <a href=\"https:\/\/varskaoriginaal.ee\/en\/retseptid\/porgandi-varska\/\">\n                        <img decoding=\"async\" src=\"https:\/\/varskaoriginaal.ee\/wp-content\/uploads\/2024\/07\/Porgandi-Varska.png\" alt=\"\">\n                        <h2>Carrot V\u00e4rska<\/h2>\n                    <\/a>\n                <\/div>\n            <\/div>\n            <div class=\"col-lg-3 col-sm-6 col-6\">\n                <div class=\"product-main-page-div-bottle-set\">\n                    <a href=\"https:\/\/varskaoriginaal.ee\/en\/retseptid\/sangria-varska\/\">\n                        <img decoding=\"async\" src=\"https:\/\/varskaoriginaal.ee\/wp-content\/uploads\/2024\/07\/Mask-Group-45.png\" alt=\"\">\n                        <h2>Sangria V\u00e4rska<\/h2>\n                    <\/a>\n                <\/div>\n            <\/div>\n            <div class=\"col-lg-3 col-sm-6 col-6\">\n                <div class=\"product-main-page-div-bottle-set\">\n                    <a href=\"https:\/\/varskaoriginaal.ee\/en\/retseptid\/tomati-varska\/\">\n                        <img decoding=\"async\" src=\"https:\/\/varskaoriginaal.ee\/wp-content\/uploads\/2024\/07\/Tomati-Varska.png\" alt=\"\">\n                        <h2>Tomato V\u00e4rska<\/h2>\n                    <\/a>\n                <\/div>\n            <\/div>\n        <\/div>\n    <\/div><\/div><\/div><\/div><\/div><\/div><\/div><\/div><\/div><\/div><\/div>","protected":false},"excerpt":{"rendered":"<p>Retseptid Kohvi spritz apelsiniga V\u00e4rska maasika V\u00e4rska troopiline Mustika-maasika V\u00e4rska Aloe V\u00e4rska Apelsini V\u00e4rska Astelpaju-vaarika V\u00e4rska Kookose V\u00e4rska Kurgi V\u00e4rska [&hellip;]<\/p>\n","protected":false},"author":5,"featured_media":0,"parent":0,"menu_order":0,"comment_status":"closed","ping_status":"closed","template":"","meta":{"inline_featured_image":false,"site-sidebar-layout":"no-sidebar","site-content-layout":"","ast-site-content-layout":"full-width-container","site-content-style":"default","site-sidebar-style":"default","ast-global-header-display":"","ast-banner-title-visibility":"","ast-main-header-display":"","ast-hfb-above-header-display":"","ast-hfb-below-header-display":"","ast-hfb-mobile-header-display":"","site-post-title":"disabled","ast-breadcrumbs-content":"","ast-featured-img":"","footer-sml-layout":"","ast-disable-related-posts":"","theme-transparent-header-meta":"default","adv-header-id-meta":"","stick-header-meta":"enabled","header-above-stick-meta":"","header-main-stick-meta":"on","header-below-stick-meta":"","astra-migrate-meta-layouts":"set","ast-page-background-enabled":"default","ast-page-background-meta":{"desktop":{"background-color":"var(--ast-global-color-4)","background-image":"","background-repeat":"repeat","background-position":"center center","background-size":"auto","background-attachment":"scroll","background-type":"","background-media":"","overlay-type":"","overlay-color":"","overlay-opacity":"","overlay-gradient":""},"tablet":{"background-color":"","background-image":"","background-repeat":"repeat","background-position":"center center","background-size":"auto","background-attachment":"scroll","background-type":"","background-media":"","overlay-type":"","overlay-color":"","overlay-opacity":"","overlay-gradient":""},"mobile":{"background-color":"","background-image":"","background-repeat":"repeat","background-position":"center center","background-size":"auto","background-attachment":"scroll","background-type":"","background-media":"","overlay-type":"","overlay-color":"","overlay-opacity":"","overlay-gradient":""}},"ast-content-background-meta":{"desktop":{"background-color":"var(--ast-global-color-5)","background-image":"","background-repeat":"repeat","background-position":"center center","background-size":"auto","background-attachment":"scroll","background-type":"","background-media":"","overlay-type":"","overlay-color":"","overlay-opacity":"","overlay-gradient":""},"tablet":{"background-color":"var(--ast-global-color-5)","background-image":"","background-repeat":"repeat","background-position":"center center","background-size":"auto","background-attachment":"scroll","background-type":"","background-media":"","overlay-type":"","overlay-color":"","overlay-opacity":"","overlay-gradient":""},"mobile":{"background-color":"var(--ast-global-color-5)","background-image":"","background-repeat":"repeat","background-position":"center center","background-size":"auto","background-attachment":"scroll","background-type":"","background-media":"","overlay-type":"","overlay-color":"","overlay-opacity":"","overlay-gradient":""}},"footnotes":""},"class_list":["post-292","page","type-page","status-publish","hentry"],"yoast_head":"<!-- This site is optimized with the Yoast SEO plugin v27.3 - https:\/\/yoast.com\/product\/yoast-seo-wordpress\/ -->\n<title>Retseptid - V\u00e4rska Originaal<\/title>\n<meta name=\"description\" content=\"Jagame maitsvaid ja v\u00e4rskeid joogiretsepte, mida saab V\u00e4rska Originaali toodetega valmistada. Leia endale sobiv jook!\" \/>\n<meta name=\"robots\" content=\"index, follow, max-snippet:-1, max-image-preview:large, max-video-preview:-1\" \/>\n<link rel=\"canonical\" href=\"https:\/\/varskaoriginaal.ee\/en\/retseptid\/\" \/>\n<meta property=\"og:locale\" content=\"en_US\" \/>\n<meta property=\"og:type\" content=\"article\" \/>\n<meta property=\"og:title\" content=\"Retseptid - V\u00e4rska Originaal\" \/>\n<meta property=\"og:description\" content=\"Jagame maitsvaid ja v\u00e4rskeid joogiretsepte, mida saab V\u00e4rska Originaali toodetega valmistada. Leia endale sobiv jook!\" \/>\n<meta property=\"og:url\" content=\"https:\/\/varskaoriginaal.ee\/en\/retseptid\/\" \/>\n<meta property=\"og:site_name\" content=\"V\u00e4rska Originaal\" \/>\n<meta property=\"article:modified_time\" content=\"2024-10-29T09:36:12+00:00\" \/>\n<meta name=\"twitter:card\" content=\"summary_large_image\" \/>\n<meta name=\"twitter:label1\" content=\"Est. reading time\" \/>\n\t<meta name=\"twitter:data1\" content=\"3 minutes\" \/>\n<script type=\"application\/ld+json\" class=\"yoast-schema-graph\">{\"@context\":\"https:\\\/\\\/schema.org\",\"@graph\":[{\"@type\":\"WebPage\",\"@id\":\"https:\\\/\\\/varskaoriginaal.ee\\\/retseptid\\\/\",\"url\":\"https:\\\/\\\/varskaoriginaal.ee\\\/retseptid\\\/\",\"name\":\"Retseptid - V\u00e4rska Originaal\",\"isPartOf\":{\"@id\":\"https:\\\/\\\/varskaoriginaal.ee\\\/en\\\/#website\"},\"datePublished\":\"2024-07-20T06:18:11+00:00\",\"dateModified\":\"2024-10-29T09:36:12+00:00\",\"description\":\"Jagame maitsvaid ja v\u00e4rskeid joogiretsepte, mida saab V\u00e4rska Originaali toodetega valmistada. Leia endale sobiv jook!\",\"breadcrumb\":{\"@id\":\"https:\\\/\\\/varskaoriginaal.ee\\\/retseptid\\\/#breadcrumb\"},\"inLanguage\":\"en-US\",\"potentialAction\":[{\"@type\":\"ReadAction\",\"target\":[\"https:\\\/\\\/varskaoriginaal.ee\\\/retseptid\\\/\"]}]},{\"@type\":\"BreadcrumbList\",\"@id\":\"https:\\\/\\\/varskaoriginaal.ee\\\/retseptid\\\/#breadcrumb\",\"itemListElement\":[{\"@type\":\"ListItem\",\"position\":1,\"name\":\"Home\",\"item\":\"https:\\\/\\\/varskaoriginaal.ee\\\/\"},{\"@type\":\"ListItem\",\"position\":2,\"name\":\"Retseptid\"}]},{\"@type\":\"WebSite\",\"@id\":\"https:\\\/\\\/varskaoriginaal.ee\\\/en\\\/#website\",\"url\":\"https:\\\/\\\/varskaoriginaal.ee\\\/en\\\/\",\"name\":\"V\u00e4rska Originaal\",\"description\":\"V\u00e4rska Originaal\",\"publisher\":{\"@id\":\"https:\\\/\\\/varskaoriginaal.ee\\\/en\\\/#organization\"},\"potentialAction\":[{\"@type\":\"SearchAction\",\"target\":{\"@type\":\"EntryPoint\",\"urlTemplate\":\"https:\\\/\\\/varskaoriginaal.ee\\\/en\\\/?s={search_term_string}\"},\"query-input\":{\"@type\":\"PropertyValueSpecification\",\"valueRequired\":true,\"valueName\":\"search_term_string\"}}],\"inLanguage\":\"en-US\"},{\"@type\":\"Organization\",\"@id\":\"https:\\\/\\\/varskaoriginaal.ee\\\/en\\\/#organization\",\"name\":\"V\u00e4rska Originaal\",\"url\":\"https:\\\/\\\/varskaoriginaal.ee\\\/en\\\/\",\"logo\":{\"@type\":\"ImageObject\",\"inLanguage\":\"en-US\",\"@id\":\"https:\\\/\\\/varskaoriginaal.ee\\\/en\\\/#\\\/schema\\\/logo\\\/image\\\/\",\"url\":\"https:\\\/\\\/varskaoriginaal.ee\\\/wp-content\\\/uploads\\\/2024\\\/07\\\/Group-4.svg\",\"contentUrl\":\"https:\\\/\\\/varskaoriginaal.ee\\\/wp-content\\\/uploads\\\/2024\\\/07\\\/Group-4.svg\",\"width\":81,\"height\":55,\"caption\":\"V\u00e4rska Originaal\"},\"image\":{\"@id\":\"https:\\\/\\\/varskaoriginaal.ee\\\/en\\\/#\\\/schema\\\/logo\\\/image\\\/\"}}]}<\/script>\n<!-- \/ Yoast SEO plugin. -->","yoast_head_json":{"title":"Retseptid - V\u00e4rska Originaal","description":"Jagame maitsvaid ja v\u00e4rskeid joogiretsepte, mida saab V\u00e4rska Originaali toodetega valmistada. Leia endale sobiv jook!","robots":{"index":"index","follow":"follow","max-snippet":"max-snippet:-1","max-image-preview":"max-image-preview:large","max-video-preview":"max-video-preview:-1"},"canonical":"https:\/\/varskaoriginaal.ee\/en\/retseptid\/","og_locale":"en_US","og_type":"article","og_title":"Retseptid - V\u00e4rska Originaal","og_description":"Jagame maitsvaid ja v\u00e4rskeid joogiretsepte, mida saab V\u00e4rska Originaali toodetega valmistada. Leia endale sobiv jook!","og_url":"https:\/\/varskaoriginaal.ee\/en\/retseptid\/","og_site_name":"V\u00e4rska Originaal","article_modified_time":"2024-10-29T09:36:12+00:00","twitter_card":"summary_large_image","twitter_misc":{"Est. reading time":"3 minutes"},"schema":{"@context":"https:\/\/schema.org","@graph":[{"@type":"WebPage","@id":"https:\/\/varskaoriginaal.ee\/retseptid\/","url":"https:\/\/varskaoriginaal.ee\/retseptid\/","name":"Retseptid - V\u00e4rska Originaal","isPartOf":{"@id":"https:\/\/varskaoriginaal.ee\/en\/#website"},"datePublished":"2024-07-20T06:18:11+00:00","dateModified":"2024-10-29T09:36:12+00:00","description":"Jagame maitsvaid ja v\u00e4rskeid joogiretsepte, mida saab V\u00e4rska Originaali toodetega valmistada. Leia endale sobiv jook!","breadcrumb":{"@id":"https:\/\/varskaoriginaal.ee\/retseptid\/#breadcrumb"},"inLanguage":"en-US","potentialAction":[{"@type":"ReadAction","target":["https:\/\/varskaoriginaal.ee\/retseptid\/"]}]},{"@type":"BreadcrumbList","@id":"https:\/\/varskaoriginaal.ee\/retseptid\/#breadcrumb","itemListElement":[{"@type":"ListItem","position":1,"name":"Home","item":"https:\/\/varskaoriginaal.ee\/"},{"@type":"ListItem","position":2,"name":"Retseptid"}]},{"@type":"WebSite","@id":"https:\/\/varskaoriginaal.ee\/en\/#website","url":"https:\/\/varskaoriginaal.ee\/en\/","name":"V\u00e4rska Original","description":"V\u00e4rska Original","publisher":{"@id":"https:\/\/varskaoriginaal.ee\/en\/#organization"},"potentialAction":[{"@type":"SearchAction","target":{"@type":"EntryPoint","urlTemplate":"https:\/\/varskaoriginaal.ee\/en\/?s={search_term_string}"},"query-input":{"@type":"PropertyValueSpecification","valueRequired":true,"valueName":"search_term_string"}}],"inLanguage":"en-US"},{"@type":"Organization","@id":"https:\/\/varskaoriginaal.ee\/en\/#organization","name":"V\u00e4rska Original","url":"https:\/\/varskaoriginaal.ee\/en\/","logo":{"@type":"ImageObject","inLanguage":"en-US","@id":"https:\/\/varskaoriginaal.ee\/en\/#\/schema\/logo\/image\/","url":"https:\/\/varskaoriginaal.ee\/wp-content\/uploads\/2024\/07\/Group-4.svg","contentUrl":"https:\/\/varskaoriginaal.ee\/wp-content\/uploads\/2024\/07\/Group-4.svg","width":81,"height":55,"caption":"V\u00e4rska Originaal"},"image":{"@id":"https:\/\/varskaoriginaal.ee\/en\/#\/schema\/logo\/image\/"}}]}},"_links":{"self":[{"href":"https:\/\/varskaoriginaal.ee\/en\/wp-json\/wp\/v2\/pages\/292","targetHints":{"allow":["GET"]}}],"collection":[{"href":"https:\/\/varskaoriginaal.ee\/en\/wp-json\/wp\/v2\/pages"}],"about":[{"href":"https:\/\/varskaoriginaal.ee\/en\/wp-json\/wp\/v2\/types\/page"}],"author":[{"embeddable":true,"href":"https:\/\/varskaoriginaal.ee\/en\/wp-json\/wp\/v2\/users\/5"}],"replies":[{"embeddable":true,"href":"https:\/\/varskaoriginaal.ee\/en\/wp-json\/wp\/v2\/comments?post=292"}],"version-history":[{"count":0,"href":"https:\/\/varskaoriginaal.ee\/en\/wp-json\/wp\/v2\/pages\/292\/revisions"}],"wp:attachment":[{"href":"https:\/\/varskaoriginaal.ee\/en\/wp-json\/wp\/v2\/media?parent=292"}],"curies":[{"name":"wp","href":"https:\/\/api.w.org\/{rel}","templated":true}]}}