{"id":263,"date":"2024-07-17T15:18:12","date_gmt":"2024-07-17T14:18:12","guid":{"rendered":"https:\/\/varskaoriginaal.ee\/?page_id=263"},"modified":"2025-02-20T15:31:36","modified_gmt":"2025-02-20T13:31:36","slug":"varska-vurtsvasseroun","status":"publish","type":"page","link":"https:\/\/varskaoriginaal.ee\/en\/tooted\/varska-vurtsvasseroun\/","title":{"rendered":"V\u00e4rska Vurtsvasser apple"},"content":{"rendered":"<div id=\"pl-263\"  class=\"panel-layout\" ><div id=\"pg-263-0\"  class=\"panel-grid panel-has-style\" ><div class=\"lsow-dark-bg panel-row-style panel-row-style-for-263-0\" ><div id=\"pgc-263-0-0\"  class=\"panel-grid-cell\" ><div id=\"panel-263-0-0-0\" class=\"so-panel widget widget_siteorigin-panels-builder panel-first-child panel-last-child\" data-index=\"0\" ><div class=\"container panel-widget-style panel-widget-style-for-263-0-0-0\" ><div id=\"pl-w67b72eb887352\"  class=\"panel-layout\" ><div id=\"pg-w67b72eb887352-0\"  class=\"panel-grid panel-no-style\" ><div id=\"pgc-w67b72eb887352-0-0\"  class=\"panel-grid-cell\" ><div id=\"panel-w67b72eb887352-0-0-0\" class=\"so-panel widget widget_sow-editor panel-first-child\" data-index=\"0\" ><div class=\"Single-product-hero-secction-page panel-widget-style panel-widget-style-for-w67b72eb887352-0-0-0\" ><div\n\t\t\t\n\t\t\tclass=\"so-widget-sow-editor so-widget-sow-editor-base\"\n\t\t\t\n\t\t>\n<div class=\"siteorigin-widget-tinymce textwidget\">\n\t<p><a href=\"https:\/\/varskaoriginaal.ee\/en\/tooted\/\"><strong>All products<\/strong><\/a><\/p>\n<h1>V\u00e4rska Vurtsvasser apple<\/h1>\n<p>V\u00e4rska Vurtsvasser is a refreshing and delicious \u2013 yet healthy \u2013 carbonated thirst quencher. Vurtsvasser has all the beneficial properties of V\u00e4rska natural mineral water, as well as the juicy and sweet taste of berries and fruits. This means that Vurtsvasser tastes good while enriching the body with beneficial minerals.<\/p>\n<p>The juice content is particularly rich \u2013 50% \u2013 and it contains no added sugars, preservatives or colourings. This makes Vurtsvasser the perfect healthy alternative to lemonade and children's champagne.<\/p>\n<\/div>\n<\/div><\/div><\/div><div id=\"panel-w67b72eb887352-0-0-1\" class=\"widget_text so-panel widget widget_custom_html\" data-index=\"1\" ><div class=\"widget_text custom-single-product-page-according panel-widget-style panel-widget-style-for-w67b72eb887352-0-0-1\" ><div class=\"textwidget custom-html-widget\"><div id=\"accordion\" class=\"accordion\">\n<div class=\"card mb-0\">\n   <div class=\"card-header collapsed\" data-toggle=\"collapse\" href=\"#collapseOne\">\n      <a class=\"card-title\">Nutritional information<\/a>\n   <\/div>\n<div id=\"collapseOne\" class=\"card-body collapse\" data-parent=\"#accordion\">\n<p>100 ml toodet sisaldab keskmiselt:\n<p>Energy <strong>96 kJ \/ 23 kcal<\/strong><\/p>\n<p>Fats <strong>0 g<\/strong><\/p>\n<p>millest k\u00fcllastunud rasvhapped <strong>0 g<\/strong> <\/p>\n<p>S\u00fcsivesikuid <strong>5,4 g<\/strong><\/p> \n<p>millest suhkrud <strong>5,2 g<\/strong> <\/p>\n<p>Proteins <strong>0,10 g<\/strong> <\/p>\n<p>Salt <strong>0,05 g<\/strong> <\/p>\n<\/div>\n<\/div>\n<\/div><\/div><\/div><\/div><div id=\"panel-w67b72eb887352-0-0-2\" class=\"so-panel widget widget_sow-editor panel-last-child\" data-index=\"2\" ><div class=\"tooted-sugavus-img-sec panel-widget-style panel-widget-style-for-w67b72eb887352-0-0-2\" ><div\n\t\t\t\n\t\t\tclass=\"so-widget-sow-editor so-widget-sow-editor-base\"\n\t\t\t\n\t\t>\n<div class=\"siteorigin-widget-tinymce textwidget\">\n\t<p><img loading=\"lazy\" decoding=\"async\" class=\"alignnone size-full wp-image-256\" src=\"https:\/\/varskaoriginaal.ee\/wp-content\/uploads\/2024\/07\/Component-71-\u2013-1-2.png\" alt=\"\" width=\"408\" height=\"89\" srcset=\"https:\/\/varskaoriginaal.ee\/wp-content\/uploads\/2024\/07\/Component-71-\u2013-1-2.png 408w, https:\/\/varskaoriginaal.ee\/wp-content\/uploads\/2024\/07\/Component-71-\u2013-1-2-300x65.png 300w\" sizes=\"auto, (max-width: 408px) 100vw, 408px\" \/><\/p>\n<\/div>\n<\/div><\/div><\/div><\/div><div id=\"pgc-w67b72eb887352-0-1\"  class=\"panel-grid-cell\" ><div id=\"panel-w67b72eb887352-0-1-0\" class=\"widget_text so-panel widget widget_custom_html panel-first-child\" data-index=\"3\" ><div class=\"textwidget custom-html-widget\"><div class=\"varska-bottle-selector\">\n    <div class=\"varska-bottle-container\">\n        <img decoding=\"async\" src=\"https:\/\/varskaoriginaal.ee\/wp-content\/uploads\/2024\/09\/Frame-25.png\" alt=\"Varska Bottle 0.33L\" class=\"varska-bottle active\" data-volume=\"1\">\n    <\/div>\n    <div class=\"varska-volume-selector\">\n        <button class=\"varska-arrow varska-arrow-up\"><img decoding=\"async\" src=\"https:\/\/varskaoriginaal.ee\/wp-content\/uploads\/2024\/07\/Group-1226.svg\"><\/button>\n        <button class=\"varska-volume-option active\" data-volume=\"0.33\">1L<\/button>\n        <button class=\"varska-arrow varska-arrow-down\"><img decoding=\"async\" src=\"https:\/\/varskaoriginaal.ee\/wp-content\/uploads\/2024\/07\/Component-30-\u2013-1.svg\"><\/button>\n    <\/div>\n<\/div>\n<\/div><\/div><div id=\"panel-w67b72eb887352-0-1-1\" class=\"widget_text so-panel widget widget_custom_html panel-last-child\" data-index=\"4\" ><div class=\"widget_text single-product-btn-set panel-widget-style panel-widget-style-for-w67b72eb887352-0-1-1\" ><div class=\"textwidget custom-html-widget\"><a href=\"#\" onclick=\"downloadImage('https:\/\/varskaoriginaal.ee\/wp-content\/uploads\/2024\/07\/V_VO_1vpudel_oun.png')\">DOWNLOAD PRODUCT BELOW<\/a><\/div><\/div><\/div><\/div><\/div><\/div><\/div><\/div><\/div><\/div><\/div><div id=\"pg-263-1\"  class=\"panel-grid panel-has-style\" ><div class=\"panel-row-style panel-row-style-for-263-1\" ><div id=\"pgc-263-1-0\"  class=\"panel-grid-cell\" ><div id=\"panel-263-1-0-0\" class=\"so-panel widget widget_siteorigin-panels-builder panel-first-child panel-last-child\" data-index=\"1\" ><div class=\"container panel-widget-style panel-widget-style-for-263-1-0-0\" ><div id=\"pl-w66c2d0a077be6\"  class=\"panel-layout\" ><div id=\"pg-w66c2d0a077be6-0\"  class=\"panel-grid panel-no-style\" ><div id=\"pgc-w66c2d0a077be6-0-0\"  class=\"panel-grid-cell\" ><div id=\"panel-w66c2d0a077be6-0-0-0\" class=\"so-panel widget widget_sow-editor panel-first-child panel-last-child\" data-index=\"0\" ><div class=\"Vaata-heading-slider-single-pdp panel-widget-style panel-widget-style-for-w66c2d0a077be6-0-0-0\" ><div\n\t\t\t\n\t\t\tclass=\"so-widget-sow-editor so-widget-sow-editor-base\"\n\t\t\t\n\t\t>\n<div class=\"siteorigin-widget-tinymce textwidget\">\n\t<h2>See also other products<\/h2>\n<\/div>\n<\/div><\/div><\/div><\/div><\/div><div id=\"pg-w66c2d0a077be6-1\"  class=\"panel-grid panel-no-style\" ><div id=\"pgc-w66c2d0a077be6-1-0\"  class=\"panel-grid-cell\" ><div id=\"panel-w66c2d0a077be6-1-0-0\" class=\"widget_text so-panel widget widget_custom_html panel-first-child panel-last-child\" data-index=\"1\" ><div class=\"textwidget custom-html-widget\"><style>\n\n<\/style>\n\n<!-- Slider main container -->\n<div class=\"swiper\" id=\"single-pdp-sp-tooteid\" >\n  <!-- Additional required wrapper -->\n  <div class=\"swiper-wrapper\">\n    <!-- Slides -->\n    <div class=\"swiper-slide\">\n\t\t\t<div class=\"single-swiper-tdlightjamun-container\">\n\t\t<div class=\"pdp-single-bottle-slider\">\n\t\t\t<a href=\"https:\/\/varskaoriginaal.ee\/en\/tooted\/varska-vurtsvasser-mustsostar\/\">\n\t\t\t<img decoding=\"async\" src=\"https:\/\/varskaoriginaal.ee\/wp-content\/uploads\/2024\/08\/Frame-3-15.png\" alt=\"\">\n\t\t\t<h3>\n\t\t\t\tV\u00e4rska Vurtsvasser Blackcurrant\n\t\t\t<\/h3>\n\t\t\t\t<\/a>\n\t\t\t<\/div>\n\t\t\t<\/div>\n\t\t<\/div>\n    <div class=\"swiper-slide\">\n\t\t\t<div class=\"single-swiper-tdlightcamel-container\">\n\t\t<div class=\"pdp-single-bottle-slider\">\n\t\t\t<a href=\"https:\/\/varskaoriginaal.ee\/en\/tooted\/varska-vurtsvasserpirn\/\">\n\t\t\t<img decoding=\"async\" src=\"https:\/\/varskaoriginaal.ee\/wp-content\/uploads\/2024\/08\/Frame-3-16.png\" alt=\"\">\n\t\t\t<h3>\n\t\t\t\tV\u00e4rska Vurtsvasser <br>Pear\n\t\t\t<\/h3>\n\t\t\t\t<\/a>\n\t\t\t<\/div>\n\t\t\t<\/div>\t\n\t\t<\/div>\n    <div class=\"swiper-slide\">\n\t\t\t<div class=\"single-swiper-tddarkgreen-container\">\n\t\t\t<div class=\"pdp-single-bottle-slider\">\n\t\t\t\t<a href=\"https:\/\/varskaoriginaal.ee\/en\/tooted\/varska-vurtsvasseroun\/\">\n\t\t\t<img decoding=\"async\" src=\"https:\/\/varskaoriginaal.ee\/wp-content\/uploads\/2024\/08\/Frame-3-17.png\" alt=\"\">\n\t\t\t<h3>\n\t\t\t\tV\u00e4rska Vurtsvasser <br>Apple\n\t\t\t<\/h3>\n\t\t\t\t<\/a>\n\t\t\t<\/div>\n\t\t\t\t<\/div>\n\t\t<\/div>\n\t\t    <div class=\"swiper-slide\">\n\t\t\t\t\t<div class=\"single-swiper-tdlightbabypink-container\">\n\t\t\t<div class=\"pdp-single-bottle-slider\">\n\t\t\t\t<a href=\"https:\/\/varskaoriginaal.ee\/en\/tooted\/varska-vurtsvasser-rabarberi-vaarika\/\">\n\t\t\t<img decoding=\"async\" src=\"https:\/\/varskaoriginaal.ee\/wp-content\/uploads\/2024\/08\/Frame-3-18.png\" alt=\"\">\n\t\t\t<h3>\n\t\t\t\tV\u00e4rska Vurtsvasser rhubarb-raspberry\n\t\t\t<\/h3>\n\t\t\t\t\t<\/a>\n\t\t\t<\/div>\n\t<\/div>\n\t\t<\/div>\n    <div class=\"swiper-slide\">\n\t\t\t<div class=\"single-swiper-tdlightjamun-container\">\n\t\t<div class=\"pdp-single-bottle-slider\">\n\t\t\t<a href=\"https:\/\/varskaoriginaal.ee\/en\/tooted\/varska-vurtsvasser-mustsostar\/\">\n\t\t\t<img decoding=\"async\" src=\"https:\/\/varskaoriginaal.ee\/wp-content\/uploads\/2024\/08\/Frame-3-15.png\" alt=\"\">\n\t\t\t<h3>\n\t\t\t\tV\u00e4rska Vurtsvasser Blackcurrant\n\t\t\t<\/h3>\n\t\t\t\t<\/a>\n\t\t\t<\/div>\n\t\t\t<\/div>\n\t\t<\/div>\n\t\t\n  <\/div>\n  <!-- If we need navigation buttons -->\n  <div class=\"swiper-button-prev\"><\/div>\n  <div class=\"swiper-button-next\"><\/div>\n<\/div><\/div><\/div><\/div><\/div><\/div><\/div><\/div><\/div><\/div><\/div><\/div>","protected":false},"excerpt":{"rendered":"<p>K\u00f5ik tooted V\u00e4rska Vurtsvasser \u00d5un V\u00e4rska Vurtsvasser on v\u00e4rskendav ja maitsev \u2013 kuid samas kasulik \u2013 gaseeritud janu kustutaja. Vurtsvasseril [&hellip;]<\/p>\n","protected":false},"author":5,"featured_media":0,"parent":168,"menu_order":0,"comment_status":"closed","ping_status":"closed","template":"","meta":{"inline_featured_image":false,"site-sidebar-layout":"no-sidebar","site-content-layout":"","ast-site-content-layout":"full-width-container","site-content-style":"default","site-sidebar-style":"default","ast-global-header-display":"","ast-banner-title-visibility":"","ast-main-header-display":"","ast-hfb-above-header-display":"","ast-hfb-below-header-display":"","ast-hfb-mobile-header-display":"","site-post-title":"disabled","ast-breadcrumbs-content":"","ast-featured-img":"","footer-sml-layout":"","ast-disable-related-posts":"","theme-transparent-header-meta":"default","adv-header-id-meta":"","stick-header-meta":"enabled","header-above-stick-meta":"","header-main-stick-meta":"on","header-below-stick-meta":"","astra-migrate-meta-layouts":"set","ast-page-background-enabled":"default","ast-page-background-meta":{"desktop":{"background-color":"var(--ast-global-color-4)","background-image":"","background-repeat":"repeat","background-position":"center center","background-size":"auto","background-attachment":"scroll","background-type":"","background-media":"","overlay-type":"","overlay-color":"","overlay-opacity":"","overlay-gradient":""},"tablet":{"background-color":"","background-image":"","background-repeat":"repeat","background-position":"center center","background-size":"auto","background-attachment":"scroll","background-type":"","background-media":"","overlay-type":"","overlay-color":"","overlay-opacity":"","overlay-gradient":""},"mobile":{"background-color":"","background-image":"","background-repeat":"repeat","background-position":"center center","background-size":"auto","background-attachment":"scroll","background-type":"","background-media":"","overlay-type":"","overlay-color":"","overlay-opacity":"","overlay-gradient":""}},"ast-content-background-meta":{"desktop":{"background-color":"var(--ast-global-color-5)","background-image":"","background-repeat":"repeat","background-position":"center center","background-size":"auto","background-attachment":"scroll","background-type":"","background-media":"","overlay-type":"","overlay-color":"","overlay-opacity":"","overlay-gradient":""},"tablet":{"background-color":"var(--ast-global-color-5)","background-image":"","background-repeat":"repeat","background-position":"center center","background-size":"auto","background-attachment":"scroll","background-type":"","background-media":"","overlay-type":"","overlay-color":"","overlay-opacity":"","overlay-gradient":""},"mobile":{"background-color":"var(--ast-global-color-5)","background-image":"","background-repeat":"repeat","background-position":"center center","background-size":"auto","background-attachment":"scroll","background-type":"","background-media":"","overlay-type":"","overlay-color":"","overlay-opacity":"","overlay-gradient":""}},"footnotes":""},"class_list":["post-263","page","type-page","status-publish","hentry"],"yoast_head":"<!-- This site is optimized with the Yoast SEO plugin v27.3 - https:\/\/yoast.com\/product\/yoast-seo-wordpress\/ -->\n<title>V\u00e4rska Vurtsvasser \u00d5un - V\u00e4rska Originaal<\/title>\n<meta name=\"description\" content=\"V\u00e4rska Vurtsvasser \u00d5un on v\u00e4rskendav ja maitsev \u2013 kuid samas kasulik \u2013 gaseeritud janu kustutaja.\" \/>\n<meta name=\"robots\" content=\"index, follow, max-snippet:-1, max-image-preview:large, max-video-preview:-1\" \/>\n<link rel=\"canonical\" href=\"https:\/\/varskaoriginaal.ee\/en\/tooted\/varska-vurtsvasseroun\/\" \/>\n<meta property=\"og:locale\" content=\"en_US\" \/>\n<meta property=\"og:type\" content=\"article\" \/>\n<meta property=\"og:title\" content=\"V\u00e4rska Vurtsvasser \u00d5un - V\u00e4rska Originaal\" \/>\n<meta property=\"og:description\" content=\"V\u00e4rska Vurtsvasser \u00d5un on v\u00e4rskendav ja maitsev \u2013 kuid samas kasulik \u2013 gaseeritud janu kustutaja.\" \/>\n<meta property=\"og:url\" content=\"https:\/\/varskaoriginaal.ee\/en\/tooted\/varska-vurtsvasseroun\/\" \/>\n<meta property=\"og:site_name\" content=\"V\u00e4rska Originaal\" \/>\n<meta property=\"article:modified_time\" content=\"2025-02-20T13:31:36+00:00\" \/>\n<meta name=\"twitter:card\" content=\"summary_large_image\" \/>\n<meta name=\"twitter:label1\" content=\"Est. reading time\" \/>\n\t<meta name=\"twitter:data1\" content=\"3 minutes\" \/>\n<script type=\"application\/ld+json\" class=\"yoast-schema-graph\">{\"@context\":\"https:\\\/\\\/schema.org\",\"@graph\":[{\"@type\":\"WebPage\",\"@id\":\"https:\\\/\\\/varskaoriginaal.ee\\\/tooted\\\/varska-vurtsvasseroun\\\/\",\"url\":\"https:\\\/\\\/varskaoriginaal.ee\\\/tooted\\\/varska-vurtsvasseroun\\\/\",\"name\":\"V\u00e4rska Vurtsvasser \u00d5un - V\u00e4rska Originaal\",\"isPartOf\":{\"@id\":\"https:\\\/\\\/varskaoriginaal.ee\\\/en\\\/#website\"},\"datePublished\":\"2024-07-17T14:18:12+00:00\",\"dateModified\":\"2025-02-20T13:31:36+00:00\",\"description\":\"V\u00e4rska Vurtsvasser \u00d5un on v\u00e4rskendav ja maitsev \u2013 kuid samas kasulik \u2013 gaseeritud janu kustutaja.\",\"breadcrumb\":{\"@id\":\"https:\\\/\\\/varskaoriginaal.ee\\\/tooted\\\/varska-vurtsvasseroun\\\/#breadcrumb\"},\"inLanguage\":\"en-US\",\"potentialAction\":[{\"@type\":\"ReadAction\",\"target\":[\"https:\\\/\\\/varskaoriginaal.ee\\\/tooted\\\/varska-vurtsvasseroun\\\/\"]}]},{\"@type\":\"BreadcrumbList\",\"@id\":\"https:\\\/\\\/varskaoriginaal.ee\\\/tooted\\\/varska-vurtsvasseroun\\\/#breadcrumb\",\"itemListElement\":[{\"@type\":\"ListItem\",\"position\":1,\"name\":\"Home\",\"item\":\"https:\\\/\\\/varskaoriginaal.ee\\\/\"},{\"@type\":\"ListItem\",\"position\":2,\"name\":\"Tooted\",\"item\":\"https:\\\/\\\/varskaoriginaal.ee\\\/tooted\\\/\"},{\"@type\":\"ListItem\",\"position\":3,\"name\":\"V\u00e4rska Vurtsvasser \u00d5un\"}]},{\"@type\":\"WebSite\",\"@id\":\"https:\\\/\\\/varskaoriginaal.ee\\\/en\\\/#website\",\"url\":\"https:\\\/\\\/varskaoriginaal.ee\\\/en\\\/\",\"name\":\"V\u00e4rska Originaal\",\"description\":\"V\u00e4rska Originaal\",\"publisher\":{\"@id\":\"https:\\\/\\\/varskaoriginaal.ee\\\/en\\\/#organization\"},\"potentialAction\":[{\"@type\":\"SearchAction\",\"target\":{\"@type\":\"EntryPoint\",\"urlTemplate\":\"https:\\\/\\\/varskaoriginaal.ee\\\/en\\\/?s={search_term_string}\"},\"query-input\":{\"@type\":\"PropertyValueSpecification\",\"valueRequired\":true,\"valueName\":\"search_term_string\"}}],\"inLanguage\":\"en-US\"},{\"@type\":\"Organization\",\"@id\":\"https:\\\/\\\/varskaoriginaal.ee\\\/en\\\/#organization\",\"name\":\"V\u00e4rska Originaal\",\"url\":\"https:\\\/\\\/varskaoriginaal.ee\\\/en\\\/\",\"logo\":{\"@type\":\"ImageObject\",\"inLanguage\":\"en-US\",\"@id\":\"https:\\\/\\\/varskaoriginaal.ee\\\/en\\\/#\\\/schema\\\/logo\\\/image\\\/\",\"url\":\"https:\\\/\\\/varskaoriginaal.ee\\\/wp-content\\\/uploads\\\/2024\\\/07\\\/Group-4.svg\",\"contentUrl\":\"https:\\\/\\\/varskaoriginaal.ee\\\/wp-content\\\/uploads\\\/2024\\\/07\\\/Group-4.svg\",\"width\":81,\"height\":55,\"caption\":\"V\u00e4rska Originaal\"},\"image\":{\"@id\":\"https:\\\/\\\/varskaoriginaal.ee\\\/en\\\/#\\\/schema\\\/logo\\\/image\\\/\"}}]}<\/script>\n<!-- \/ Yoast SEO plugin. -->","yoast_head_json":{"title":"V\u00e4rska Vurtsvasser \u00d5un - V\u00e4rska Originaal","description":"V\u00e4rska Vurtsvasser \u00d5un on v\u00e4rskendav ja maitsev \u2013 kuid samas kasulik \u2013 gaseeritud janu kustutaja.","robots":{"index":"index","follow":"follow","max-snippet":"max-snippet:-1","max-image-preview":"max-image-preview:large","max-video-preview":"max-video-preview:-1"},"canonical":"https:\/\/varskaoriginaal.ee\/en\/tooted\/varska-vurtsvasseroun\/","og_locale":"en_US","og_type":"article","og_title":"V\u00e4rska Vurtsvasser \u00d5un - V\u00e4rska Originaal","og_description":"V\u00e4rska Vurtsvasser \u00d5un on v\u00e4rskendav ja maitsev \u2013 kuid samas kasulik \u2013 gaseeritud janu kustutaja.","og_url":"https:\/\/varskaoriginaal.ee\/en\/tooted\/varska-vurtsvasseroun\/","og_site_name":"V\u00e4rska Originaal","article_modified_time":"2025-02-20T13:31:36+00:00","twitter_card":"summary_large_image","twitter_misc":{"Est. reading time":"3 minutes"},"schema":{"@context":"https:\/\/schema.org","@graph":[{"@type":"WebPage","@id":"https:\/\/varskaoriginaal.ee\/tooted\/varska-vurtsvasseroun\/","url":"https:\/\/varskaoriginaal.ee\/tooted\/varska-vurtsvasseroun\/","name":"V\u00e4rska Vurtsvasser \u00d5un - V\u00e4rska Originaal","isPartOf":{"@id":"https:\/\/varskaoriginaal.ee\/en\/#website"},"datePublished":"2024-07-17T14:18:12+00:00","dateModified":"2025-02-20T13:31:36+00:00","description":"V\u00e4rska Vurtsvasser \u00d5un on v\u00e4rskendav ja maitsev \u2013 kuid samas kasulik \u2013 gaseeritud janu kustutaja.","breadcrumb":{"@id":"https:\/\/varskaoriginaal.ee\/tooted\/varska-vurtsvasseroun\/#breadcrumb"},"inLanguage":"en-US","potentialAction":[{"@type":"ReadAction","target":["https:\/\/varskaoriginaal.ee\/tooted\/varska-vurtsvasseroun\/"]}]},{"@type":"BreadcrumbList","@id":"https:\/\/varskaoriginaal.ee\/tooted\/varska-vurtsvasseroun\/#breadcrumb","itemListElement":[{"@type":"ListItem","position":1,"name":"Home","item":"https:\/\/varskaoriginaal.ee\/"},{"@type":"ListItem","position":2,"name":"Tooted","item":"https:\/\/varskaoriginaal.ee\/tooted\/"},{"@type":"ListItem","position":3,"name":"V\u00e4rska Vurtsvasser \u00d5un"}]},{"@type":"WebSite","@id":"https:\/\/varskaoriginaal.ee\/en\/#website","url":"https:\/\/varskaoriginaal.ee\/en\/","name":"V\u00e4rska Original","description":"V\u00e4rska Original","publisher":{"@id":"https:\/\/varskaoriginaal.ee\/en\/#organization"},"potentialAction":[{"@type":"SearchAction","target":{"@type":"EntryPoint","urlTemplate":"https:\/\/varskaoriginaal.ee\/en\/?s={search_term_string}"},"query-input":{"@type":"PropertyValueSpecification","valueRequired":true,"valueName":"search_term_string"}}],"inLanguage":"en-US"},{"@type":"Organization","@id":"https:\/\/varskaoriginaal.ee\/en\/#organization","name":"V\u00e4rska Original","url":"https:\/\/varskaoriginaal.ee\/en\/","logo":{"@type":"ImageObject","inLanguage":"en-US","@id":"https:\/\/varskaoriginaal.ee\/en\/#\/schema\/logo\/image\/","url":"https:\/\/varskaoriginaal.ee\/wp-content\/uploads\/2024\/07\/Group-4.svg","contentUrl":"https:\/\/varskaoriginaal.ee\/wp-content\/uploads\/2024\/07\/Group-4.svg","width":81,"height":55,"caption":"V\u00e4rska Originaal"},"image":{"@id":"https:\/\/varskaoriginaal.ee\/en\/#\/schema\/logo\/image\/"}}]}},"_links":{"self":[{"href":"https:\/\/varskaoriginaal.ee\/en\/wp-json\/wp\/v2\/pages\/263","targetHints":{"allow":["GET"]}}],"collection":[{"href":"https:\/\/varskaoriginaal.ee\/en\/wp-json\/wp\/v2\/pages"}],"about":[{"href":"https:\/\/varskaoriginaal.ee\/en\/wp-json\/wp\/v2\/types\/page"}],"author":[{"embeddable":true,"href":"https:\/\/varskaoriginaal.ee\/en\/wp-json\/wp\/v2\/users\/5"}],"replies":[{"embeddable":true,"href":"https:\/\/varskaoriginaal.ee\/en\/wp-json\/wp\/v2\/comments?post=263"}],"version-history":[{"count":2,"href":"https:\/\/varskaoriginaal.ee\/en\/wp-json\/wp\/v2\/pages\/263\/revisions"}],"predecessor-version":[{"id":2234,"href":"https:\/\/varskaoriginaal.ee\/en\/wp-json\/wp\/v2\/pages\/263\/revisions\/2234"}],"up":[{"embeddable":true,"href":"https:\/\/varskaoriginaal.ee\/en\/wp-json\/wp\/v2\/pages\/168"}],"wp:attachment":[{"href":"https:\/\/varskaoriginaal.ee\/en\/wp-json\/wp\/v2\/media?parent=263"}],"curies":[{"name":"wp","href":"https:\/\/api.w.org\/{rel}","templated":true}]}}