{"id":2488,"date":"2026-04-30T10:49:43","date_gmt":"2026-04-30T07:49:43","guid":{"rendered":"https:\/\/varskaoriginaal.ee\/?page_id=2488"},"modified":"2026-04-30T15:43:16","modified_gmt":"2026-04-30T12:43:16","slug":"varska-granaatoun","status":"publish","type":"page","link":"https:\/\/varskaoriginaal.ee\/en\/tooted\/varska-granaatoun\/","title":{"rendered":"V\u00e4rska Pomegranate"},"content":{"rendered":"<div id=\"pl-2488\"  class=\"panel-layout\" ><div id=\"pg-2488-0\"  class=\"panel-grid panel-has-style\" ><div class=\"lsow-dark-bg panel-row-style panel-row-style-for-2488-0\" ><div id=\"pgc-2488-0-0\"  class=\"panel-grid-cell\" ><div id=\"panel-2488-0-0-0\" class=\"so-panel widget widget_siteorigin-panels-builder panel-first-child panel-last-child\" data-index=\"0\" ><div class=\"container panel-widget-style panel-widget-style-for-2488-0-0-0\" ><div id=\"pl-w69f34e6477b4b\"  class=\"panel-layout\" ><div id=\"pg-w69f34e6477b4b-0\"  class=\"panel-grid panel-has-style\" ><div id=\"check-bottle-size\" class=\"panel-row-style panel-row-style-for-w69f34e6477b4b-0\" ><div id=\"pgc-w69f34e6477b4b-0-0\"  class=\"panel-grid-cell\" ><div id=\"panel-w69f34e6477b4b-0-0-0\" class=\"so-panel widget widget_sow-editor panel-first-child\" data-index=\"0\" ><div class=\"Single-product-hero-secction-page panel-widget-style panel-widget-style-for-w69f34e6477b4b-0-0-0\" ><div\n\t\t\t\n\t\t\tclass=\"so-widget-sow-editor so-widget-sow-editor-base\"\n\t\t\t\n\t\t>\n<div class=\"siteorigin-widget-tinymce textwidget\">\n\t<p><a href=\"https:\/\/varskaoriginaal.ee\/en\/tooted\/\"><strong>All products<\/strong><\/a><\/p>\n<h1>V\u00e4rska Pomegranate<\/h1>\n<p>V\u00e4rska Pomegranate is a pomegranate-flavored sparkling water. Yes, it is actually the exact same natural, authentic, and original V\u00e4rska Originaal mineral water, sourced from borehole No. 7. This means that all the same health-benefiting minerals are present in this water, just as they should be\u2014only with a touch of added pomegranate.<\/p>\n<p>V\u00e4rska Pomegranate is the perfect companion for a delicious meal or a refreshing boost after a workout or on a hot day. It is available only as a carbonated drink.<\/p>\n<\/div>\n<\/div><\/div><\/div><div id=\"panel-w69f34e6477b4b-0-0-1\" class=\"widget_text so-panel widget widget_custom_html\" data-index=\"1\" ><div class=\"widget_text custom-single-product-page-according panel-widget-style panel-widget-style-for-w69f34e6477b4b-0-0-1\" ><div class=\"textwidget custom-html-widget\"><div id=\"accordion\" class=\"accordion\">\n<div class=\"card mb-0\">\n   <div class=\"card-header collapsed\" data-toggle=\"collapse\" href=\"#collapseOne\">\n      <a class=\"card-title\">Mineral content<\/a>\n   <\/div>\n<div id=\"collapseOne\" class=\"card-body collapse\" data-parent=\"#accordion\">\n<p>Mineral content <strong>2,0-2,4g\/l<\/strong><\/p>\n<p>Cl <strong>1280 - 1410 mg\/l<\/strong><\/p>\n<p>SO4\u00b2 <strong>16 - 21 mg\/l<\/strong><\/p>\n<p>Na+ <strong>605 - 670 mg\/l<\/strong> <\/p>\n<p>Ca\u00b2+ <strong>116 - 129 mg\/l<\/strong><\/p> \n<p>K+ <strong>19,5 - 21,5 mg\/l<\/strong> <\/p>\n<p>Mg\u00b2+ <strong>40 - 44,5 mg\/l<\/strong> <\/p>\n<\/div>\n<\/div>\n<\/div><\/div><\/div><\/div><div id=\"panel-w69f34e6477b4b-0-0-2\" class=\"so-panel widget widget_sow-editor panel-last-child\" data-index=\"2\" ><div class=\"tooted-sugavus-img-sec panel-widget-style panel-widget-style-for-w69f34e6477b4b-0-0-2\" ><div\n\t\t\t\n\t\t\tclass=\"so-widget-sow-editor so-widget-sow-editor-base\"\n\t\t\t\n\t\t>\n<div class=\"siteorigin-widget-tinymce textwidget\">\n\t<\/div>\n<\/div><\/div><\/div><\/div><div id=\"pgc-w69f34e6477b4b-0-1\"  class=\"panel-grid-cell\" ><div id=\"panel-w69f34e6477b4b-0-1-0\" class=\"widget_text so-panel widget widget_custom_html panel-first-child\" data-index=\"3\" ><div class=\"textwidget custom-html-widget\"><div class=\"varska-bottle-selector\">\n    <div class=\"varska-bottle-container\">\n        <img decoding=\"async\" style=\"max-height:500px\" src=\"https:\/\/varskaoriginaal.ee\/wp-content\/uploads\/2026\/04\/VarskaGranaat_15PET_2025-scaled.png\" alt=\"V\u00e4rska Granaat\u00f5un\" class=\"varska-bottle active\" data-volume=\"1\">\n    <\/div>\n    <div class=\"varska-volume-selector\">\n                <button class=\"varska-arrow varska-arrow-up\"><img decoding=\"async\" src=\"https:\/\/varskaoriginaal.ee\/wp-content\/uploads\/2024\/07\/Group-1226.svg\"><\/button>\n        <button class=\"varska-volume-option active\" data-volume=\"1\">1.5 L<\/button>\n        <button class=\"varska-arrow varska-arrow-down\"><img decoding=\"async\" src=\"https:\/\/varskaoriginaal.ee\/wp-content\/uploads\/2024\/07\/Component-30-\u2013-1.svg\"><\/button>\n    <\/div>\n<\/div>\n<\/div><\/div><div id=\"panel-w69f34e6477b4b-0-1-1\" class=\"widget_text so-panel widget widget_custom_html panel-last-child\" data-index=\"4\" ><div class=\"widget_text single-product-btn-set panel-widget-style panel-widget-style-for-w69f34e6477b4b-0-1-1\" ><div class=\"textwidget custom-html-widget\"><a href=\"#\" onclick=\"downloadImage('https:\/\/varskaoriginaal.ee\/wp-content\/uploads\/2026\/04\/VarskaGranaat_15PET_2025-scaled.png')\">DOWNLOAD PRODUCT BELOW<\/a><\/div><\/div><\/div><\/div><\/div><\/div><\/div><\/div><\/div><\/div><\/div><\/div><div id=\"pg-2488-1\"  class=\"panel-grid panel-has-style\" ><div class=\"panel-row-style panel-row-style-for-2488-1\" ><div id=\"pgc-2488-1-0\"  class=\"panel-grid-cell\" ><div id=\"panel-2488-1-0-0\" class=\"so-panel widget widget_siteorigin-panels-builder panel-first-child panel-last-child\" data-index=\"1\" ><div class=\"container panel-widget-style panel-widget-style-for-2488-1-0-0\" ><div id=\"pl-w69f3044e401e1\"  class=\"panel-layout\" ><div id=\"pg-w69f3044e401e1-0\"  class=\"panel-grid panel-no-style\" ><div id=\"pgc-w69f3044e401e1-0-0\"  class=\"panel-grid-cell\" ><div id=\"panel-w69f3044e401e1-0-0-0\" class=\"so-panel widget widget_sow-editor panel-first-child panel-last-child\" data-index=\"0\" ><div class=\"Vaata-heading-slider-single-pdp panel-widget-style panel-widget-style-for-w69f3044e401e1-0-0-0\" ><div\n\t\t\t\n\t\t\tclass=\"so-widget-sow-editor so-widget-sow-editor-base\"\n\t\t\t\n\t\t>\n<div class=\"siteorigin-widget-tinymce textwidget\">\n\t<h2>See also other products<\/h2>\n<\/div>\n<\/div><\/div><\/div><\/div><\/div><div id=\"pg-w69f3044e401e1-1\"  class=\"panel-grid panel-no-style\" ><div id=\"pgc-w69f3044e401e1-1-0\"  class=\"panel-grid-cell\" ><div id=\"panel-w69f3044e401e1-1-0-0\" class=\"widget_text so-panel widget widget_custom_html panel-first-child panel-last-child\" data-index=\"1\" ><div class=\"textwidget custom-html-widget\"><style>\n\n<\/style>\n\n<!-- Slider main container -->\n<div class=\"swiper\" id=\"single-pdp-sp-tooteid\" >\n  <!-- Additional required wrapper -->\n  <div class=\"swiper-wrapper\">\n    <!-- Slides -->\n    <div class=\"swiper-slide\">\n\t\t\t<div class=\"single-swiper-tdlightenclorsky-container\">\n\t\t<div class=\"pdp-single-bottle-slider\">\n\t\t\t<a href=\"https:\/\/varskaoriginaal.ee\/en\/tooted\/varska-naturaal-gaasita-klaaspudelis\/\">\n\t\t\t<img decoding=\"async\" src=\"https:\/\/varskaoriginaal.ee\/wp-content\/uploads\/2024\/08\/Frame-3-11.png\" alt=\"\">\n\t\t\t<h3>\n\t\t\t\tV\u00e4rska Natural<br> Glass Bottle\n\t\t\t<\/h3>\n\t\t\t\t<\/a>\n\t\t\t<\/div>\n\t\t\t<\/div>\n\t\t<\/div>\n    <div class=\"swiper-slide\">\n\t\t\t<div class=\"single-swiper-tdlightgrap-container\">\n\t\t<div class=\"pdp-single-bottle-slider\">\n\t\t\t<a href=\"https:\/\/varskaoriginaal.ee\/en\/tooted\/varska-naturaal-plus-apelsin-passion\/\">\n\t\t\t<img decoding=\"async\" src=\"https:\/\/varskaoriginaal.ee\/wp-content\/uploads\/2024\/08\/Frame-3-12.png\" alt=\"\">\n\t\t\t<h3>\n\t\t\t\tV\u00e4rska Naturaal Plus orange + passion\n\t\t\t<\/h3>\n\t\t\t\t<\/a>\n\t\t\t<\/div>\n\t\t\t<\/div>\t\n\t\t<\/div>\n    <div class=\"swiper-slide\">\n\t\t\t<div class=\"single-swiper-tdlightbitgreen-container\">\n\t\t\t<div class=\"pdp-single-bottle-slider\">\n\t\t\t\t<a href=\"https:\/\/varskaoriginaal.ee\/en\/tooted\/varska-naturaal-plusaloe-vera-yuzu\/\">\n\t\t\t<img decoding=\"async\" src=\"https:\/\/varskaoriginaal.ee\/wp-content\/uploads\/2024\/08\/Frame-3-13.png\" alt=\"\">\n\t\t\t<h3>\n\t\t\t\tV\u00e4rska Naturaal Plus <br>aloe vera \u2013 yuzu\n\t\t\t<\/h3>\n\t\t\t\t<\/a>\n\t\t\t<\/div>\n\t\t\t\t<\/div>\n\t\t<\/div>\n\t\t    <div class=\"swiper-slide\">\n\t\t\t\t\t<div class=\"single-swiper-tdlightdrakpink-container\">\n\t\t\t<div class=\"pdp-single-bottle-slider\">\n\t\t\t\t<a href=\"https:\/\/varskaoriginaal.ee\/en\/tooted\/varska-naturaal-plus-goji-johvikas\/\">\n\t\t\t<img decoding=\"async\" src=\"https:\/\/varskaoriginaal.ee\/wp-content\/uploads\/2024\/08\/Frame-3-14.png\" alt=\"\">\n\t\t\t<h3>\n\t\t\t\tV\u00e4rska Naturaal Plus <br>goji \u2013 j\u00f5hvikas\n\t\t\t<\/h3>\n\t\t\t\t\t<\/a>\n\t\t\t<\/div>\n\t<\/div>\n\t\t<\/div>\n    <div class=\"swiper-slide\">\n\t\t\t<div class=\"single-swiper-tdlightgreen-container\">\n\t\t<div class=\"pdp-single-bottle-slider\">\n\t\t\t<a href=\"https:\/\/varskaoriginaal.ee\/en\/tooted\/varska-naturaal-gaasita-klaaspudelis\/\">\n\t\t\t<img decoding=\"async\" src=\"https:\/\/varskaoriginaal.ee\/wp-content\/uploads\/2024\/08\/Frame-3-10.png\" alt=\"\">\n\t\t\t<h3>\n\t\t\t\tV\u00e4rska Natural <br>Glass Bottle\n\t\t\t<\/h3>\n\t\t\t\t<\/a>\n\t\t\t<\/div>\n\t\t\t<\/div>\n\t\t<\/div>\n\t\t\n  <\/div>\n  <!-- If we need navigation buttons -->\n  <div class=\"swiper-button-prev\"><\/div>\n  <div class=\"swiper-button-next\"><\/div>\n<\/div><\/div><\/div><\/div><\/div><\/div><\/div><\/div><\/div><\/div><\/div><\/div>","protected":false},"excerpt":{"rendered":"<p>K\u00f5ik tooted V\u00e4rska Granaat\u00f5un V\u00e4rska Granaat\u00f5un on granaat\u00f5unamaitseline gaseeritud vesi. Jah, see on tegelikult t\u00e4pselt seesama looduslik, autentne ja originaalne [&hellip;]<\/p>\n","protected":false},"author":8,"featured_media":0,"parent":168,"menu_order":0,"comment_status":"closed","ping_status":"closed","template":"","meta":{"inline_featured_image":false,"site-sidebar-layout":"no-sidebar","site-content-layout":"","ast-site-content-layout":"full-width-container","site-content-style":"default","site-sidebar-style":"default","ast-global-header-display":"","ast-banner-title-visibility":"","ast-main-header-display":"","ast-hfb-above-header-display":"","ast-hfb-below-header-display":"","ast-hfb-mobile-header-display":"","site-post-title":"disabled","ast-breadcrumbs-content":"","ast-featured-img":"","footer-sml-layout":"","ast-disable-related-posts":"","theme-transparent-header-meta":"default","adv-header-id-meta":"","stick-header-meta":"enabled","header-above-stick-meta":"","header-main-stick-meta":"on","header-below-stick-meta":"","astra-migrate-meta-layouts":"set","ast-page-background-enabled":"default","ast-page-background-meta":{"desktop":{"background-color":"var(--ast-global-color-4)","background-image":"","background-repeat":"repeat","background-position":"center center","background-size":"auto","background-attachment":"scroll","background-type":"","background-media":"","overlay-type":"","overlay-color":"","overlay-opacity":"","overlay-gradient":""},"tablet":{"background-color":"","background-image":"","background-repeat":"repeat","background-position":"center center","background-size":"auto","background-attachment":"scroll","background-type":"","background-media":"","overlay-type":"","overlay-color":"","overlay-opacity":"","overlay-gradient":""},"mobile":{"background-color":"","background-image":"","background-repeat":"repeat","background-position":"center center","background-size":"auto","background-attachment":"scroll","background-type":"","background-media":"","overlay-type":"","overlay-color":"","overlay-opacity":"","overlay-gradient":""}},"ast-content-background-meta":{"desktop":{"background-color":"var(--ast-global-color-5)","background-image":"","background-repeat":"repeat","background-position":"center center","background-size":"auto","background-attachment":"scroll","background-type":"","background-media":"","overlay-type":"","overlay-color":"","overlay-opacity":"","overlay-gradient":""},"tablet":{"background-color":"var(--ast-global-color-5)","background-image":"","background-repeat":"repeat","background-position":"center center","background-size":"auto","background-attachment":"scroll","background-type":"","background-media":"","overlay-type":"","overlay-color":"","overlay-opacity":"","overlay-gradient":""},"mobile":{"background-color":"var(--ast-global-color-5)","background-image":"","background-repeat":"repeat","background-position":"center center","background-size":"auto","background-attachment":"scroll","background-type":"","background-media":"","overlay-type":"","overlay-color":"","overlay-opacity":"","overlay-gradient":""}},"footnotes":""},"class_list":["post-2488","page","type-page","status-publish","hentry"],"yoast_head":"<!-- This site is optimized with the Yoast SEO plugin v27.3 - https:\/\/yoast.com\/product\/yoast-seo-wordpress\/ -->\n<title>V\u00e4rska Granaat\u00f5un - V\u00e4rska Originaal<\/title>\n<meta name=\"description\" content=\"V\u00e4rska Naturaal Plus aloe vera + yuzu on t\u00f5eliselt ainulaadne \u2013 esimene maitsestatud vesi Eestis, mis p\u00f5hineb looduslikul V\u00e4rska Naturaalsel mineraalveel.\" \/>\n<meta name=\"robots\" content=\"index, follow, max-snippet:-1, max-image-preview:large, max-video-preview:-1\" \/>\n<link rel=\"canonical\" href=\"https:\/\/varskaoriginaal.ee\/en\/tooted\/varska-granaatoun\/\" \/>\n<meta property=\"og:locale\" content=\"en_US\" \/>\n<meta property=\"og:type\" content=\"article\" \/>\n<meta property=\"og:title\" content=\"V\u00e4rska Granaat\u00f5un - V\u00e4rska Originaal\" \/>\n<meta property=\"og:description\" content=\"V\u00e4rska Naturaal Plus aloe vera + yuzu on t\u00f5eliselt ainulaadne \u2013 esimene maitsestatud vesi Eestis, mis p\u00f5hineb looduslikul V\u00e4rska Naturaalsel mineraalveel.\" \/>\n<meta property=\"og:url\" content=\"https:\/\/varskaoriginaal.ee\/en\/tooted\/varska-granaatoun\/\" \/>\n<meta property=\"og:site_name\" content=\"V\u00e4rska Originaal\" \/>\n<meta property=\"article:modified_time\" content=\"2026-04-30T12:43:16+00:00\" \/>\n<meta name=\"twitter:card\" content=\"summary_large_image\" \/>\n<meta name=\"twitter:label1\" content=\"Est. reading time\" \/>\n\t<meta name=\"twitter:data1\" content=\"3 minutes\" \/>\n<script type=\"application\/ld+json\" class=\"yoast-schema-graph\">{\"@context\":\"https:\\\/\\\/schema.org\",\"@graph\":[{\"@type\":\"WebPage\",\"@id\":\"https:\\\/\\\/varskaoriginaal.ee\\\/tooted\\\/varska-granaatoun\\\/\",\"url\":\"https:\\\/\\\/varskaoriginaal.ee\\\/tooted\\\/varska-granaatoun\\\/\",\"name\":\"V\u00e4rska Granaat\u00f5un - V\u00e4rska Originaal\",\"isPartOf\":{\"@id\":\"https:\\\/\\\/varskaoriginaal.ee\\\/en\\\/#website\"},\"datePublished\":\"2026-04-30T07:49:43+00:00\",\"dateModified\":\"2026-04-30T12:43:16+00:00\",\"description\":\"V\u00e4rska Naturaal Plus aloe vera + yuzu on t\u00f5eliselt ainulaadne \u2013 esimene maitsestatud vesi Eestis, mis p\u00f5hineb looduslikul V\u00e4rska Naturaalsel mineraalveel.\",\"breadcrumb\":{\"@id\":\"https:\\\/\\\/varskaoriginaal.ee\\\/tooted\\\/varska-granaatoun\\\/#breadcrumb\"},\"inLanguage\":\"en-US\",\"potentialAction\":[{\"@type\":\"ReadAction\",\"target\":[\"https:\\\/\\\/varskaoriginaal.ee\\\/tooted\\\/varska-granaatoun\\\/\"]}]},{\"@type\":\"BreadcrumbList\",\"@id\":\"https:\\\/\\\/varskaoriginaal.ee\\\/tooted\\\/varska-granaatoun\\\/#breadcrumb\",\"itemListElement\":[{\"@type\":\"ListItem\",\"position\":1,\"name\":\"Home\",\"item\":\"https:\\\/\\\/varskaoriginaal.ee\\\/\"},{\"@type\":\"ListItem\",\"position\":2,\"name\":\"Tooted\",\"item\":\"https:\\\/\\\/varskaoriginaal.ee\\\/tooted\\\/\"},{\"@type\":\"ListItem\",\"position\":3,\"name\":\"V\u00e4rska Granaat\u00f5un\"}]},{\"@type\":\"WebSite\",\"@id\":\"https:\\\/\\\/varskaoriginaal.ee\\\/en\\\/#website\",\"url\":\"https:\\\/\\\/varskaoriginaal.ee\\\/en\\\/\",\"name\":\"V\u00e4rska Originaal\",\"description\":\"V\u00e4rska Originaal\",\"publisher\":{\"@id\":\"https:\\\/\\\/varskaoriginaal.ee\\\/en\\\/#organization\"},\"potentialAction\":[{\"@type\":\"SearchAction\",\"target\":{\"@type\":\"EntryPoint\",\"urlTemplate\":\"https:\\\/\\\/varskaoriginaal.ee\\\/en\\\/?s={search_term_string}\"},\"query-input\":{\"@type\":\"PropertyValueSpecification\",\"valueRequired\":true,\"valueName\":\"search_term_string\"}}],\"inLanguage\":\"en-US\"},{\"@type\":\"Organization\",\"@id\":\"https:\\\/\\\/varskaoriginaal.ee\\\/en\\\/#organization\",\"name\":\"V\u00e4rska Originaal\",\"url\":\"https:\\\/\\\/varskaoriginaal.ee\\\/en\\\/\",\"logo\":{\"@type\":\"ImageObject\",\"inLanguage\":\"en-US\",\"@id\":\"https:\\\/\\\/varskaoriginaal.ee\\\/en\\\/#\\\/schema\\\/logo\\\/image\\\/\",\"url\":\"https:\\\/\\\/varskaoriginaal.ee\\\/wp-content\\\/uploads\\\/2024\\\/07\\\/Group-4.svg\",\"contentUrl\":\"https:\\\/\\\/varskaoriginaal.ee\\\/wp-content\\\/uploads\\\/2024\\\/07\\\/Group-4.svg\",\"width\":81,\"height\":55,\"caption\":\"V\u00e4rska Originaal\"},\"image\":{\"@id\":\"https:\\\/\\\/varskaoriginaal.ee\\\/en\\\/#\\\/schema\\\/logo\\\/image\\\/\"}}]}<\/script>\n<!-- \/ Yoast SEO plugin. -->","yoast_head_json":{"title":"V\u00e4rska Granaat\u00f5un - V\u00e4rska Originaal","description":"V\u00e4rska Naturaal Plus aloe vera + yuzu on t\u00f5eliselt ainulaadne \u2013 esimene maitsestatud vesi Eestis, mis p\u00f5hineb looduslikul V\u00e4rska Naturaalsel mineraalveel.","robots":{"index":"index","follow":"follow","max-snippet":"max-snippet:-1","max-image-preview":"max-image-preview:large","max-video-preview":"max-video-preview:-1"},"canonical":"https:\/\/varskaoriginaal.ee\/en\/tooted\/varska-granaatoun\/","og_locale":"en_US","og_type":"article","og_title":"V\u00e4rska Granaat\u00f5un - V\u00e4rska Originaal","og_description":"V\u00e4rska Naturaal Plus aloe vera + yuzu on t\u00f5eliselt ainulaadne \u2013 esimene maitsestatud vesi Eestis, mis p\u00f5hineb looduslikul V\u00e4rska Naturaalsel mineraalveel.","og_url":"https:\/\/varskaoriginaal.ee\/en\/tooted\/varska-granaatoun\/","og_site_name":"V\u00e4rska Originaal","article_modified_time":"2026-04-30T12:43:16+00:00","twitter_card":"summary_large_image","twitter_misc":{"Est. reading time":"3 minutes"},"schema":{"@context":"https:\/\/schema.org","@graph":[{"@type":"WebPage","@id":"https:\/\/varskaoriginaal.ee\/tooted\/varska-granaatoun\/","url":"https:\/\/varskaoriginaal.ee\/tooted\/varska-granaatoun\/","name":"V\u00e4rska Granaat\u00f5un - V\u00e4rska Originaal","isPartOf":{"@id":"https:\/\/varskaoriginaal.ee\/en\/#website"},"datePublished":"2026-04-30T07:49:43+00:00","dateModified":"2026-04-30T12:43:16+00:00","description":"V\u00e4rska Naturaal Plus aloe vera + yuzu on t\u00f5eliselt ainulaadne \u2013 esimene maitsestatud vesi Eestis, mis p\u00f5hineb looduslikul V\u00e4rska Naturaalsel mineraalveel.","breadcrumb":{"@id":"https:\/\/varskaoriginaal.ee\/tooted\/varska-granaatoun\/#breadcrumb"},"inLanguage":"en-US","potentialAction":[{"@type":"ReadAction","target":["https:\/\/varskaoriginaal.ee\/tooted\/varska-granaatoun\/"]}]},{"@type":"BreadcrumbList","@id":"https:\/\/varskaoriginaal.ee\/tooted\/varska-granaatoun\/#breadcrumb","itemListElement":[{"@type":"ListItem","position":1,"name":"Home","item":"https:\/\/varskaoriginaal.ee\/"},{"@type":"ListItem","position":2,"name":"Tooted","item":"https:\/\/varskaoriginaal.ee\/tooted\/"},{"@type":"ListItem","position":3,"name":"V\u00e4rska Granaat\u00f5un"}]},{"@type":"WebSite","@id":"https:\/\/varskaoriginaal.ee\/en\/#website","url":"https:\/\/varskaoriginaal.ee\/en\/","name":"V\u00e4rska Original","description":"V\u00e4rska Original","publisher":{"@id":"https:\/\/varskaoriginaal.ee\/en\/#organization"},"potentialAction":[{"@type":"SearchAction","target":{"@type":"EntryPoint","urlTemplate":"https:\/\/varskaoriginaal.ee\/en\/?s={search_term_string}"},"query-input":{"@type":"PropertyValueSpecification","valueRequired":true,"valueName":"search_term_string"}}],"inLanguage":"en-US"},{"@type":"Organization","@id":"https:\/\/varskaoriginaal.ee\/en\/#organization","name":"V\u00e4rska Original","url":"https:\/\/varskaoriginaal.ee\/en\/","logo":{"@type":"ImageObject","inLanguage":"en-US","@id":"https:\/\/varskaoriginaal.ee\/en\/#\/schema\/logo\/image\/","url":"https:\/\/varskaoriginaal.ee\/wp-content\/uploads\/2024\/07\/Group-4.svg","contentUrl":"https:\/\/varskaoriginaal.ee\/wp-content\/uploads\/2024\/07\/Group-4.svg","width":81,"height":55,"caption":"V\u00e4rska Originaal"},"image":{"@id":"https:\/\/varskaoriginaal.ee\/en\/#\/schema\/logo\/image\/"}}]}},"_links":{"self":[{"href":"https:\/\/varskaoriginaal.ee\/en\/wp-json\/wp\/v2\/pages\/2488","targetHints":{"allow":["GET"]}}],"collection":[{"href":"https:\/\/varskaoriginaal.ee\/en\/wp-json\/wp\/v2\/pages"}],"about":[{"href":"https:\/\/varskaoriginaal.ee\/en\/wp-json\/wp\/v2\/types\/page"}],"author":[{"embeddable":true,"href":"https:\/\/varskaoriginaal.ee\/en\/wp-json\/wp\/v2\/users\/8"}],"replies":[{"embeddable":true,"href":"https:\/\/varskaoriginaal.ee\/en\/wp-json\/wp\/v2\/comments?post=2488"}],"version-history":[{"count":8,"href":"https:\/\/varskaoriginaal.ee\/en\/wp-json\/wp\/v2\/pages\/2488\/revisions"}],"predecessor-version":[{"id":2516,"href":"https:\/\/varskaoriginaal.ee\/en\/wp-json\/wp\/v2\/pages\/2488\/revisions\/2516"}],"up":[{"embeddable":true,"href":"https:\/\/varskaoriginaal.ee\/en\/wp-json\/wp\/v2\/pages\/168"}],"wp:attachment":[{"href":"https:\/\/varskaoriginaal.ee\/en\/wp-json\/wp\/v2\/media?parent=2488"}],"curies":[{"name":"wp","href":"https:\/\/api.w.org\/{rel}","templated":true}]}}