{"id":232,"date":"2024-07-17T14:35:24","date_gmt":"2024-07-17T13:35:24","guid":{"rendered":"https:\/\/varskaoriginaal.ee\/?page_id=232"},"modified":"2025-08-13T14:10:54","modified_gmt":"2025-08-13T11:10:54","slug":"varska-naturaal-gaasiga","status":"publish","type":"page","link":"https:\/\/varskaoriginaal.ee\/en\/tooted\/varska-naturaal-gaasiga\/","title":{"rendered":"V\u00e4rska Naturaal carbonated"},"content":{"rendered":"<div id=\"pl-232\"  class=\"panel-layout\" ><div id=\"pg-232-0\"  class=\"panel-grid panel-has-style\" ><div class=\"lsow-dark-bg panel-row-style panel-row-style-for-232-0\" ><div id=\"pgc-232-0-0\"  class=\"panel-grid-cell\" ><div id=\"panel-232-0-0-0\" class=\"so-panel widget widget_siteorigin-panels-builder panel-first-child panel-last-child\" data-index=\"0\" ><div class=\"container panel-widget-style panel-widget-style-for-232-0-0-0\" ><div id=\"pl-w689c72be347bf\"  class=\"panel-layout\" ><div id=\"pg-w689c72be347bf-0\"  class=\"panel-grid panel-has-style\" ><div id=\"check-bottle-size\" class=\"panel-row-style panel-row-style-for-w689c72be347bf-0\" ><div id=\"pgc-w689c72be347bf-0-0\"  class=\"panel-grid-cell\" ><div id=\"panel-w689c72be347bf-0-0-0\" class=\"so-panel widget widget_sow-editor panel-first-child\" data-index=\"0\" ><div class=\"Single-product-hero-secction-page panel-widget-style panel-widget-style-for-w689c72be347bf-0-0-0\" ><div\n\t\t\t\n\t\t\tclass=\"so-widget-sow-editor so-widget-sow-editor-base\"\n\t\t\t\n\t\t>\n<div class=\"siteorigin-widget-tinymce textwidget\">\n\t<p><a href=\"https:\/\/varskaoriginaal.ee\/en\/tooted\/\"><strong>All products<\/strong><\/a><\/p>\n<h1>V\u00e4rska Naturaal carbonated<\/h1>\n<p>V\u00e4rska Natural is exceptionally clean and fresh natural spring water. It comes from our own borehole No. 8 and is bottled right at its discovery site.<\/p>\n<p>Since it comes from the higher mineral water layers of the earth, it contains less minerals than V\u00e4rska Originaal. Therefore, V\u00e4rska Naturaal does not have a salty taste. It offers refreshment and is ideal for the whole family to quench thirst or to drink with food.<\/p>\n<\/div>\n<\/div><\/div><\/div><div id=\"panel-w689c72be347bf-0-0-1\" class=\"widget_text so-panel widget widget_custom_html\" data-index=\"1\" ><div class=\"widget_text custom-single-product-page-according panel-widget-style panel-widget-style-for-w689c72be347bf-0-0-1\" ><div class=\"textwidget custom-html-widget\"><div id=\"accordion\" class=\"accordion\">\n<div class=\"card mb-0\">\n   <div class=\"card-header collapsed\" data-toggle=\"collapse\" href=\"#collapseOne\">\n      <a class=\"card-title\">Mineral content<\/a>\n   <\/div>\n<div id=\"collapseOne\" class=\"card-body collapse\" data-parent=\"#accordion\">\n<p>Cl <strong>8 - 10 mg\/l<\/strong><\/p>\n<p>SO4 <strong>8 - 10 mg\/l<\/strong><\/p>\n<p>Na <strong>2 - 3 mg\/l<\/strong> <\/p>\n<p>Ca <strong>45 - 50 mg\/l<\/strong><\/p> \n<p>K <strong>2,5 - 3,5 mg\/l<\/strong> <\/p>\n<p>Mg <strong>12 - 15 mg\/l<\/strong> <\/p>\n<p>pH <strong>4 - 5<\/strong> <\/p>\n<\/div>\n<\/div>\n<\/div><\/div><\/div><\/div><div id=\"panel-w689c72be347bf-0-0-2\" class=\"so-panel widget widget_sow-editor panel-last-child\" data-index=\"2\" ><div class=\"tooted-sugavus-img-sec panel-widget-style panel-widget-style-for-w689c72be347bf-0-0-2\" ><div\n\t\t\t\n\t\t\tclass=\"so-widget-sow-editor so-widget-sow-editor-base\"\n\t\t\t\n\t\t>\n<div class=\"siteorigin-widget-tinymce textwidget\">\n\t<p><img loading=\"lazy\" decoding=\"async\" class=\"alignnone size-full wp-image-483\" src=\"https:\/\/varskaoriginaal.ee\/wp-content\/uploads\/2024\/07\/Component-88-\u2013-1.svg\" alt=\"\" width=\"323\" height=\"93\" \/><\/p>\n<\/div>\n<\/div><\/div><\/div><\/div><div id=\"pgc-w689c72be347bf-0-1\"  class=\"panel-grid-cell\" ><div id=\"panel-w689c72be347bf-0-1-0\" class=\"widget_text so-panel widget widget_custom_html panel-first-child\" data-index=\"3\" ><div class=\"textwidget custom-html-widget\"><div class=\"varska-bottle-selector\">\n    <div class=\"varska-bottle-container\">\n        <img decoding=\"async\" src=\"https:\/\/varskaoriginaal.ee\/wp-content\/uploads\/2024\/09\/Frame-10.png\" alt=\"Varska Bottle 1.5L\" class=\"varska-bottle active\" data-volume=\"1.5\">\n        <img decoding=\"async\" src=\"https:\/\/varskaoriginaal.ee\/wp-content\/uploads\/2024\/09\/Frame-11.png\" alt=\"Varska Bottle 0.5L\" class=\"varska-bottle\" data-volume=\"0.5\">\n    <\/div>\n    <div class=\"varska-volume-selector\">\n        <button class=\"varska-arrow varska-arrow-up\"><img decoding=\"async\" src=\"https:\/\/varskaoriginaal.ee\/wp-content\/uploads\/2024\/07\/Group-1226.svg\"><\/button>\n        <button class=\"varska-volume-option\" data-volume=\"1.5\">1.5 L<\/button>\n        <button class=\"varska-volume-option active\" data-volume=\"0.5\">0.5 L<\/button>\n        <button class=\"varska-arrow varska-arrow-down\"><img decoding=\"async\" src=\"https:\/\/varskaoriginaal.ee\/wp-content\/uploads\/2024\/07\/Component-30-\u2013-1.svg\"><\/button>\n    <\/div>\n<\/div><\/div><\/div><div id=\"panel-w689c72be347bf-0-1-1\" class=\"so-panel widget widget_sow-editor panel-last-child\" data-index=\"4\" ><div class=\"single-product-btn-set panel-widget-style panel-widget-style-for-w689c72be347bf-0-1-1\" ><div\n\t\t\t\n\t\t\tclass=\"so-widget-sow-editor so-widget-sow-editor-base\"\n\t\t\t\n\t\t>\n<div class=\"siteorigin-widget-tinymce textwidget\">\n\t<p><a href=\"#\" onclick=\"downloadImage('https:\/\/varskaoriginaal.ee\/wp-content\/uploads\/2024\/07\/VarskaNaturaal_15L_PET_carb.png')\">DOWNLOAD PRODUCT BELOW<\/a><\/p>\n<\/div>\n<\/div><\/div><\/div><\/div><\/div><\/div><\/div><\/div><\/div><\/div><\/div><\/div><div id=\"pg-232-1\"  class=\"panel-grid panel-has-style\" ><div class=\"panel-row-style panel-row-style-for-232-1\" ><div id=\"pgc-232-1-0\"  class=\"panel-grid-cell\" ><div id=\"panel-232-1-0-0\" class=\"so-panel widget widget_siteorigin-panels-builder panel-first-child panel-last-child\" data-index=\"1\" ><div class=\"container panel-widget-style panel-widget-style-for-232-1-0-0\" ><div id=\"pl-w6697c956a1ec8\"  class=\"panel-layout\" ><div id=\"pg-w6697c956a1ec8-0\"  class=\"panel-grid panel-no-style\" ><div id=\"pgc-w6697c956a1ec8-0-0\"  class=\"panel-grid-cell\" ><div id=\"panel-w6697c956a1ec8-0-0-0\" class=\"so-panel widget widget_sow-editor panel-first-child panel-last-child\" data-index=\"0\" ><div class=\"Retseptid-single-pdp panel-widget-style panel-widget-style-for-w6697c956a1ec8-0-0-0\" ><div\n\t\t\t\n\t\t\tclass=\"so-widget-sow-editor so-widget-sow-editor-base\"\n\t\t\t\n\t\t>\n<div class=\"siteorigin-widget-tinymce textwidget\">\n\t<h2>Recipes<\/h2>\n<\/div>\n<\/div><\/div><\/div><\/div><\/div><div id=\"pg-w6697c956a1ec8-1\"  class=\"panel-grid panel-no-style\" ><div id=\"pgc-w6697c956a1ec8-1-0\"  class=\"panel-grid-cell\" ><div id=\"panel-w6697c956a1ec8-1-0-0\" class=\"so-panel widget widget_sow-editor panel-first-child panel-last-child\" data-index=\"1\" ><div class=\"Vrska-single-pdp panel-widget-style panel-widget-style-for-w6697c956a1ec8-1-0-0\" ><div\n\t\t\t\n\t\t\tclass=\"so-widget-sow-editor so-widget-sow-editor-base\"\n\t\t\t\n\t\t>\n<div class=\"siteorigin-widget-tinymce textwidget\">\n\t<p><img loading=\"lazy\" decoding=\"async\" class=\"alignnone size-full wp-image-143\" src=\"https:\/\/varskaoriginaal.ee\/wp-content\/uploads\/2024\/07\/Varska-kohv.svg\" alt=\"\" width=\"352\" height=\"526\" \/><\/p>\n<h3>V\u00e4rska coffee<\/h3>\n<\/div>\n<\/div><\/div><\/div><\/div><div id=\"pgc-w6697c956a1ec8-1-1\"  class=\"panel-grid-cell\" ><div id=\"panel-w6697c956a1ec8-1-1-0\" class=\"so-panel widget widget_sow-editor panel-first-child panel-last-child\" data-index=\"2\" ><div class=\"Vrska-single-pdp panel-widget-style panel-widget-style-for-w6697c956a1ec8-1-1-0\" ><div\n\t\t\t\n\t\t\tclass=\"so-widget-sow-editor so-widget-sow-editor-base\"\n\t\t\t\n\t\t>\n<div class=\"siteorigin-widget-tinymce textwidget\">\n\t<p><img loading=\"lazy\" decoding=\"async\" class=\"alignnone size-full wp-image-144\" src=\"https:\/\/varskaoriginaal.ee\/wp-content\/uploads\/2024\/07\/varska-maasika-lauraoro-web.svg\" alt=\"\" width=\"351\" height=\"526\" \/><\/p>\n<h3>V\u00e4rska strawberry<\/h3>\n<\/div>\n<\/div><\/div><\/div><\/div><div id=\"pgc-w6697c956a1ec8-1-2\"  class=\"panel-grid-cell\" ><div id=\"panel-w6697c956a1ec8-1-2-0\" class=\"so-panel widget widget_sow-editor panel-first-child panel-last-child\" data-index=\"3\" ><div class=\"Vrska-single-pdp panel-widget-style panel-widget-style-for-w6697c956a1ec8-1-2-0\" ><div\n\t\t\t\n\t\t\tclass=\"so-widget-sow-editor so-widget-sow-editor-base\"\n\t\t\t\n\t\t>\n<div class=\"siteorigin-widget-tinymce textwidget\">\n\t<p><img loading=\"lazy\" decoding=\"async\" class=\"alignnone size-full wp-image-145\" src=\"https:\/\/varskaoriginaal.ee\/wp-content\/uploads\/2024\/07\/varska-troopiline-lauraoro-web.svg\" alt=\"V\u00e4rska troopiline\" width=\"350\" height=\"525\" \/><\/p>\n<h3>Tropical V\u00e4rska<\/h3>\n<\/div>\n<\/div><\/div><\/div><\/div><\/div><\/div><\/div><\/div><\/div><\/div><\/div><div id=\"pg-232-2\"  class=\"panel-grid panel-has-style\" ><div class=\"panel-row-style panel-row-style-for-232-2\" ><div id=\"pgc-232-2-0\"  class=\"panel-grid-cell\" ><div id=\"panel-232-2-0-0\" class=\"so-panel widget widget_siteorigin-panels-builder panel-first-child panel-last-child\" data-index=\"2\" ><div class=\"container panel-widget-style panel-widget-style-for-232-2-0-0\" ><div id=\"pl-w673b0a8bb7f3b\"  class=\"panel-layout\" ><div id=\"pg-w673b0a8bb7f3b-0\"  class=\"panel-grid panel-no-style\" ><div id=\"pgc-w673b0a8bb7f3b-0-0\"  class=\"panel-grid-cell\" ><div id=\"panel-w673b0a8bb7f3b-0-0-0\" class=\"so-panel widget widget_sow-editor panel-first-child panel-last-child\" data-index=\"0\" ><div class=\"Vaata-heading-slider-single-pdp panel-widget-style panel-widget-style-for-w673b0a8bb7f3b-0-0-0\" ><div\n\t\t\t\n\t\t\tclass=\"so-widget-sow-editor so-widget-sow-editor-base\"\n\t\t\t\n\t\t>\n<div class=\"siteorigin-widget-tinymce textwidget\">\n\t<h2>See also other products<\/h2>\n<\/div>\n<\/div><\/div><\/div><\/div><\/div><div id=\"pg-w673b0a8bb7f3b-1\"  class=\"panel-grid panel-no-style\" ><div id=\"pgc-w673b0a8bb7f3b-1-0\"  class=\"panel-grid-cell\" ><div id=\"panel-w673b0a8bb7f3b-1-0-0\" class=\"widget_text so-panel widget widget_custom_html panel-first-child panel-last-child\" data-index=\"1\" ><div class=\"textwidget custom-html-widget\"><style>\n\n<\/style>\n\n<!-- Slider main container -->\n<div class=\"swiper\" id=\"single-pdp-sp-tooteid\" >\n  <!-- Additional required wrapper -->\n  <div class=\"swiper-wrapper\">\n    <!-- Slides -->\n    <div class=\"swiper-slide\">\n\t\t\t<div class=\"single-swiper-tdlightorange-container\">\n\t\t<div class=\"pdp-single-bottle-slider\">\n\t\t\t<a href=\"https:\/\/varskaoriginaal.ee\/en\/tooted\/varska-sidrun\/\">\n\t\t\t<img decoding=\"async\" src=\"https:\/\/varskaoriginaal.ee\/wp-content\/uploads\/2024\/11\/Varska-Sidrun.png\" alt=\"\">\n\t\t\t<h3>\n\t\t\t\tV\u00e4rska Lemon\n\t\t\t<\/h3>\n\t\t\t\t<\/a>\n\t\t\t<\/div>\n\t\t\t<\/div>\n\t\t<\/div>\n    <div class=\"swiper-slide\">\n\t\t\t<div class=\"single-swiper-tdlightblue-container\">\n\t\t<div class=\"pdp-single-bottle-slider\">\n\t\t\t<a href=\"https:\/\/varskaoriginaal.ee\/en\/tooted\/varska-originaal-aluseline-gaasita\/\">\n\t\t\t<img decoding=\"async\" src=\"https:\/\/varskaoriginaal.ee\/wp-content\/uploads\/2024\/11\/Varska-Originaal-aluseline-ilma-gaasita-1-1.png\" alt=\"\">\n\t\t\t<h3>\n\t\t\t\tV\u00e4rska Original <br>aluseline gaasita\n\t\t<\/h3>\n\t\t\t\t<\/a>\n\t\t\t<\/div>\n\t\t\t<\/div>\t\n\t\t<\/div>\n    <div class=\"swiper-slide\">\n\t\t\t<div class=\"single-swiper-tdlightbitgreen-container\">\n\t\t\t<div class=\"pdp-single-bottle-slider\">\n\t\t\t\t<a href=\"https:\/\/varskaoriginaal.ee\/en\/tooted\/varska-naturaal-gaasiga\/\">\n\t\t\t<img decoding=\"async\" src=\"https:\/\/varskaoriginaal.ee\/wp-content\/uploads\/2024\/11\/Varska-Originaal-aluseline-ilma-gaasita-3.png\" alt=\"\">\n\t\t\t<h3>\n\t\t\t\tV\u00e4rska Natural <br>Carbonated\n\t\t\t<\/h3>\n\t\t\t\t<\/a>\n\t\t\t<\/div>\n\t\t\t\t<\/div>\n\t\t<\/div>\n\t\t    <div class=\"swiper-slide\">\n\t\t\t\t\t<div class=\"single-swiper-tdlightbitgreen-container\">\n\t\t\t<div class=\"pdp-single-bottle-slider\">\n\t\t\t\t<a href=\"https:\/\/varskaoriginaal.ee\/en\/tooted\/varska-naturaal-gaasita\/\">\n\t\t\t<img decoding=\"async\" src=\"https:\/\/varskaoriginaal.ee\/wp-content\/uploads\/2024\/11\/Varska-Originaal-aluseline-ilma-gaasita-4.png\" alt=\"\">\n\t\t\t<h3>\n\t\t\t\tV\u00e4rska Natural <br>Still\n\t\t\t<\/h3>\n\t\t\t\t\t<\/a>\n\t\t\t<\/div>\n\t<\/div>\n\t\t<\/div>\n    <div class=\"swiper-slide\">\n\t\t\t<div class=\"single-swiper-tdlightgreen-container\">\n\t\t<div class=\"pdp-single-bottle-slider\">\n\t\t\t<a href=\"https:\/\/varskaoriginaal.ee\/en\/tooted\/varska-naturaal-gaasita-klaaspudelis\/\">\n\t\t\t<img decoding=\"async\" src=\"https:\/\/varskaoriginaal.ee\/wp-content\/uploads\/2024\/08\/Frame-3-10.png\" alt=\"\">\n\t\t\t<h3>\n\t\t\t\tV\u00e4rska Natural <br>Glass Bottle\n\t\t\t<\/h3>\n\t\t\t\t<\/a>\n\t\t\t<\/div>\n\t\t\t<\/div>\n\t\t<\/div>\n\t\t\n  <\/div>\n  <!-- If we need navigation buttons -->\n  <div class=\"swiper-button-prev\"><\/div>\n  <div class=\"swiper-button-next\"><\/div>\n<\/div><\/div><\/div><\/div><\/div><\/div><\/div><\/div><\/div><\/div><\/div><\/div>","protected":false},"excerpt":{"rendered":"<p>K\u00f5ik tooted V\u00e4rska Naturaal gaasiga V\u00e4rska Naturaal on erakordselt puhas ja v\u00e4rske looduslik allikavesi. See p\u00e4rineb meie enda puurkaevust nr [&hellip;]<\/p>\n","protected":false},"author":5,"featured_media":0,"parent":168,"menu_order":0,"comment_status":"closed","ping_status":"closed","template":"","meta":{"inline_featured_image":false,"site-sidebar-layout":"no-sidebar","site-content-layout":"","ast-site-content-layout":"full-width-container","site-content-style":"default","site-sidebar-style":"default","ast-global-header-display":"","ast-banner-title-visibility":"","ast-main-header-display":"","ast-hfb-above-header-display":"","ast-hfb-below-header-display":"","ast-hfb-mobile-header-display":"","site-post-title":"disabled","ast-breadcrumbs-content":"","ast-featured-img":"","footer-sml-layout":"","ast-disable-related-posts":"","theme-transparent-header-meta":"default","adv-header-id-meta":"","stick-header-meta":"enabled","header-above-stick-meta":"","header-main-stick-meta":"on","header-below-stick-meta":"","astra-migrate-meta-layouts":"set","ast-page-background-enabled":"default","ast-page-background-meta":{"desktop":{"background-color":"var(--ast-global-color-4)","background-image":"","background-repeat":"repeat","background-position":"center center","background-size":"auto","background-attachment":"scroll","background-type":"","background-media":"","overlay-type":"","overlay-color":"","overlay-opacity":"","overlay-gradient":""},"tablet":{"background-color":"","background-image":"","background-repeat":"repeat","background-position":"center center","background-size":"auto","background-attachment":"scroll","background-type":"","background-media":"","overlay-type":"","overlay-color":"","overlay-opacity":"","overlay-gradient":""},"mobile":{"background-color":"","background-image":"","background-repeat":"repeat","background-position":"center center","background-size":"auto","background-attachment":"scroll","background-type":"","background-media":"","overlay-type":"","overlay-color":"","overlay-opacity":"","overlay-gradient":""}},"ast-content-background-meta":{"desktop":{"background-color":"var(--ast-global-color-5)","background-image":"","background-repeat":"repeat","background-position":"center center","background-size":"auto","background-attachment":"scroll","background-type":"","background-media":"","overlay-type":"","overlay-color":"","overlay-opacity":"","overlay-gradient":""},"tablet":{"background-color":"var(--ast-global-color-5)","background-image":"","background-repeat":"repeat","background-position":"center center","background-size":"auto","background-attachment":"scroll","background-type":"","background-media":"","overlay-type":"","overlay-color":"","overlay-opacity":"","overlay-gradient":""},"mobile":{"background-color":"var(--ast-global-color-5)","background-image":"","background-repeat":"repeat","background-position":"center center","background-size":"auto","background-attachment":"scroll","background-type":"","background-media":"","overlay-type":"","overlay-color":"","overlay-opacity":"","overlay-gradient":""}},"footnotes":""},"class_list":["post-232","page","type-page","status-publish","hentry"],"yoast_head":"<!-- This site is optimized with the Yoast SEO plugin v27.3 - https:\/\/yoast.com\/product\/yoast-seo-wordpress\/ -->\n<title>V\u00e4rska Naturaal gaasiga - V\u00e4rska Originaal<\/title>\n<meta name=\"description\" content=\"V\u00e4rska Naturaal gaasiga on erakordselt puhas ja v\u00e4rske looduslik allikavesi. See p\u00e4rineb meie enda puurkaevust nr 8 ja villitakse avastuskohas.\" \/>\n<meta name=\"robots\" content=\"index, follow, max-snippet:-1, max-image-preview:large, max-video-preview:-1\" \/>\n<link rel=\"canonical\" href=\"https:\/\/varskaoriginaal.ee\/en\/tooted\/varska-naturaal-gaasiga\/\" \/>\n<meta property=\"og:locale\" content=\"en_US\" \/>\n<meta property=\"og:type\" content=\"article\" \/>\n<meta property=\"og:title\" content=\"V\u00e4rska Naturaal gaasiga - V\u00e4rska Originaal\" \/>\n<meta property=\"og:description\" content=\"V\u00e4rska Naturaal gaasiga on erakordselt puhas ja v\u00e4rske looduslik allikavesi. See p\u00e4rineb meie enda puurkaevust nr 8 ja villitakse avastuskohas.\" \/>\n<meta property=\"og:url\" content=\"https:\/\/varskaoriginaal.ee\/en\/tooted\/varska-naturaal-gaasiga\/\" \/>\n<meta property=\"og:site_name\" content=\"V\u00e4rska Originaal\" \/>\n<meta property=\"article:modified_time\" content=\"2025-08-13T11:10:54+00:00\" \/>\n<meta property=\"og:image\" content=\"https:\/\/varskaoriginaal.ee\/wp-content\/uploads\/2024\/07\/Varska-kohv.svg\" \/>\n<meta name=\"twitter:card\" content=\"summary_large_image\" \/>\n<meta name=\"twitter:label1\" content=\"Est. reading time\" \/>\n\t<meta name=\"twitter:data1\" content=\"4 minutes\" \/>\n<script type=\"application\/ld+json\" class=\"yoast-schema-graph\">{\"@context\":\"https:\\\/\\\/schema.org\",\"@graph\":[{\"@type\":\"WebPage\",\"@id\":\"https:\\\/\\\/varskaoriginaal.ee\\\/tooted\\\/varska-naturaal-gaasiga\\\/\",\"url\":\"https:\\\/\\\/varskaoriginaal.ee\\\/tooted\\\/varska-naturaal-gaasiga\\\/\",\"name\":\"V\u00e4rska Naturaal gaasiga - V\u00e4rska Originaal\",\"isPartOf\":{\"@id\":\"https:\\\/\\\/varskaoriginaal.ee\\\/en\\\/#website\"},\"primaryImageOfPage\":{\"@id\":\"https:\\\/\\\/varskaoriginaal.ee\\\/tooted\\\/varska-naturaal-gaasiga\\\/#primaryimage\"},\"image\":{\"@id\":\"https:\\\/\\\/varskaoriginaal.ee\\\/tooted\\\/varska-naturaal-gaasiga\\\/#primaryimage\"},\"thumbnailUrl\":\"https:\\\/\\\/varskaoriginaal.ee\\\/wp-content\\\/uploads\\\/2024\\\/07\\\/Varska-kohv.svg\",\"datePublished\":\"2024-07-17T13:35:24+00:00\",\"dateModified\":\"2025-08-13T11:10:54+00:00\",\"description\":\"V\u00e4rska Naturaal gaasiga on erakordselt puhas ja v\u00e4rske looduslik allikavesi. See p\u00e4rineb meie enda puurkaevust nr 8 ja villitakse avastuskohas.\",\"breadcrumb\":{\"@id\":\"https:\\\/\\\/varskaoriginaal.ee\\\/tooted\\\/varska-naturaal-gaasiga\\\/#breadcrumb\"},\"inLanguage\":\"en-US\",\"potentialAction\":[{\"@type\":\"ReadAction\",\"target\":[\"https:\\\/\\\/varskaoriginaal.ee\\\/tooted\\\/varska-naturaal-gaasiga\\\/\"]}]},{\"@type\":\"ImageObject\",\"inLanguage\":\"en-US\",\"@id\":\"https:\\\/\\\/varskaoriginaal.ee\\\/tooted\\\/varska-naturaal-gaasiga\\\/#primaryimage\",\"url\":\"https:\\\/\\\/varskaoriginaal.ee\\\/wp-content\\\/uploads\\\/2024\\\/07\\\/Varska-kohv.svg\",\"contentUrl\":\"https:\\\/\\\/varskaoriginaal.ee\\\/wp-content\\\/uploads\\\/2024\\\/07\\\/Varska-kohv.svg\"},{\"@type\":\"BreadcrumbList\",\"@id\":\"https:\\\/\\\/varskaoriginaal.ee\\\/tooted\\\/varska-naturaal-gaasiga\\\/#breadcrumb\",\"itemListElement\":[{\"@type\":\"ListItem\",\"position\":1,\"name\":\"Home\",\"item\":\"https:\\\/\\\/varskaoriginaal.ee\\\/\"},{\"@type\":\"ListItem\",\"position\":2,\"name\":\"Tooted\",\"item\":\"https:\\\/\\\/varskaoriginaal.ee\\\/tooted\\\/\"},{\"@type\":\"ListItem\",\"position\":3,\"name\":\"V\u00e4rska Naturaal gaasiga\"}]},{\"@type\":\"WebSite\",\"@id\":\"https:\\\/\\\/varskaoriginaal.ee\\\/en\\\/#website\",\"url\":\"https:\\\/\\\/varskaoriginaal.ee\\\/en\\\/\",\"name\":\"V\u00e4rska Originaal\",\"description\":\"V\u00e4rska Originaal\",\"publisher\":{\"@id\":\"https:\\\/\\\/varskaoriginaal.ee\\\/en\\\/#organization\"},\"potentialAction\":[{\"@type\":\"SearchAction\",\"target\":{\"@type\":\"EntryPoint\",\"urlTemplate\":\"https:\\\/\\\/varskaoriginaal.ee\\\/en\\\/?s={search_term_string}\"},\"query-input\":{\"@type\":\"PropertyValueSpecification\",\"valueRequired\":true,\"valueName\":\"search_term_string\"}}],\"inLanguage\":\"en-US\"},{\"@type\":\"Organization\",\"@id\":\"https:\\\/\\\/varskaoriginaal.ee\\\/en\\\/#organization\",\"name\":\"V\u00e4rska Originaal\",\"url\":\"https:\\\/\\\/varskaoriginaal.ee\\\/en\\\/\",\"logo\":{\"@type\":\"ImageObject\",\"inLanguage\":\"en-US\",\"@id\":\"https:\\\/\\\/varskaoriginaal.ee\\\/en\\\/#\\\/schema\\\/logo\\\/image\\\/\",\"url\":\"https:\\\/\\\/varskaoriginaal.ee\\\/wp-content\\\/uploads\\\/2024\\\/07\\\/Group-4.svg\",\"contentUrl\":\"https:\\\/\\\/varskaoriginaal.ee\\\/wp-content\\\/uploads\\\/2024\\\/07\\\/Group-4.svg\",\"width\":81,\"height\":55,\"caption\":\"V\u00e4rska Originaal\"},\"image\":{\"@id\":\"https:\\\/\\\/varskaoriginaal.ee\\\/en\\\/#\\\/schema\\\/logo\\\/image\\\/\"}}]}<\/script>\n<!-- \/ Yoast SEO plugin. -->","yoast_head_json":{"title":"V\u00e4rska Naturaal gaasiga - V\u00e4rska Originaal","description":"V\u00e4rska Naturaal gaasiga on erakordselt puhas ja v\u00e4rske looduslik allikavesi. See p\u00e4rineb meie enda puurkaevust nr 8 ja villitakse avastuskohas.","robots":{"index":"index","follow":"follow","max-snippet":"max-snippet:-1","max-image-preview":"max-image-preview:large","max-video-preview":"max-video-preview:-1"},"canonical":"https:\/\/varskaoriginaal.ee\/en\/tooted\/varska-naturaal-gaasiga\/","og_locale":"en_US","og_type":"article","og_title":"V\u00e4rska Naturaal gaasiga - V\u00e4rska Originaal","og_description":"V\u00e4rska Naturaal gaasiga on erakordselt puhas ja v\u00e4rske looduslik allikavesi. See p\u00e4rineb meie enda puurkaevust nr 8 ja villitakse avastuskohas.","og_url":"https:\/\/varskaoriginaal.ee\/en\/tooted\/varska-naturaal-gaasiga\/","og_site_name":"V\u00e4rska Originaal","article_modified_time":"2025-08-13T11:10:54+00:00","og_image":[{"url":"https:\/\/varskaoriginaal.ee\/wp-content\/uploads\/2024\/07\/Varska-kohv.svg","type":"","width":"","height":""}],"twitter_card":"summary_large_image","twitter_misc":{"Est. reading time":"4 minutes"},"schema":{"@context":"https:\/\/schema.org","@graph":[{"@type":"WebPage","@id":"https:\/\/varskaoriginaal.ee\/tooted\/varska-naturaal-gaasiga\/","url":"https:\/\/varskaoriginaal.ee\/tooted\/varska-naturaal-gaasiga\/","name":"V\u00e4rska Naturaal gaasiga - V\u00e4rska Originaal","isPartOf":{"@id":"https:\/\/varskaoriginaal.ee\/en\/#website"},"primaryImageOfPage":{"@id":"https:\/\/varskaoriginaal.ee\/tooted\/varska-naturaal-gaasiga\/#primaryimage"},"image":{"@id":"https:\/\/varskaoriginaal.ee\/tooted\/varska-naturaal-gaasiga\/#primaryimage"},"thumbnailUrl":"https:\/\/varskaoriginaal.ee\/wp-content\/uploads\/2024\/07\/Varska-kohv.svg","datePublished":"2024-07-17T13:35:24+00:00","dateModified":"2025-08-13T11:10:54+00:00","description":"V\u00e4rska Naturaal gaasiga on erakordselt puhas ja v\u00e4rske looduslik allikavesi. See p\u00e4rineb meie enda puurkaevust nr 8 ja villitakse avastuskohas.","breadcrumb":{"@id":"https:\/\/varskaoriginaal.ee\/tooted\/varska-naturaal-gaasiga\/#breadcrumb"},"inLanguage":"en-US","potentialAction":[{"@type":"ReadAction","target":["https:\/\/varskaoriginaal.ee\/tooted\/varska-naturaal-gaasiga\/"]}]},{"@type":"ImageObject","inLanguage":"en-US","@id":"https:\/\/varskaoriginaal.ee\/tooted\/varska-naturaal-gaasiga\/#primaryimage","url":"https:\/\/varskaoriginaal.ee\/wp-content\/uploads\/2024\/07\/Varska-kohv.svg","contentUrl":"https:\/\/varskaoriginaal.ee\/wp-content\/uploads\/2024\/07\/Varska-kohv.svg"},{"@type":"BreadcrumbList","@id":"https:\/\/varskaoriginaal.ee\/tooted\/varska-naturaal-gaasiga\/#breadcrumb","itemListElement":[{"@type":"ListItem","position":1,"name":"Home","item":"https:\/\/varskaoriginaal.ee\/"},{"@type":"ListItem","position":2,"name":"Tooted","item":"https:\/\/varskaoriginaal.ee\/tooted\/"},{"@type":"ListItem","position":3,"name":"V\u00e4rska Naturaal gaasiga"}]},{"@type":"WebSite","@id":"https:\/\/varskaoriginaal.ee\/en\/#website","url":"https:\/\/varskaoriginaal.ee\/en\/","name":"V\u00e4rska Original","description":"V\u00e4rska Original","publisher":{"@id":"https:\/\/varskaoriginaal.ee\/en\/#organization"},"potentialAction":[{"@type":"SearchAction","target":{"@type":"EntryPoint","urlTemplate":"https:\/\/varskaoriginaal.ee\/en\/?s={search_term_string}"},"query-input":{"@type":"PropertyValueSpecification","valueRequired":true,"valueName":"search_term_string"}}],"inLanguage":"en-US"},{"@type":"Organization","@id":"https:\/\/varskaoriginaal.ee\/en\/#organization","name":"V\u00e4rska Original","url":"https:\/\/varskaoriginaal.ee\/en\/","logo":{"@type":"ImageObject","inLanguage":"en-US","@id":"https:\/\/varskaoriginaal.ee\/en\/#\/schema\/logo\/image\/","url":"https:\/\/varskaoriginaal.ee\/wp-content\/uploads\/2024\/07\/Group-4.svg","contentUrl":"https:\/\/varskaoriginaal.ee\/wp-content\/uploads\/2024\/07\/Group-4.svg","width":81,"height":55,"caption":"V\u00e4rska Originaal"},"image":{"@id":"https:\/\/varskaoriginaal.ee\/en\/#\/schema\/logo\/image\/"}}]}},"_links":{"self":[{"href":"https:\/\/varskaoriginaal.ee\/en\/wp-json\/wp\/v2\/pages\/232","targetHints":{"allow":["GET"]}}],"collection":[{"href":"https:\/\/varskaoriginaal.ee\/en\/wp-json\/wp\/v2\/pages"}],"about":[{"href":"https:\/\/varskaoriginaal.ee\/en\/wp-json\/wp\/v2\/types\/page"}],"author":[{"embeddable":true,"href":"https:\/\/varskaoriginaal.ee\/en\/wp-json\/wp\/v2\/users\/5"}],"replies":[{"embeddable":true,"href":"https:\/\/varskaoriginaal.ee\/en\/wp-json\/wp\/v2\/comments?post=232"}],"version-history":[{"count":4,"href":"https:\/\/varskaoriginaal.ee\/en\/wp-json\/wp\/v2\/pages\/232\/revisions"}],"predecessor-version":[{"id":2367,"href":"https:\/\/varskaoriginaal.ee\/en\/wp-json\/wp\/v2\/pages\/232\/revisions\/2367"}],"up":[{"embeddable":true,"href":"https:\/\/varskaoriginaal.ee\/en\/wp-json\/wp\/v2\/pages\/168"}],"wp:attachment":[{"href":"https:\/\/varskaoriginaal.ee\/en\/wp-json\/wp\/v2\/media?parent=232"}],"curies":[{"name":"wp","href":"https:\/\/api.w.org\/{rel}","templated":true}]}}