{"id":211,"date":"2024-07-17T13:54:36","date_gmt":"2024-07-17T12:54:36","guid":{"rendered":"https:\/\/varskaoriginaal.ee\/?page_id=211"},"modified":"2025-02-20T13:59:05","modified_gmt":"2025-02-20T11:59:05","slug":"varska-sidrun","status":"publish","type":"page","link":"https:\/\/varskaoriginaal.ee\/en\/tooted\/varska-sidrun\/","title":{"rendered":"V\u00e4rska Lemon"},"content":{"rendered":"<div id=\"pl-211\"  class=\"panel-layout\" ><div id=\"pg-211-0\"  class=\"panel-grid panel-has-style\" ><div class=\"lsow-dark-bg panel-row-style panel-row-style-for-211-0\" ><div id=\"pgc-211-0-0\"  class=\"panel-grid-cell\" ><div id=\"panel-211-0-0-0\" class=\"so-panel widget widget_siteorigin-panels-builder panel-first-child panel-last-child\" data-index=\"0\" ><div class=\"container panel-widget-style panel-widget-style-for-211-0-0-0\" ><div id=\"pl-w67b71909e81a6\"  class=\"panel-layout\" ><div id=\"pg-w67b71909e81a6-0\"  class=\"panel-grid panel-has-style\" ><div id=\"check-bottle-size\" class=\"panel-row-style panel-row-style-for-w67b71909e81a6-0\" ><div id=\"pgc-w67b71909e81a6-0-0\"  class=\"panel-grid-cell\" ><div id=\"panel-w67b71909e81a6-0-0-0\" class=\"so-panel widget widget_sow-editor panel-first-child\" data-index=\"0\" ><div class=\"Single-product-hero-secction-page panel-widget-style panel-widget-style-for-w67b71909e81a6-0-0-0\" ><div\n\t\t\t\n\t\t\tclass=\"so-widget-sow-editor so-widget-sow-editor-base\"\n\t\t\t\n\t\t>\n<div class=\"siteorigin-widget-tinymce textwidget\">\n\t<p><a href=\"https:\/\/varskaoriginaal.ee\/en\/tooted\/\"><strong>All products<\/strong><\/a><\/p>\n<h1>V\u00e4rska Lemon<\/h1>\n<p>V\u00e4rska Lemon is a lemon-flavored carbonated mineral water. Yes, it is actually the same natural, authentic and original V\u00e4rska Originaal mineral water from the borehole No. 7. This means all the same healthy minerals are in this water as they should, just with a bit of lemon added. V\u00e4rska Lemon is the perfect companion to a delicious meal, to refresh you after a workout or on a hot day. V\u00e4rska Lemon is only available as carbonated.<\/p>\n<\/div>\n<\/div><\/div><\/div><div id=\"panel-w67b71909e81a6-0-0-1\" class=\"widget_text so-panel widget widget_custom_html\" data-index=\"1\" ><div class=\"widget_text custom-single-product-page-according panel-widget-style panel-widget-style-for-w67b71909e81a6-0-0-1\" ><div class=\"textwidget custom-html-widget\"><div id=\"accordion\" class=\"accordion\">\n<div class=\"card mb-0\">\n   <div class=\"card-header collapsed\" data-toggle=\"collapse\" href=\"#collapseOne\">\n      <a class=\"card-title\">Mineral content<\/a>\n   <\/div>\n<div id=\"collapseOne\" class=\"card-body collapse\" data-parent=\"#accordion\">\n<p>Cl <strong>1280 - 1410 mg\/l<\/strong><\/p>\n<p>SO4\u00b2 <strong>16 - 21 mg\/l<\/strong><\/p>\n<p>Na+ <strong>605 - 670 mg\/l<\/strong> <\/p>\n<p>Ca\u00b2+ <strong>116 - 129 mg\/l<\/strong><\/p> \n<p>K+ <strong>19,5 - 21,5 mg\/l<\/strong> <\/p>\n<p>Mg\u00b2+ <strong>40 - 44,5 mg\/l<\/strong> <\/p>\n<\/div>\n<\/div>\n<\/div><\/div><\/div><\/div><div id=\"panel-w67b71909e81a6-0-0-2\" class=\"so-panel widget widget_sow-editor panel-last-child\" data-index=\"2\" ><div class=\"tooted-sugavus-img-sec panel-widget-style panel-widget-style-for-w67b71909e81a6-0-0-2\" ><div\n\t\t\t\n\t\t\tclass=\"so-widget-sow-editor so-widget-sow-editor-base\"\n\t\t\t\n\t\t>\n<div class=\"siteorigin-widget-tinymce textwidget\">\n\t<p><img loading=\"lazy\" decoding=\"async\" class=\"alignnone size-full wp-image-214\" src=\"https:\/\/varskaoriginaal.ee\/wp-content\/uploads\/2024\/07\/Component-72-\u2013-1-1.png\" alt=\"\" width=\"324\" height=\"93\" srcset=\"https:\/\/varskaoriginaal.ee\/wp-content\/uploads\/2024\/07\/Component-72-\u2013-1-1.png 324w, https:\/\/varskaoriginaal.ee\/wp-content\/uploads\/2024\/07\/Component-72-\u2013-1-1-300x86.png 300w\" sizes=\"auto, (max-width: 324px) 100vw, 324px\" \/><\/p>\n<\/div>\n<\/div><\/div><\/div><\/div><div id=\"pgc-w67b71909e81a6-0-1\"  class=\"panel-grid-cell\" ><div id=\"panel-w67b71909e81a6-0-1-0\" class=\"widget_text so-panel widget widget_custom_html panel-first-child\" data-index=\"3\" ><div class=\"textwidget custom-html-widget\"><div class=\"varska-bottle-selector\">\n    <div class=\"varska-bottle-container\">\n        <img decoding=\"async\" src=\"https:\/\/varskaoriginaal.ee\/wp-content\/uploads\/2024\/09\/image-33.png\" alt=\"Varska Bottle 1.5L\" class=\"varska-bottle\" data-volume=\"1.5\">\n        <img decoding=\"async\" src=\"https:\/\/varskaoriginaal.ee\/wp-content\/uploads\/2024\/09\/Frame-5-1.png\" alt=\"Varska Bottle 0.5L\" class=\"varska-bottle active\" data-volume=\"0.5\">\n    <\/div>\n    <div class=\"varska-volume-selector\">\n        <button class=\"varska-arrow varska-arrow-up\"><img decoding=\"async\" src=\"https:\/\/varskaoriginaal.ee\/wp-content\/uploads\/2024\/07\/Group-1226.svg\"><\/button>\n        <button class=\"varska-volume-option\" data-volume=\"1.5\">1.5 L<\/button>\n        <button class=\"varska-volume-option active\" data-volume=\"0.5\">0.5 L<\/button>\n        <button class=\"varska-arrow varska-arrow-down\"><img decoding=\"async\" src=\"https:\/\/varskaoriginaal.ee\/wp-content\/uploads\/2024\/07\/Component-30-\u2013-1.svg\"><\/button>\n    <\/div>\n<\/div>\n<\/div><\/div><div id=\"panel-w67b71909e81a6-0-1-1\" class=\"so-panel widget widget_sow-editor panel-last-child\" data-index=\"4\" ><div class=\"single-product-btn-set panel-widget-style panel-widget-style-for-w67b71909e81a6-0-1-1\" ><div\n\t\t\t\n\t\t\tclass=\"so-widget-sow-editor so-widget-sow-editor-base\"\n\t\t\t\n\t\t>\n<div class=\"siteorigin-widget-tinymce textwidget\">\n\t<p><a href=\"#\" onclick=\"downloadImage('https:\/\/varskaoriginaal.ee\/wp-content\/uploads\/2024\/07\/VarskaSidrun_15pet-1.png')\">DOWNLOAD PRODUCT BELOW<\/a><\/p>\n<\/div>\n<\/div><\/div><\/div><\/div><\/div><\/div><\/div><\/div><\/div><\/div><\/div><\/div><div id=\"pg-211-1\"  class=\"panel-grid panel-has-style\" ><div class=\"panel-row-style panel-row-style-for-211-1\" ><div id=\"pgc-211-1-0\"  class=\"panel-grid-cell\" ><div id=\"panel-211-1-0-0\" class=\"so-panel widget widget_siteorigin-panels-builder panel-first-child panel-last-child\" data-index=\"1\" ><div class=\"container panel-widget-style panel-widget-style-for-211-1-0-0\" ><div id=\"pl-w6697c591dc558\"  class=\"panel-layout\" ><div id=\"pg-w6697c591dc558-0\"  class=\"panel-grid panel-no-style\" ><div id=\"pgc-w6697c591dc558-0-0\"  class=\"panel-grid-cell\" ><div id=\"panel-w6697c591dc558-0-0-0\" class=\"so-panel widget widget_sow-editor panel-first-child panel-last-child\" data-index=\"0\" ><div class=\"Retseptid-single-pdp panel-widget-style panel-widget-style-for-w6697c591dc558-0-0-0\" ><div\n\t\t\t\n\t\t\tclass=\"so-widget-sow-editor so-widget-sow-editor-base\"\n\t\t\t\n\t\t>\n<div class=\"siteorigin-widget-tinymce textwidget\">\n\t<h2>Recipes<\/h2>\n<\/div>\n<\/div><\/div><\/div><\/div><\/div><div id=\"pg-w6697c591dc558-1\"  class=\"panel-grid panel-no-style\" ><div id=\"pgc-w6697c591dc558-1-0\"  class=\"panel-grid-cell\" ><div id=\"panel-w6697c591dc558-1-0-0\" class=\"so-panel widget widget_sow-editor panel-first-child panel-last-child\" data-index=\"1\" ><div class=\"Vrska-single-pdp panel-widget-style panel-widget-style-for-w6697c591dc558-1-0-0\" ><div\n\t\t\t\n\t\t\tclass=\"so-widget-sow-editor so-widget-sow-editor-base\"\n\t\t\t\n\t\t>\n<div class=\"siteorigin-widget-tinymce textwidget\">\n\t<p><img loading=\"lazy\" decoding=\"async\" class=\"alignnone size-full wp-image-143\" src=\"https:\/\/varskaoriginaal.ee\/wp-content\/uploads\/2024\/07\/Varska-kohv.svg\" alt=\"\" width=\"352\" height=\"526\" \/><\/p>\n<h3>V\u00e4rska coffee<\/h3>\n<\/div>\n<\/div><\/div><\/div><\/div><div id=\"pgc-w6697c591dc558-1-1\"  class=\"panel-grid-cell panel-grid-cell-empty panel-grid-cell-mobile-last\" ><\/div><div id=\"pgc-w6697c591dc558-1-2\"  class=\"panel-grid-cell panel-grid-cell-empty\" ><\/div><\/div><\/div><\/div><\/div><\/div><\/div><\/div><div id=\"pg-211-2\"  class=\"panel-grid panel-has-style\" ><div class=\"panel-row-style panel-row-style-for-211-2\" ><div id=\"pgc-211-2-0\"  class=\"panel-grid-cell\" ><div id=\"panel-211-2-0-0\" class=\"so-panel widget widget_siteorigin-panels-builder panel-first-child panel-last-child\" data-index=\"2\" ><div class=\"container panel-widget-style panel-widget-style-for-211-2-0-0\" ><div id=\"pl-w66c2d2825d4f6\"  class=\"panel-layout\" ><div id=\"pg-w66c2d2825d4f6-0\"  class=\"panel-grid panel-no-style\" ><div id=\"pgc-w66c2d2825d4f6-0-0\"  class=\"panel-grid-cell\" ><div id=\"panel-w66c2d2825d4f6-0-0-0\" class=\"so-panel widget widget_sow-editor panel-first-child panel-last-child\" data-index=\"0\" ><div class=\"Vaata-heading-slider-single-pdp panel-widget-style panel-widget-style-for-w66c2d2825d4f6-0-0-0\" ><div\n\t\t\t\n\t\t\tclass=\"so-widget-sow-editor so-widget-sow-editor-base\"\n\t\t\t\n\t\t>\n<div class=\"siteorigin-widget-tinymce textwidget\">\n\t<h2>See also other products<\/h2>\n<\/div>\n<\/div><\/div><\/div><\/div><\/div><div id=\"pg-w66c2d2825d4f6-1\"  class=\"panel-grid panel-no-style\" ><div id=\"pgc-w66c2d2825d4f6-1-0\"  class=\"panel-grid-cell\" ><div id=\"panel-w66c2d2825d4f6-1-0-0\" class=\"widget_text so-panel widget widget_custom_html panel-first-child panel-last-child\" data-index=\"1\" ><div class=\"textwidget custom-html-widget\"><style>\n\n<\/style>\n\n<!-- Slider main container -->\n<div class=\"swiper\" id=\"single-pdp-sp-tooteid\" >\n  <!-- Additional required wrapper -->\n  <div class=\"swiper-wrapper\">\n    <!-- Slides -->\n    <div class=\"swiper-slide\">\n\t\t\t<div class=\"single-swiper-tdlightorange-container\">\n\t\t<div class=\"pdp-single-bottle-slider\">\n\t\t\t<a href=\"https:\/\/varskaoriginaal.ee\/en\/tooted\/varska-sidrun\/\">\n\t\t\t<img decoding=\"async\" src=\"https:\/\/varskaoriginaal.ee\/wp-content\/uploads\/2024\/08\/Frame-3-24.png\" alt=\"\">\n\t\t\t<h3>\n\t\t\t\tV\u00e4rska Lemon\n\t\t\t<\/h3>\n\t\t\t\t<\/a>\n\t\t\t<\/div>\n\t\t\t<\/div>\n\t\t<\/div>\n    <div class=\"swiper-slide\">\n\t\t\t<div class=\"single-swiper-tdlightbabypink-container\">\n\t\t<div class=\"pdp-single-bottle-slider\">\n\t\t\t<a href=\"https:\/\/varskaoriginaal.ee\/en\/tooted\/varska-granaat\/\">\n\t\t\t<img decoding=\"async\" src=\"https:\/\/varskaoriginaal.ee\/wp-content\/uploads\/2024\/08\/Frame-3-5.png\" alt=\"\">\n\t\t\t<h3>\n\t\t\t\tV\u00e4rska Granate\n\t\t<\/h3>\n\t\t\t\t<\/a>\n\t\t\t<\/div>\n\t\t\t<\/div>\t\n\t\t<\/div>\n    <div class=\"swiper-slide\">\n\t\t\t<div class=\"single-swiper-tdlightbitgreen-container\">\n\t\t\t<div class=\"pdp-single-bottle-slider\">\n\t\t\t\t<a href=\"https:\/\/varskaoriginaal.ee\/en\/tooted\/varska-naturaal-gaasiga\/\">\n\t\t\t<img decoding=\"async\" src=\"https:\/\/varskaoriginaal.ee\/wp-content\/uploads\/2024\/08\/Frame-3-7.png\" alt=\"\">\n\t\t\t<h3>\n\t\t\t\tV\u00e4rska Natural <br>Carbonated\n\t\t\t<\/h3>\n\t\t\t\t<\/a>\n\t\t\t<\/div>\n\t\t\t\t<\/div>\n\t\t<\/div>\n\t\t    <div class=\"swiper-slide\">\n\t\t\t\t\t<div class=\"single-swiper-tdlightbitgreen-container\">\n\t\t\t<div class=\"pdp-single-bottle-slider\">\n\t\t\t\t<a href=\"https:\/\/varskaoriginaal.ee\/en\/tooted\/varska-naturaal-gaasita\/\">\n\t\t\t<img decoding=\"async\" src=\"https:\/\/varskaoriginaal.ee\/wp-content\/uploads\/2024\/08\/Frame-3-9.png\" alt=\"\">\n\t\t\t<h3>\n\t\t\t\tV\u00e4rska Natural <br>Still\n\t\t\t<\/h3>\n\t\t\t\t\t<\/a>\n\t\t\t<\/div>\n\t<\/div>\n\t\t<\/div>\n    <div class=\"swiper-slide\">\n\t\t\t<div class=\"single-swiper-tdlightgreen-container\">\n\t\t<div class=\"pdp-single-bottle-slider\">\n\t\t\t<a href=\"https:\/\/varskaoriginaal.ee\/en\/tooted\/varska-naturaal-gaasita-klaaspudelis\/\">\n\t\t\t<img decoding=\"async\" src=\"https:\/\/varskaoriginaal.ee\/wp-content\/uploads\/2024\/08\/Frame-3-10.png\" alt=\"\">\n\t\t\t<h3>\n\t\t\t\tV\u00e4rska Natural <br>Glass Bottle\n\t\t\t<\/h3>\n\t\t\t\t<\/a>\n\t\t\t<\/div>\n\t\t\t<\/div>\n\t\t<\/div>\n\t\t\n  <\/div>\n  <!-- If we need navigation buttons -->\n  <div class=\"swiper-button-prev\"><\/div>\n  <div class=\"swiper-button-next\"><\/div>\n<\/div><\/div><\/div><\/div><\/div><\/div><\/div><\/div><\/div><\/div><\/div><\/div>","protected":false},"excerpt":{"rendered":"<p>K\u00f5ik tooted V\u00e4rska Sidrun V\u00e4rska Sidrun on sidrunimaitseline looduslik gaseeritud mineraalvesi. Jah, see on tegelikult t\u00e4pselt seesama looduslik, autentne ja [&hellip;]<\/p>\n","protected":false},"author":5,"featured_media":0,"parent":168,"menu_order":0,"comment_status":"closed","ping_status":"closed","template":"","meta":{"inline_featured_image":false,"site-sidebar-layout":"no-sidebar","site-content-layout":"","ast-site-content-layout":"full-width-container","site-content-style":"default","site-sidebar-style":"default","ast-global-header-display":"","ast-banner-title-visibility":"","ast-main-header-display":"","ast-hfb-above-header-display":"","ast-hfb-below-header-display":"","ast-hfb-mobile-header-display":"","site-post-title":"disabled","ast-breadcrumbs-content":"","ast-featured-img":"","footer-sml-layout":"","ast-disable-related-posts":"","theme-transparent-header-meta":"default","adv-header-id-meta":"","stick-header-meta":"enabled","header-above-stick-meta":"","header-main-stick-meta":"on","header-below-stick-meta":"","astra-migrate-meta-layouts":"set","ast-page-background-enabled":"default","ast-page-background-meta":{"desktop":{"background-color":"var(--ast-global-color-4)","background-image":"","background-repeat":"repeat","background-position":"center center","background-size":"auto","background-attachment":"scroll","background-type":"","background-media":"","overlay-type":"","overlay-color":"","overlay-opacity":"","overlay-gradient":""},"tablet":{"background-color":"","background-image":"","background-repeat":"repeat","background-position":"center center","background-size":"auto","background-attachment":"scroll","background-type":"","background-media":"","overlay-type":"","overlay-color":"","overlay-opacity":"","overlay-gradient":""},"mobile":{"background-color":"","background-image":"","background-repeat":"repeat","background-position":"center center","background-size":"auto","background-attachment":"scroll","background-type":"","background-media":"","overlay-type":"","overlay-color":"","overlay-opacity":"","overlay-gradient":""}},"ast-content-background-meta":{"desktop":{"background-color":"var(--ast-global-color-5)","background-image":"","background-repeat":"repeat","background-position":"center center","background-size":"auto","background-attachment":"scroll","background-type":"","background-media":"","overlay-type":"","overlay-color":"","overlay-opacity":"","overlay-gradient":""},"tablet":{"background-color":"var(--ast-global-color-5)","background-image":"","background-repeat":"repeat","background-position":"center center","background-size":"auto","background-attachment":"scroll","background-type":"","background-media":"","overlay-type":"","overlay-color":"","overlay-opacity":"","overlay-gradient":""},"mobile":{"background-color":"var(--ast-global-color-5)","background-image":"","background-repeat":"repeat","background-position":"center center","background-size":"auto","background-attachment":"scroll","background-type":"","background-media":"","overlay-type":"","overlay-color":"","overlay-opacity":"","overlay-gradient":""}},"footnotes":""},"class_list":["post-211","page","type-page","status-publish","hentry"],"yoast_head":"<!-- This site is optimized with the Yoast SEO plugin v27.3 - https:\/\/yoast.com\/product\/yoast-seo-wordpress\/ -->\n<title>V\u00e4rska Sidrun - V\u00e4rska Originaal<\/title>\n<meta name=\"description\" content=\"V\u00e4rska Sidrun on sidrunimaitseline gaseeritud mineraalvesi: seesama looduslik, autentne ja originaalne V\u00e4rska Originaali mineraalvesi.\" \/>\n<meta name=\"robots\" content=\"index, follow, max-snippet:-1, max-image-preview:large, max-video-preview:-1\" \/>\n<link rel=\"canonical\" href=\"https:\/\/varskaoriginaal.ee\/en\/tooted\/varska-sidrun\/\" \/>\n<meta property=\"og:locale\" content=\"en_US\" \/>\n<meta property=\"og:type\" content=\"article\" \/>\n<meta property=\"og:title\" content=\"V\u00e4rska Sidrun - V\u00e4rska Originaal\" \/>\n<meta property=\"og:description\" content=\"V\u00e4rska Sidrun on sidrunimaitseline gaseeritud mineraalvesi: seesama looduslik, autentne ja originaalne V\u00e4rska Originaali mineraalvesi.\" \/>\n<meta property=\"og:url\" content=\"https:\/\/varskaoriginaal.ee\/en\/tooted\/varska-sidrun\/\" \/>\n<meta property=\"og:site_name\" content=\"V\u00e4rska Originaal\" \/>\n<meta property=\"article:modified_time\" content=\"2025-02-20T11:59:05+00:00\" \/>\n<meta property=\"og:image\" content=\"https:\/\/varskaoriginaal.ee\/wp-content\/uploads\/2024\/07\/Varska-kohv.svg\" \/>\n<meta name=\"twitter:card\" content=\"summary_large_image\" \/>\n<meta name=\"twitter:label1\" content=\"Est. reading time\" \/>\n\t<meta name=\"twitter:data1\" content=\"3 minutes\" \/>\n<script type=\"application\/ld+json\" class=\"yoast-schema-graph\">{\"@context\":\"https:\\\/\\\/schema.org\",\"@graph\":[{\"@type\":\"WebPage\",\"@id\":\"https:\\\/\\\/varskaoriginaal.ee\\\/tooted\\\/varska-sidrun\\\/\",\"url\":\"https:\\\/\\\/varskaoriginaal.ee\\\/tooted\\\/varska-sidrun\\\/\",\"name\":\"V\u00e4rska Sidrun - V\u00e4rska Originaal\",\"isPartOf\":{\"@id\":\"https:\\\/\\\/varskaoriginaal.ee\\\/en\\\/#website\"},\"primaryImageOfPage\":{\"@id\":\"https:\\\/\\\/varskaoriginaal.ee\\\/tooted\\\/varska-sidrun\\\/#primaryimage\"},\"image\":{\"@id\":\"https:\\\/\\\/varskaoriginaal.ee\\\/tooted\\\/varska-sidrun\\\/#primaryimage\"},\"thumbnailUrl\":\"https:\\\/\\\/varskaoriginaal.ee\\\/wp-content\\\/uploads\\\/2024\\\/07\\\/Varska-kohv.svg\",\"datePublished\":\"2024-07-17T12:54:36+00:00\",\"dateModified\":\"2025-02-20T11:59:05+00:00\",\"description\":\"V\u00e4rska Sidrun on sidrunimaitseline gaseeritud mineraalvesi: seesama looduslik, autentne ja originaalne V\u00e4rska Originaali mineraalvesi.\",\"breadcrumb\":{\"@id\":\"https:\\\/\\\/varskaoriginaal.ee\\\/tooted\\\/varska-sidrun\\\/#breadcrumb\"},\"inLanguage\":\"en-US\",\"potentialAction\":[{\"@type\":\"ReadAction\",\"target\":[\"https:\\\/\\\/varskaoriginaal.ee\\\/tooted\\\/varska-sidrun\\\/\"]}]},{\"@type\":\"ImageObject\",\"inLanguage\":\"en-US\",\"@id\":\"https:\\\/\\\/varskaoriginaal.ee\\\/tooted\\\/varska-sidrun\\\/#primaryimage\",\"url\":\"https:\\\/\\\/varskaoriginaal.ee\\\/wp-content\\\/uploads\\\/2024\\\/07\\\/Varska-kohv.svg\",\"contentUrl\":\"https:\\\/\\\/varskaoriginaal.ee\\\/wp-content\\\/uploads\\\/2024\\\/07\\\/Varska-kohv.svg\"},{\"@type\":\"BreadcrumbList\",\"@id\":\"https:\\\/\\\/varskaoriginaal.ee\\\/tooted\\\/varska-sidrun\\\/#breadcrumb\",\"itemListElement\":[{\"@type\":\"ListItem\",\"position\":1,\"name\":\"Home\",\"item\":\"https:\\\/\\\/varskaoriginaal.ee\\\/\"},{\"@type\":\"ListItem\",\"position\":2,\"name\":\"Tooted\",\"item\":\"https:\\\/\\\/varskaoriginaal.ee\\\/tooted\\\/\"},{\"@type\":\"ListItem\",\"position\":3,\"name\":\"V\u00e4rska Sidrun\"}]},{\"@type\":\"WebSite\",\"@id\":\"https:\\\/\\\/varskaoriginaal.ee\\\/en\\\/#website\",\"url\":\"https:\\\/\\\/varskaoriginaal.ee\\\/en\\\/\",\"name\":\"V\u00e4rska Originaal\",\"description\":\"V\u00e4rska Originaal\",\"publisher\":{\"@id\":\"https:\\\/\\\/varskaoriginaal.ee\\\/en\\\/#organization\"},\"potentialAction\":[{\"@type\":\"SearchAction\",\"target\":{\"@type\":\"EntryPoint\",\"urlTemplate\":\"https:\\\/\\\/varskaoriginaal.ee\\\/en\\\/?s={search_term_string}\"},\"query-input\":{\"@type\":\"PropertyValueSpecification\",\"valueRequired\":true,\"valueName\":\"search_term_string\"}}],\"inLanguage\":\"en-US\"},{\"@type\":\"Organization\",\"@id\":\"https:\\\/\\\/varskaoriginaal.ee\\\/en\\\/#organization\",\"name\":\"V\u00e4rska Originaal\",\"url\":\"https:\\\/\\\/varskaoriginaal.ee\\\/en\\\/\",\"logo\":{\"@type\":\"ImageObject\",\"inLanguage\":\"en-US\",\"@id\":\"https:\\\/\\\/varskaoriginaal.ee\\\/en\\\/#\\\/schema\\\/logo\\\/image\\\/\",\"url\":\"https:\\\/\\\/varskaoriginaal.ee\\\/wp-content\\\/uploads\\\/2024\\\/07\\\/Group-4.svg\",\"contentUrl\":\"https:\\\/\\\/varskaoriginaal.ee\\\/wp-content\\\/uploads\\\/2024\\\/07\\\/Group-4.svg\",\"width\":81,\"height\":55,\"caption\":\"V\u00e4rska Originaal\"},\"image\":{\"@id\":\"https:\\\/\\\/varskaoriginaal.ee\\\/en\\\/#\\\/schema\\\/logo\\\/image\\\/\"}}]}<\/script>\n<!-- \/ Yoast SEO plugin. -->","yoast_head_json":{"title":"V\u00e4rska Sidrun - V\u00e4rska Originaal","description":"V\u00e4rska Sidrun on sidrunimaitseline gaseeritud mineraalvesi: seesama looduslik, autentne ja originaalne V\u00e4rska Originaali mineraalvesi.","robots":{"index":"index","follow":"follow","max-snippet":"max-snippet:-1","max-image-preview":"max-image-preview:large","max-video-preview":"max-video-preview:-1"},"canonical":"https:\/\/varskaoriginaal.ee\/en\/tooted\/varska-sidrun\/","og_locale":"en_US","og_type":"article","og_title":"V\u00e4rska Sidrun - V\u00e4rska Originaal","og_description":"V\u00e4rska Sidrun on sidrunimaitseline gaseeritud mineraalvesi: seesama looduslik, autentne ja originaalne V\u00e4rska Originaali mineraalvesi.","og_url":"https:\/\/varskaoriginaal.ee\/en\/tooted\/varska-sidrun\/","og_site_name":"V\u00e4rska Originaal","article_modified_time":"2025-02-20T11:59:05+00:00","og_image":[{"url":"https:\/\/varskaoriginaal.ee\/wp-content\/uploads\/2024\/07\/Varska-kohv.svg","type":"","width":"","height":""}],"twitter_card":"summary_large_image","twitter_misc":{"Est. reading time":"3 minutes"},"schema":{"@context":"https:\/\/schema.org","@graph":[{"@type":"WebPage","@id":"https:\/\/varskaoriginaal.ee\/tooted\/varska-sidrun\/","url":"https:\/\/varskaoriginaal.ee\/tooted\/varska-sidrun\/","name":"V\u00e4rska Sidrun - V\u00e4rska Originaal","isPartOf":{"@id":"https:\/\/varskaoriginaal.ee\/en\/#website"},"primaryImageOfPage":{"@id":"https:\/\/varskaoriginaal.ee\/tooted\/varska-sidrun\/#primaryimage"},"image":{"@id":"https:\/\/varskaoriginaal.ee\/tooted\/varska-sidrun\/#primaryimage"},"thumbnailUrl":"https:\/\/varskaoriginaal.ee\/wp-content\/uploads\/2024\/07\/Varska-kohv.svg","datePublished":"2024-07-17T12:54:36+00:00","dateModified":"2025-02-20T11:59:05+00:00","description":"V\u00e4rska Sidrun on sidrunimaitseline gaseeritud mineraalvesi: seesama looduslik, autentne ja originaalne V\u00e4rska Originaali mineraalvesi.","breadcrumb":{"@id":"https:\/\/varskaoriginaal.ee\/tooted\/varska-sidrun\/#breadcrumb"},"inLanguage":"en-US","potentialAction":[{"@type":"ReadAction","target":["https:\/\/varskaoriginaal.ee\/tooted\/varska-sidrun\/"]}]},{"@type":"ImageObject","inLanguage":"en-US","@id":"https:\/\/varskaoriginaal.ee\/tooted\/varska-sidrun\/#primaryimage","url":"https:\/\/varskaoriginaal.ee\/wp-content\/uploads\/2024\/07\/Varska-kohv.svg","contentUrl":"https:\/\/varskaoriginaal.ee\/wp-content\/uploads\/2024\/07\/Varska-kohv.svg"},{"@type":"BreadcrumbList","@id":"https:\/\/varskaoriginaal.ee\/tooted\/varska-sidrun\/#breadcrumb","itemListElement":[{"@type":"ListItem","position":1,"name":"Home","item":"https:\/\/varskaoriginaal.ee\/"},{"@type":"ListItem","position":2,"name":"Tooted","item":"https:\/\/varskaoriginaal.ee\/tooted\/"},{"@type":"ListItem","position":3,"name":"V\u00e4rska Sidrun"}]},{"@type":"WebSite","@id":"https:\/\/varskaoriginaal.ee\/en\/#website","url":"https:\/\/varskaoriginaal.ee\/en\/","name":"V\u00e4rska Original","description":"V\u00e4rska Original","publisher":{"@id":"https:\/\/varskaoriginaal.ee\/en\/#organization"},"potentialAction":[{"@type":"SearchAction","target":{"@type":"EntryPoint","urlTemplate":"https:\/\/varskaoriginaal.ee\/en\/?s={search_term_string}"},"query-input":{"@type":"PropertyValueSpecification","valueRequired":true,"valueName":"search_term_string"}}],"inLanguage":"en-US"},{"@type":"Organization","@id":"https:\/\/varskaoriginaal.ee\/en\/#organization","name":"V\u00e4rska Original","url":"https:\/\/varskaoriginaal.ee\/en\/","logo":{"@type":"ImageObject","inLanguage":"en-US","@id":"https:\/\/varskaoriginaal.ee\/en\/#\/schema\/logo\/image\/","url":"https:\/\/varskaoriginaal.ee\/wp-content\/uploads\/2024\/07\/Group-4.svg","contentUrl":"https:\/\/varskaoriginaal.ee\/wp-content\/uploads\/2024\/07\/Group-4.svg","width":81,"height":55,"caption":"V\u00e4rska Originaal"},"image":{"@id":"https:\/\/varskaoriginaal.ee\/en\/#\/schema\/logo\/image\/"}}]}},"_links":{"self":[{"href":"https:\/\/varskaoriginaal.ee\/en\/wp-json\/wp\/v2\/pages\/211","targetHints":{"allow":["GET"]}}],"collection":[{"href":"https:\/\/varskaoriginaal.ee\/en\/wp-json\/wp\/v2\/pages"}],"about":[{"href":"https:\/\/varskaoriginaal.ee\/en\/wp-json\/wp\/v2\/types\/page"}],"author":[{"embeddable":true,"href":"https:\/\/varskaoriginaal.ee\/en\/wp-json\/wp\/v2\/users\/5"}],"replies":[{"embeddable":true,"href":"https:\/\/varskaoriginaal.ee\/en\/wp-json\/wp\/v2\/comments?post=211"}],"version-history":[{"count":2,"href":"https:\/\/varskaoriginaal.ee\/en\/wp-json\/wp\/v2\/pages\/211\/revisions"}],"predecessor-version":[{"id":2212,"href":"https:\/\/varskaoriginaal.ee\/en\/wp-json\/wp\/v2\/pages\/211\/revisions\/2212"}],"up":[{"embeddable":true,"href":"https:\/\/varskaoriginaal.ee\/en\/wp-json\/wp\/v2\/pages\/168"}],"wp:attachment":[{"href":"https:\/\/varskaoriginaal.ee\/en\/wp-json\/wp\/v2\/media?parent=211"}],"curies":[{"name":"wp","href":"https:\/\/api.w.org\/{rel}","templated":true}]}}