{"id":168,"date":"2024-07-16T17:31:32","date_gmt":"2024-07-16T16:31:32","guid":{"rendered":"https:\/\/varskaoriginaal.ee\/?page_id=168"},"modified":"2026-04-30T16:26:28","modified_gmt":"2026-04-30T13:26:28","slug":"tooted","status":"publish","type":"page","link":"https:\/\/varskaoriginaal.ee\/en\/tooted\/","title":{"rendered":"Products"},"content":{"rendered":"<div id=\"pl-168\"  class=\"panel-layout\" ><div id=\"pg-168-0\"  class=\"panel-grid panel-has-style\" ><div class=\"panel-row-style panel-row-style-for-168-0\" ><div id=\"pgc-168-0-0\"  class=\"panel-grid-cell\" ><div id=\"panel-168-0-0-0\" class=\"so-panel widget widget_siteorigin-panels-builder panel-first-child panel-last-child\" data-index=\"0\" ><div id=\"pl-w69f35884d1ce9\"  class=\"panel-layout\" ><div id=\"pg-w69f35884d1ce9-0\"  class=\"panel-grid panel-no-style\" ><div id=\"pgc-w69f35884d1ce9-0-0\"  class=\"panel-grid-cell\" ><div id=\"panel-w69f35884d1ce9-0-0-0\" class=\"so-panel widget widget_sow-editor panel-first-child panel-last-child\" data-index=\"0\" ><div class=\"Meie-tooted-hero-section panel-widget-style panel-widget-style-for-w69f35884d1ce9-0-0-0\" ><div\n\t\t\t\n\t\t\tclass=\"so-widget-sow-editor so-widget-sow-editor-base\"\n\t\t\t\n\t\t>\n<div class=\"siteorigin-widget-tinymce textwidget\">\n\t<h1>Our products<\/h1>\n<\/div>\n<\/div><\/div><\/div><\/div><\/div><div id=\"pg-w69f35884d1ce9-1\"  class=\"panel-grid panel-no-style\" ><div id=\"pgc-w69f35884d1ce9-1-0\"  class=\"panel-grid-cell\" ><div id=\"panel-w69f35884d1ce9-1-0-0\" class=\"widget_text so-panel widget widget_custom_html panel-first-child panel-last-child\" data-index=\"1\" ><div class=\"textwidget custom-html-widget\"><div class=\"container my-4\">\n\n<!-- row 1 -->\n<div class=\"row tooted-1st-row\">\n\n    <!-- NEW 1 -->\n    <div class=\"col-lg-3 col-sm-6 col-6 tootedmain-div-section\">\n        <div class=\"tooted-tdlightjamun-container\">\n            <div class=\"product-main-page-div-bottle-set-color\">\n                <a href=\"https:\/\/varskaoriginaal.ee\/en\/tooted\/varska-vurtsvasser-kirsi-aroonia\/\">\n                    <img decoding=\"async\" src=\"https:\/\/varskaoriginaal.ee\/wp-content\/uploads\/2026\/02\/VO_Vurtsvasser_1L_PET_kirsi_aroonia_web.png\" alt=\"\">\n                    <h2>V\u00e4rska Vurtsvasser Cherry-Aronia<\/h2>\n                <\/a>\n            <\/div>\n        <\/div>\n    <\/div>\n\n    <!-- NEW 2 -->\n    <div class=\"col-lg-3 col-sm-6 col-6 tootedmain-div-section\">\n        <div class=\"tooted-tdlightjamun-container\">\n            <div class=\"product-main-page-div-bottle-set-color\">\n                <a href=\"https:\/\/varskaoriginaal.ee\/en\/tooted\/varska-magneesium-laim\/\">\n                    <img decoding=\"async\" src=\"https:\/\/varskaoriginaal.ee\/wp-content\/uploads\/2026\/02\/VarskaMG_LAIM_1PET_web.png\" alt=\"\">\n                    <h2>V\u00e4rska Magnesium Lime<\/h2>\n                <\/a>\n            <\/div>\n        <\/div>\n    <\/div>\n\n    <!-- Magneesium -->\n    <div class=\"col-lg-3 col-sm-6 col-6 tootedmain-div-section\">\n        <div class=\"tooted-tdlightjamun-container mgsm-set\">\n            <div class=\"product-main-page-div-bottle-set-color\">\n                <a href=\"https:\/\/varskaoriginaal.ee\/en\/tooted\/varska-magneesium\/\">\n                    <img decoding=\"async\" style=\"max-height: 300px; text-align: center; object-fit: contain; margin: 0 auto;display:block;\" src=\"https:\/\/varskaoriginaal.ee\/wp-content\/uploads\/2026\/02\/VarskaMagneesium_1PET-scaled.png\" alt=\"\">\n                    <h2>V\u00e4rska Magnesium<\/h2>\n                <\/a>\n            <\/div>\n        <\/div>\n    <\/div>\n\n    <!-- Originaal -->\n    <div class=\"col-lg-3 col-sm-6 col-6 tootedmain-div-section\">\n        <div class=\"tooted-tdlightblue-container\">\n            <div class=\"product-main-page-div-bottle-set-color sstp-marginset\">\n                <a href=\"https:\/\/varskaoriginaal.ee\/en\/tooted\/varska-originaal\/\">\n                    <img decoding=\"async\" src=\"https:\/\/varskaoriginaal.ee\/wp-content\/uploads\/2024\/08\/Frame-3-1-1.svg\" alt=\"\">\n                    <h2>V\u00e4rska Original<\/h2>\n                <\/a>\n            <\/div>\n        <\/div>\n    <\/div>\n\n<\/div>\n\n\n<!-- row 2 -->\n<div class=\"row\">\n\n    <div class=\"col-lg-3 col-sm-6 col-6 tootedmain-div-section\">\n        <div class=\"tooted-tdlightblue-container\">\n            <div class=\"product-main-page-div-bottle-set-color\">\n                <a href=\"https:\/\/varskaoriginaal.ee\/en\/tooted\/varska-originaal-aluseline-gaasita\/\">\n                    <img decoding=\"async\" src=\"https:\/\/varskaoriginaal.ee\/wp-content\/uploads\/2024\/08\/Frame-3-3.png\" alt=\"\">\n                    <h2>V\u00e4rska Original <br>Alkaline<\/h2>\n                <\/a>\n            <\/div>\n        <\/div>\n    <\/div>\n\n    <div class=\"col-lg-3 col-sm-6 col-6 tootedmain-div-section\">\n        <div class=\"tooted-tdlightblue-container\">\n            <div class=\"product-main-page-div-bottle-set-color\">\n                <a href=\"https:\/\/varskaoriginaal.ee\/en\/tooted\/varska-originaal-klaaspudelis\/\">\n                    <img decoding=\"async\" src=\"https:\/\/varskaoriginaal.ee\/wp-content\/uploads\/2024\/08\/Frame-3-2.png\" alt=\"\">\n                    <h2>V\u00e4rska Original Glass Bottle<\/h2>\n                <\/a>\n            <\/div>\n        <\/div>\n    <\/div>\n\n    <!-- Sidrun -->\n    <div class=\"col-lg-3 col-sm-6 col-6 tootedmain-div-section\">\n        <div class=\"tooted-tdlightorange-container\">\n            <div class=\"product-main-page-div-bottle-set-color\">\n                <a href=\"https:\/\/varskaoriginaal.ee\/en\/tooted\/varska-sidrun\/\">\n                    <img decoding=\"async\" src=\"https:\/\/varskaoriginaal.ee\/wp-content\/uploads\/2024\/11\/Varska-Sidrun.png\" alt=\"\">\n                    <h2>V\u00e4rska Lemon<\/h2>\n                <\/a>\n            <\/div>\n        <\/div>\n    <\/div>\n\n    <div class=\"col-lg-3 col-sm-6 col-6 tootedmain-div-section\">\n        <div class=\"tooted-tdlightbabypink-container\">\n            <div class=\"product-main-page-div-bottle-set-color toode-img-height sstp-marginset\">\n                <a href=\"https:\/\/varskaoriginaal.ee\/en\/tooted\/varska-granaatoun\/\">\n                    <img decoding=\"async\" src=\"https:\/\/varskaoriginaal.ee\/wp-content\/uploads\/2026\/04\/VarskaGranaat_15PET_2025-scaled.png\" style=\"margin:0;\" alt=\"\">\n                    <h2>V\u00e4rska Pomegranate<\/h2>\n                <\/a>\n            <\/div>\n        <\/div>\n    <\/div>\n\n<\/div>\n\n\n<!-- row 3 -->\n<div class=\"row\">\n\n    <!-- Naturaal gaasiga (\u0421\u0414\u0412\u0418\u041d\u0423\u0422\u041e) -->\n    <div class=\"col-lg-3 col-sm-6 col-6 tootedmain-div-section\">\n        <div class=\"tooted-tdlightgreen-container\">\n            <div class=\"product-main-page-div-bottle-set-color\">\n                <a href=\"https:\/\/varskaoriginaal.ee\/en\/tooted\/varska-naturaal-gaasiga\/\">\n                    <img decoding=\"async\" class=\"tootedbottle-set-menual\" src=\"https:\/\/varskaoriginaal.ee\/wp-content\/uploads\/2024\/11\/Varska-Originaal-aluseline-ilma-gaasita-3.png\" alt=\"\">\n                    <h2 class=\"topset-tooted\">V\u00e4rska Natural <br>Carbonated<\/h2>\n                <\/a>\n            <\/div>\n        <\/div>\n    <\/div>\n\n    <div class=\"col-lg-3 col-sm-6 col-6 tootedmain-div-section\">\n        <div class=\"tooted-tdlightgreen-container\">\n            <div class=\"product-main-page-div-bottle-set-color\">\n                <a href=\"https:\/\/varskaoriginaal.ee\/en\/tooted\/varska-naturaal-gaasita\/\">\n                    <img decoding=\"async\" class=\"tootedbottle-set-menual\" src=\"https:\/\/varskaoriginaal.ee\/wp-content\/uploads\/2024\/11\/Varska-Originaal-aluseline-ilma-gaasita-4.png\" alt=\"\">\n                    <h2 class=\"topset-tooted\">V\u00e4rska Natural <br>Still<\/h2>\n                <\/a>\n            <\/div>\n        <\/div>\n    <\/div>\n\n    <div class=\"col-lg-3 col-sm-6 col-6 tootedmain-div-section\">\n        <div class=\"tooted-tdlightgreen-container\">\n            <div class=\"product-main-page-div-bottle-set-color\">\n                <a href=\"https:\/\/varskaoriginaal.ee\/en\/tooted\/varska-naturaal-gaasiga-klaaspudelis\/\">\n                    <img decoding=\"async\" src=\"https:\/\/varskaoriginaal.ee\/wp-content\/uploads\/2024\/08\/Frame-3-10.png\" alt=\"\">\n                    <h2>V\u00e4rska Natural <br>Glass Bottle<\/h2>\n                <\/a>\n            <\/div>\n        <\/div>\n    <\/div>\n\n    <div class=\"col-lg-3 col-sm-6 col-6 tootedmain-div-section\">\n        <div class=\"tooted-tdlightgreen-container\">\n            <div class=\"product-main-page-div-bottle-set-color\">\n                <a href=\"https:\/\/varskaoriginaal.ee\/en\/tooted\/varska-naturaal-gaasita-klaaspudelis\/\">\n                    <img decoding=\"async\" src=\"https:\/\/varskaoriginaal.ee\/wp-content\/uploads\/2024\/08\/Frame-3-11.png\" alt=\"\">\n                    <h2>V\u00e4rska Natural <br>Glass Bottle<\/h2>\n                <\/a>\n            <\/div>\n        <\/div>\n    <\/div>\n\n<\/div>\n\n\n<!-- row 4 -->\n<div class=\"row\">\n\n    <div class=\"col-lg-3 col-sm-6 col-6 tootedmain-div-section\">\n        <div class=\"tooted-tdlightgrap-container\">\n            <div class=\"product-main-page-div-bottle-set-color\">\n                <a href=\"https:\/\/varskaoriginaal.ee\/en\/tooted\/varska-naturaal-plus-apelsin-passion\/\">\n                    <img decoding=\"async\" src=\"https:\/\/varskaoriginaal.ee\/wp-content\/uploads\/2024\/08\/Frame-3-12.png\" alt=\"\">\n                    <h2>V\u00e4rska Naturaal Plus Orange + Passion<\/h2>\n                <\/a>\n            <\/div>\n        <\/div>\n    <\/div>\n\n    <div class=\"col-lg-3 col-sm-6 col-6 tootedmain-div-section\">\n        <div class=\"tooted-tdlightbitgreen-container\">\n            <div class=\"product-main-page-div-bottle-set-color\">\n                <a href=\"https:\/\/varskaoriginaal.ee\/en\/tooted\/varska-naturaal-plusaloe-vera-yuzu\/\">\n                    <img decoding=\"async\" src=\"https:\/\/varskaoriginaal.ee\/wp-content\/uploads\/2024\/08\/Frame-3-13.png\" alt=\"\">\n                    <h2>V\u00e4rska Naturaal Plus <br>Aloe Vera + Yuzu<\/h2>\n                <\/a>\n            <\/div>\n        <\/div>\n    <\/div>\n\n    <div class=\"col-lg-3 col-sm-6 col-6 tootedmain-div-section\">\n        <div class=\"tooted-tdlightdrakpink-container\">\n            <div class=\"product-main-page-div-bottle-set-color\">\n                <a href=\"https:\/\/varskaoriginaal.ee\/en\/tooted\/varska-naturaal-plus-goji-johvikas\/\">\n                    <img decoding=\"async\" src=\"https:\/\/varskaoriginaal.ee\/wp-content\/uploads\/2024\/08\/Frame-3-14.png\" alt=\"\">\n                    <h2>V\u00e4rska Naturaal Plus <br>Goji + Cranberry<\/h2>\n                <\/a>\n            <\/div>\n        <\/div>\n    <\/div>\n\n    <div class=\"col-lg-3 col-sm-6 col-6 tootedmain-div-section\">\n        <div class=\"tooted-tdlightgrap-container\">\n            <div class=\"product-main-page-div-bottle-set-color toode-img-height\">\n                <a href=\"https:\/\/varskaoriginaal.ee\/en\/tooted\/varska-naturaal-plus-pirn-oun\/\">\n                    <img decoding=\"async\" src=\"https:\/\/varskaoriginaal.ee\/wp-content\/uploads\/2026\/04\/VO_NaturaalPlus_15PET_Pirn6un_est.png\" alt=\"\">\n                    <h2>V\u00e4rska Naturaal Plus <br\/> Pear-Apple<\/h2>\n                <\/a>\n            <\/div>\n        <\/div>\n    <\/div>\n\n<\/div>\n\n\n<!-- row 5 -->\n<div class=\"row\">\n\n    <div class=\"col-lg-3 col-sm-6 col-6 tootedmain-div-section\">\n        <div class=\"tooted-tdlightcamel-container\">\n            <div class=\"product-main-page-div-bottle-set-color\">\n                <a href=\"https:\/\/varskaoriginaal.ee\/en\/tooted\/varska-vurtsvasserpirn\/\">\n                    <img decoding=\"async\" src=\"https:\/\/varskaoriginaal.ee\/wp-content\/uploads\/2024\/08\/Frame-3-16.png\" alt=\"\">\n                    <h2>V\u00e4rska Vurtsvasser <br>Pear<\/h2>\n                <\/a>\n            <\/div>\n        <\/div>\n    <\/div>\n\n    <div class=\"col-lg-3 col-sm-6 col-6 tootedmain-div-section\">\n        <div class=\"tooted-tddarkgreen-container\">\n            <div class=\"product-main-page-div-bottle-set-color\">\n                <a href=\"https:\/\/varskaoriginaal.ee\/en\/tooted\/varska-vurtsvasseroun\/\">\n                    <img decoding=\"async\" src=\"https:\/\/varskaoriginaal.ee\/wp-content\/uploads\/2024\/08\/Frame-3-17.png\" alt=\"\">\n                    <h2>V\u00e4rska Vurtsvasser <br>Apple<\/h2>\n                <\/a>\n            <\/div>\n        <\/div>\n    <\/div>\n\n    <div class=\"col-lg-3 col-sm-6 col-6 tootedmain-div-section\">\n        <div class=\"tooted-tdlightbabypink-container\">\n            <div class=\"product-main-page-div-bottle-set-color\">\n                <a href=\"https:\/\/varskaoriginaal.ee\/en\/tooted\/varska-vurtsvasser-rabarberi-vaarika\/\">\n                    <img decoding=\"async\" src=\"https:\/\/varskaoriginaal.ee\/wp-content\/uploads\/2024\/08\/Frame-3-18.png\" alt=\"\">\n                    <h2>V\u00e4rska Vurtsvasser <br>Rhubarb-Raspberry<\/h2>\n                <\/a>\n            <\/div>\n        <\/div>\n    <\/div>\n\n    <div class=\"col-lg-3 col-sm-6 col-6 tootedmain-div-section\">\n        <div class=\"tooted-tdlightenclorsky-container\">\n            <div class=\"product-main-page-div-bottle-set-color\">\n                <a href=\"https:\/\/varskaoriginaal.ee\/en\/tooted\/well-aloe-vera-laim\/\">\n                    <img decoding=\"async\" src=\"https:\/\/varskaoriginaal.ee\/wp-content\/uploads\/2025\/03\/Varska-Well-aloe-vera-laim.png\" alt=\"\">\n                    <h2>V\u00e4rska Well <br>Aloe Vera-Lime<\/h2>\n                <\/a>\n            <\/div>\n        <\/div>\n    <\/div>\n\n<\/div>\n\n\n<!-- row 6 -->\n<div class=\"row\">\n\n    <div class=\"col-lg-3 col-sm-6 col-6 tootedmain-div-section\">\n        <div class=\"tooted-tdlightenclorpink-container\">\n            <div class=\"product-main-page-div-bottle-set-color\">\n                <a href=\"https:\/\/varskaoriginaal.ee\/en\/tooted\/well-goji-granaatoun\/\">\n                    <img decoding=\"async\" src=\"https:\/\/varskaoriginaal.ee\/wp-content\/uploads\/2025\/03\/Varska-Well-goji-granaatoun.png\" alt=\"\">\n                    <h2>V\u00e4rska Well <br>Goji-Pomegranate<\/h2>\n                <\/a>\n            <\/div>\n        <\/div>\n    <\/div>\n\n    <div class=\"col-lg-3 col-sm-6 col-6 tootedmain-div-section\">\n        <div class=\"tooted-tdlightjamun-container\">\n            <div class=\"product-main-page-div-bottle-set-color\">\n                <a href=\"https:\/\/varskaoriginaal.ee\/en\/tooted\/well-mustsostar-munt\/\">\n                    <img decoding=\"async\" src=\"https:\/\/varskaoriginaal.ee\/wp-content\/uploads\/2025\/03\/VarskaWell_BM-1.png\" alt=\"\">\n                    <h2>V\u00e4rska Well <br>Blackcurrant-Mint<\/h2>\n                <\/a>\n            <\/div>\n        <\/div>\n    <\/div>\n\n    <!-- hidden stays hidden -->\n    <div class=\"col-lg-3 col-sm-6 col-6 tootedmain-div-section\" style=\"display:none;\">\n        <div class=\"tooted-orange-container\">\n            <div class=\"product-main-page-div-bottle-set-color\">\n                <a href=\"https:\/\/varskaoriginaal.ee\/en\/tooted\/energy-wellyuzu-sidrun\/\">\n                    <img decoding=\"async\" src=\"https:\/\/varskaoriginaal.ee\/wp-content\/uploads\/2024\/08\/Frame-3-21.png\" alt=\"\">\n                    <h2>V\u00e4rska Well <br>blackcurrant-mint<\/h2>\n                <\/a>\n            <\/div>\n        <\/div>\n    <\/div>\n\n<\/div>\n\n<\/div><\/div><\/div><\/div><\/div><\/div><\/div><\/div><\/div><\/div><\/div>","protected":false},"excerpt":{"rendered":"<p>Meie tooted V\u00e4rska Vurtsvasser Kirsi-Aroonia V\u00e4rska Magneesium laim V\u00e4rska Magneesium V\u00e4rska Originaal V\u00e4rska Originaal aluseline V\u00e4rska Originaal klaaspudelis V\u00e4rska Sidrun [&hellip;]<\/p>\n","protected":false},"author":5,"featured_media":0,"parent":0,"menu_order":0,"comment_status":"closed","ping_status":"closed","template":"","meta":{"inline_featured_image":false,"site-sidebar-layout":"no-sidebar","site-content-layout":"","ast-site-content-layout":"full-width-container","site-content-style":"default","site-sidebar-style":"default","ast-global-header-display":"","ast-banner-title-visibility":"","ast-main-header-display":"","ast-hfb-above-header-display":"","ast-hfb-below-header-display":"","ast-hfb-mobile-header-display":"","site-post-title":"disabled","ast-breadcrumbs-content":"","ast-featured-img":"","footer-sml-layout":"","ast-disable-related-posts":"","theme-transparent-header-meta":"default","adv-header-id-meta":"","stick-header-meta":"enabled","header-above-stick-meta":"","header-main-stick-meta":"on","header-below-stick-meta":"","astra-migrate-meta-layouts":"set","ast-page-background-enabled":"default","ast-page-background-meta":{"desktop":{"background-color":"var(--ast-global-color-4)","background-image":"","background-repeat":"repeat","background-position":"center center","background-size":"auto","background-attachment":"scroll","background-type":"","background-media":"","overlay-type":"","overlay-color":"","overlay-opacity":"","overlay-gradient":""},"tablet":{"background-color":"","background-image":"","background-repeat":"repeat","background-position":"center center","background-size":"auto","background-attachment":"scroll","background-type":"","background-media":"","overlay-type":"","overlay-color":"","overlay-opacity":"","overlay-gradient":""},"mobile":{"background-color":"","background-image":"","background-repeat":"repeat","background-position":"center center","background-size":"auto","background-attachment":"scroll","background-type":"","background-media":"","overlay-type":"","overlay-color":"","overlay-opacity":"","overlay-gradient":""}},"ast-content-background-meta":{"desktop":{"background-color":"var(--ast-global-color-5)","background-image":"","background-repeat":"repeat","background-position":"center center","background-size":"auto","background-attachment":"scroll","background-type":"","background-media":"","overlay-type":"","overlay-color":"","overlay-opacity":"","overlay-gradient":""},"tablet":{"background-color":"var(--ast-global-color-5)","background-image":"","background-repeat":"repeat","background-position":"center center","background-size":"auto","background-attachment":"scroll","background-type":"","background-media":"","overlay-type":"","overlay-color":"","overlay-opacity":"","overlay-gradient":""},"mobile":{"background-color":"var(--ast-global-color-5)","background-image":"","background-repeat":"repeat","background-position":"center center","background-size":"auto","background-attachment":"scroll","background-type":"","background-media":"","overlay-type":"","overlay-color":"","overlay-opacity":"","overlay-gradient":""}},"footnotes":""},"class_list":["post-168","page","type-page","status-publish","hentry"],"yoast_head":"<!-- This site is optimized with the Yoast SEO plugin v27.3 - https:\/\/yoast.com\/product\/yoast-seo-wordpress\/ -->\n<title>Meie tooted - V\u00e4rska Originaal<\/title>\n<meta name=\"description\" content=\"Meie maap\u00f5ues peitub vesi, mis on oma parimal kujul: looduslik mineraalvesi. Tutvu k\u00f5ikide V\u00e4rska Originaali toodetega!\" \/>\n<meta name=\"robots\" content=\"index, follow, max-snippet:-1, max-image-preview:large, max-video-preview:-1\" \/>\n<link rel=\"canonical\" href=\"https:\/\/varskaoriginaal.ee\/en\/tooted\/\" \/>\n<meta property=\"og:locale\" content=\"en_US\" \/>\n<meta property=\"og:type\" content=\"article\" \/>\n<meta property=\"og:title\" content=\"Meie tooted - V\u00e4rska Originaal\" \/>\n<meta property=\"og:description\" content=\"Meie maap\u00f5ues peitub vesi, mis on oma parimal kujul: looduslik mineraalvesi. Tutvu k\u00f5ikide V\u00e4rska Originaali toodetega!\" \/>\n<meta property=\"og:url\" content=\"https:\/\/varskaoriginaal.ee\/en\/tooted\/\" \/>\n<meta property=\"og:site_name\" content=\"V\u00e4rska Originaal\" \/>\n<meta property=\"article:modified_time\" content=\"2026-04-30T13:26:28+00:00\" \/>\n<meta name=\"twitter:card\" content=\"summary_large_image\" \/>\n<meta name=\"twitter:label1\" content=\"Est. reading time\" \/>\n\t<meta name=\"twitter:data1\" content=\"5 minutes\" \/>\n<script type=\"application\/ld+json\" class=\"yoast-schema-graph\">{\"@context\":\"https:\\\/\\\/schema.org\",\"@graph\":[{\"@type\":\"WebPage\",\"@id\":\"https:\\\/\\\/varskaoriginaal.ee\\\/tooted\\\/\",\"url\":\"https:\\\/\\\/varskaoriginaal.ee\\\/tooted\\\/\",\"name\":\"Meie tooted - V\u00e4rska Originaal\",\"isPartOf\":{\"@id\":\"https:\\\/\\\/varskaoriginaal.ee\\\/en\\\/#website\"},\"datePublished\":\"2024-07-16T16:31:32+00:00\",\"dateModified\":\"2026-04-30T13:26:28+00:00\",\"description\":\"Meie maap\u00f5ues peitub vesi, mis on oma parimal kujul: looduslik mineraalvesi. Tutvu k\u00f5ikide V\u00e4rska Originaali toodetega!\",\"breadcrumb\":{\"@id\":\"https:\\\/\\\/varskaoriginaal.ee\\\/tooted\\\/#breadcrumb\"},\"inLanguage\":\"en-US\",\"potentialAction\":[{\"@type\":\"ReadAction\",\"target\":[\"https:\\\/\\\/varskaoriginaal.ee\\\/tooted\\\/\"]}]},{\"@type\":\"BreadcrumbList\",\"@id\":\"https:\\\/\\\/varskaoriginaal.ee\\\/tooted\\\/#breadcrumb\",\"itemListElement\":[{\"@type\":\"ListItem\",\"position\":1,\"name\":\"Home\",\"item\":\"https:\\\/\\\/varskaoriginaal.ee\\\/\"},{\"@type\":\"ListItem\",\"position\":2,\"name\":\"Tooted\"}]},{\"@type\":\"WebSite\",\"@id\":\"https:\\\/\\\/varskaoriginaal.ee\\\/en\\\/#website\",\"url\":\"https:\\\/\\\/varskaoriginaal.ee\\\/en\\\/\",\"name\":\"V\u00e4rska Originaal\",\"description\":\"V\u00e4rska Originaal\",\"publisher\":{\"@id\":\"https:\\\/\\\/varskaoriginaal.ee\\\/en\\\/#organization\"},\"potentialAction\":[{\"@type\":\"SearchAction\",\"target\":{\"@type\":\"EntryPoint\",\"urlTemplate\":\"https:\\\/\\\/varskaoriginaal.ee\\\/en\\\/?s={search_term_string}\"},\"query-input\":{\"@type\":\"PropertyValueSpecification\",\"valueRequired\":true,\"valueName\":\"search_term_string\"}}],\"inLanguage\":\"en-US\"},{\"@type\":\"Organization\",\"@id\":\"https:\\\/\\\/varskaoriginaal.ee\\\/en\\\/#organization\",\"name\":\"V\u00e4rska Originaal\",\"url\":\"https:\\\/\\\/varskaoriginaal.ee\\\/en\\\/\",\"logo\":{\"@type\":\"ImageObject\",\"inLanguage\":\"en-US\",\"@id\":\"https:\\\/\\\/varskaoriginaal.ee\\\/en\\\/#\\\/schema\\\/logo\\\/image\\\/\",\"url\":\"https:\\\/\\\/varskaoriginaal.ee\\\/wp-content\\\/uploads\\\/2024\\\/07\\\/Group-4.svg\",\"contentUrl\":\"https:\\\/\\\/varskaoriginaal.ee\\\/wp-content\\\/uploads\\\/2024\\\/07\\\/Group-4.svg\",\"width\":81,\"height\":55,\"caption\":\"V\u00e4rska Originaal\"},\"image\":{\"@id\":\"https:\\\/\\\/varskaoriginaal.ee\\\/en\\\/#\\\/schema\\\/logo\\\/image\\\/\"}}]}<\/script>\n<!-- \/ Yoast SEO plugin. -->","yoast_head_json":{"title":"Meie tooted - V\u00e4rska Originaal","description":"Meie maap\u00f5ues peitub vesi, mis on oma parimal kujul: looduslik mineraalvesi. Tutvu k\u00f5ikide V\u00e4rska Originaali toodetega!","robots":{"index":"index","follow":"follow","max-snippet":"max-snippet:-1","max-image-preview":"max-image-preview:large","max-video-preview":"max-video-preview:-1"},"canonical":"https:\/\/varskaoriginaal.ee\/en\/tooted\/","og_locale":"en_US","og_type":"article","og_title":"Meie tooted - V\u00e4rska Originaal","og_description":"Meie maap\u00f5ues peitub vesi, mis on oma parimal kujul: looduslik mineraalvesi. Tutvu k\u00f5ikide V\u00e4rska Originaali toodetega!","og_url":"https:\/\/varskaoriginaal.ee\/en\/tooted\/","og_site_name":"V\u00e4rska Originaal","article_modified_time":"2026-04-30T13:26:28+00:00","twitter_card":"summary_large_image","twitter_misc":{"Est. reading time":"5 minutes"},"schema":{"@context":"https:\/\/schema.org","@graph":[{"@type":"WebPage","@id":"https:\/\/varskaoriginaal.ee\/tooted\/","url":"https:\/\/varskaoriginaal.ee\/tooted\/","name":"Meie tooted - V\u00e4rska Originaal","isPartOf":{"@id":"https:\/\/varskaoriginaal.ee\/en\/#website"},"datePublished":"2024-07-16T16:31:32+00:00","dateModified":"2026-04-30T13:26:28+00:00","description":"Meie maap\u00f5ues peitub vesi, mis on oma parimal kujul: looduslik mineraalvesi. Tutvu k\u00f5ikide V\u00e4rska Originaali toodetega!","breadcrumb":{"@id":"https:\/\/varskaoriginaal.ee\/tooted\/#breadcrumb"},"inLanguage":"en-US","potentialAction":[{"@type":"ReadAction","target":["https:\/\/varskaoriginaal.ee\/tooted\/"]}]},{"@type":"BreadcrumbList","@id":"https:\/\/varskaoriginaal.ee\/tooted\/#breadcrumb","itemListElement":[{"@type":"ListItem","position":1,"name":"Home","item":"https:\/\/varskaoriginaal.ee\/"},{"@type":"ListItem","position":2,"name":"Tooted"}]},{"@type":"WebSite","@id":"https:\/\/varskaoriginaal.ee\/en\/#website","url":"https:\/\/varskaoriginaal.ee\/en\/","name":"V\u00e4rska Original","description":"V\u00e4rska Original","publisher":{"@id":"https:\/\/varskaoriginaal.ee\/en\/#organization"},"potentialAction":[{"@type":"SearchAction","target":{"@type":"EntryPoint","urlTemplate":"https:\/\/varskaoriginaal.ee\/en\/?s={search_term_string}"},"query-input":{"@type":"PropertyValueSpecification","valueRequired":true,"valueName":"search_term_string"}}],"inLanguage":"en-US"},{"@type":"Organization","@id":"https:\/\/varskaoriginaal.ee\/en\/#organization","name":"V\u00e4rska Original","url":"https:\/\/varskaoriginaal.ee\/en\/","logo":{"@type":"ImageObject","inLanguage":"en-US","@id":"https:\/\/varskaoriginaal.ee\/en\/#\/schema\/logo\/image\/","url":"https:\/\/varskaoriginaal.ee\/wp-content\/uploads\/2024\/07\/Group-4.svg","contentUrl":"https:\/\/varskaoriginaal.ee\/wp-content\/uploads\/2024\/07\/Group-4.svg","width":81,"height":55,"caption":"V\u00e4rska Originaal"},"image":{"@id":"https:\/\/varskaoriginaal.ee\/en\/#\/schema\/logo\/image\/"}}]}},"_links":{"self":[{"href":"https:\/\/varskaoriginaal.ee\/en\/wp-json\/wp\/v2\/pages\/168","targetHints":{"allow":["GET"]}}],"collection":[{"href":"https:\/\/varskaoriginaal.ee\/en\/wp-json\/wp\/v2\/pages"}],"about":[{"href":"https:\/\/varskaoriginaal.ee\/en\/wp-json\/wp\/v2\/types\/page"}],"author":[{"embeddable":true,"href":"https:\/\/varskaoriginaal.ee\/en\/wp-json\/wp\/v2\/users\/5"}],"replies":[{"embeddable":true,"href":"https:\/\/varskaoriginaal.ee\/en\/wp-json\/wp\/v2\/comments?post=168"}],"version-history":[{"count":48,"href":"https:\/\/varskaoriginaal.ee\/en\/wp-json\/wp\/v2\/pages\/168\/revisions"}],"predecessor-version":[{"id":2536,"href":"https:\/\/varskaoriginaal.ee\/en\/wp-json\/wp\/v2\/pages\/168\/revisions\/2536"}],"wp:attachment":[{"href":"https:\/\/varskaoriginaal.ee\/en\/wp-json\/wp\/v2\/media?parent=168"}],"curies":[{"name":"wp","href":"https:\/\/api.w.org\/{rel}","templated":true}]}}